{"id":1243,"date":"2016-09-30T09:42:18","date_gmt":"2016-09-30T07:42:18","guid":{"rendered":"http:\/\/gs-ravne.splet.arnes.si\/?page_id=1243"},"modified":"2017-06-06T09:52:11","modified_gmt":"2017-06-06T07:52:11","slug":"javni-nastopi-201617","status":"publish","type":"page","link":"https:\/\/www.gs-ravne.si\/?page_id=1243","title":{"rendered":"Javni nastopi 2016\/17"},"content":{"rendered":"<h5><strong>OB\u010cINA RAVNE NA KORO\u0160KEM<\/strong><\/h5>\n<hr \/>\n<h5><strong>22. 11. 2016 Programski list\u00a0<a href=\"http:\/\/gs-ravne.splet.arnes.si\/files\/2016\/09\/Javni-nastop-u\u010dencev-22.11.2016-Ofak.pdf\">Programski list<\/a><\/strong><br \/>\nKULTURNI CENTER RAVNE NA KORO\u0160KEM<br \/>\nOrganizator: Andrej Ofak<br \/>\nSodelujo\u010di u\u010ditelji: Tina Kseneman, Samo Kolar, Tatjana Sagernik Kova\u010di\u010d, Davorin Jev\u0161nikar \u00a0 \u00a0 \u00a0 \u00a0 \u00a0 \u00a0 \u00a0 \u00a0\u00a0\u00a0\u00a0\u00a0 Umetni\u0161ka sodelavka: Petra Delopst<\/h5>\n<h5><strong>12. 12. 2016 <a href=\"http:\/\/gs-ravne.splet.arnes.si\/files\/2016\/09\/Javni-nastop-u\u010dencev-12.12.2016-Sagernik-Kova\u010di\u010d.pdf\">Programski list<\/a><\/strong><br \/>\nKULTURNI CENTER RAVNE NA KORO\u0160KEM<br \/>\nOrganizatorka: Tatjana Sagernik Kova\u010di\u010d<br \/>\nSodelujo\u010di u\u010ditelji: Du\u0161an \u0160triker, Janez Miklav\u017eina, Nadja Ro\u0161er, Aleksander Kotnik \u00a0 \u00a0 \u00a0 \u00a0 \u00a0\u00a0 \u00a0\u00a0\u00a0\u00a0\u00a0\u00a0\u00a0\u00a0\u00a0\u00a0\u00a0\u00a0\u00a0\u00a0\u00a0\u00a0\u00a0 \u00a0\u00a0\u00a0\u00a0\u00a0\u00a0\u00a0\u00a0\u00a0 Umetni\u0161ki sodelavki: Renata Mirkac, Sta\u0161a Skarlovnik<\/h5>\n<h5><strong>20. 12. 2016 <\/strong>(Koncert Simfoni\u010dnega orkestra s solo pevci G\u0160 Slovenj Gradec) <strong><a href=\"http:\/\/gs-ravne.splet.arnes.si\/files\/2016\/09\/Bo\u017ei\u010dno-novoletni-koncert-simfoni\u010dnega-orkestra-20.12.2016.pdf\">Programski list<\/a><\/strong><br \/>\nKULTURNI CENTER RAVNE NA KORO\u0160KEM<br \/>\nOrganizator: \u0110or\u0111e Berak<br \/>\nSodelujo\u010di u\u010ditelji: u\u010ditelji godal in plesne pripravnice<\/h5>\n<h5><strong>24. 1. 2017<\/strong> (Javni nastop pihalcev in tekmovalcev)\u00a0<strong><a href=\"http:\/\/gs-ravne.splet.arnes.si\/files\/2016\/09\/Javni-nastop-u\u010dencev-24.1.2017-Ro\u0161er.pdf\">Programski list<\/a><\/strong><br \/>\nKULTURNI CENTER RAVNE NA KORO\u0160KEM<br \/>\nOrganizatorka: Nadja Ro\u0161er<br \/>\nSodelujo\u010di u\u010ditelji: vsi u\u010ditelji pihal in mentorji tekmovalcev<\/h5>\n<h5><strong>14. 2. 2017 <a href=\"http:\/\/gs-ravne.splet.arnes.si\/files\/2016\/09\/Javni-nastop-u\u010dencev-oddelka-Ravne-14.02.2017-Kseneman.pdf\">Programski list<\/a><\/strong><br \/>\nKULTURNI CENTER RAVNE NA KORO\u0160KEM<br \/>\nOrganizatorka: Tina Kseneman<br \/>\nSodelujo\u010di u\u010ditelji: Valerija Pisar, Marko Strm\u010dnik, Jo\u017ee Mandl, Anita Zadravec, Nadja Ro\u0161er, Bla\u017e Satler, Marko Prijatelj \u00a0 \u00a0 \u00a0 \u00a0 \u00a0 \u00a0\u00a0\u00a0\u00a0\u00a0\u00a0\u00a0\u00a0\u00a0\u00a0\u00a0\u00a0\u00a0\u00a0\u00a0\u00a0\u00a0\u00a0\u00a0\u00a0\u00a0\u00a0\u00a0\u00a0\u00a0\u00a0\u00a0\u00a0\u00a0\u00a0\u00a0\u00a0\u00a0\u00a0\u00a0\u00a0\u00a0\u00a0\u00a0\u00a0\u00a0\u00a0\u00a0\u00a0\u00a0\u00a0\u00a0\u00a0\u00a0\u00a0\u00a0\u00a0\u00a0\u00a0\u00a0\u00a0\u00a0\u00a0\u00a0\u00a0\u00a0\u00a0\u00a0\u00a0\u00a0\u00a0\u00a0\u00a0\u00a0\u00a0\u00a0\u00a0\u00a0\u00a0\u00a0\u00a0\u00a0\u00a0\u00a0\u00a0\u00a0\u00a0\u00a0\u00a0\u00a0\u00a0\u00a0\u00a0\u00a0\u00a0\u00a0\u00a0\u00a0\u00a0\u00a0\u00a0\u00a0\u00a0\u00a0\u00a0\u00a0\u00a0\u00a0\u00a0\u00a0\u00a0\u00a0\u00a0\u00a0\u00a0\u00a0\u00a0\u00a0\u00a0\u00a0\u00a0\u00a0\u00a0\u00a0\u00a0\u00a0\u00a0\u00a0\u00a0\u00a0\u00a0\u00a0\u00a0\u00a0\u00a0\u00a0\u00a0\u00a0\u00a0\u00a0\u00a0\u00a0\u00a0\u00a0\u00a0\u00a0\u00a0\u00a0\u00a0\u00a0\u00a0\u00a0\u00a0\u00a0\u00a0\u00a0\u00a0\u00a0\u00a0\u00a0\u00a0\u00a0 Umetni\u0161ka sodelavka: Sta\u0161a Skarlovnik<\/h5>\n<h5><strong>7. 3. 2017 <a href=\"http:\/\/gs-ravne.splet.arnes.si\/files\/2016\/09\/Javni-nastop-u\u010dencev-oddelka-Ravne-07.03.2017-Mandl.pdf\">Programski list<\/a><\/strong><br \/>\nKULTURNI CENTER RAVNE NA KORO\u0160KEM<br \/>\nOrganizator: Jo\u017ee Mandl<br \/>\nSodelujo\u010di u\u010ditelji: Renata Mirkac, Jerica \u017dge\u010d, \u0110or\u0111e Berak, Melita Stropnik, Gregor Kova\u010di\u010d \u00a0 \u00a0 \u00a0 \u00a0\u00a0 \u00a0 \u00a0 \u00a0 \u00a0 \u00a0 \u00a0\u00a0 Umetni\u0161ka sodelavka: Petra Delopst, Sta\u0161a Skarlovnik, Renata Mirkac<\/h5>\n<h5><strong>28. 3. 2017<\/strong> (Javni nastop pianistov)\u00a0<strong><a href=\"http:\/\/gs-ravne.splet.arnes.si\/files\/2016\/09\/Javni-nastop-pianistov-28.03.2017-Delopst.pdf\">Programski list<\/a><\/strong><br \/>\nKULTURNI CENTER RAVNE NA KORO\u0160KEM<br \/>\nOrganizatorka: Petra Delopst<br \/>\nSodelujo\u010di u\u010ditelji: vsi u\u010ditelji klavirja<\/h5>\n<h5><strong>23. 5. 2017 <\/strong>(Koncert orkestrov \u0161ole)\u00a0<strong><a href=\"http:\/\/gs-ravne.splet.arnes.si\/files\/2016\/09\/Zaklju\u010dni-koncert-orkestrov-23.5.2017.pdf\">Programski list<\/a><\/strong><br \/>\nKULTURNI CENTER RAVNE NA KORO\u0160KEM<br \/>\nOrganizator: Aleksander Kotnik<br \/>\nSodelujo\u010di u\u010ditelji: vsi<\/h5>\n<h5><strong>30. 5. 2017 <\/strong>(Javni nastop plesne pripravnice v sodelovanju z G\u0160 Slovenj Gradec)<br \/>\nKULTURNI CENTER RAVNE NA KORO\u0160KEM<br \/>\nOrganizator: Aleksander Kotnik<br \/>\nSodelujo\u010di u\u010ditelji: u\u010ditelji plesne pripravnice in baleta<\/h5>\n<h5><strong>6. 6. 2017<\/strong> (Javni nastop u\u010dencev 1. razredov)\u00a0<strong><a href=\"http:\/\/gs-ravne.splet.arnes.si\/files\/2016\/09\/Zaklju\u010dni-koncert-1.-razredov-6.6.2017-\u0160triker.pdf\">Programski list<\/a><\/strong><br \/>\nKULTURNI CENTER RAVNE NA KORO\u0160KEM<br \/>\nOrganizator: Du\u0161an \u0160triker<br \/>\nSodelujo\u010di u\u010ditelji: vsi u\u010ditelji 1. razredov<\/h5>\n<h5><strong>OB\u010cINA PREVALJE<\/strong><\/h5>\n<hr \/>\n<h5><strong>15. 12. 2016 <a href=\"http:\/\/gs-ravne.splet.arnes.si\/files\/2016\/09\/Javni-nastop-u\u010dencev-15.12.2016-Zadravec1.pdf\">Programski list<\/a><\/strong><br \/>\nGLASBENA U\u010cILNICA O\u0160 PREVALJE<br \/>\nOrganizatorka: Anita Zadravec<br \/>\nSodelujo\u010di u\u010ditelji: vsi u\u010ditelji oddelka<\/h5>\n<h5><strong>20. 4. 2017 <\/strong>(Zaklju\u010dni koncert)\u00a0<strong><a href=\"http:\/\/gs-ravne.splet.arnes.si\/files\/2016\/09\/Zaklju\u010dni-koncert-oddelka-Prevalje-20.04.2017-Mirkac.pdf\">Programski list<\/a>\u00a0<em><a href=\"http:\/\/gs-ravne.splet.arnes.si\/?page_id=631&amp;album=7&amp;gallery=49\">GALERIJA<\/a><\/em><\/strong><br \/>\nDRU\u017dBENI DOM PREVALJE<br \/>\nOrganizatorka: Renata Mirkac<br \/>\nSodelujo\u010di u\u010ditelji: vsi u\u010ditelji oddelka<\/h5>\n<h5><strong>OB\u010cINA ME\u017dICA<\/strong><\/h5>\n<hr \/>\n<h5><strong>6. 12. 2016 <a href=\"http:\/\/gs-ravne.splet.arnes.si\/files\/2016\/09\/Javni-nastop-u\u010dencev-06.12.2016-Strm\u010dnik.pdf\">Programski list<\/a><\/strong><br \/>\nGLASBENI DOM ME\u017dICA<br \/>\nOrganizator: Marko Strm\u010dnik<br \/>\nSodelujo\u010di u\u010ditelji: vsi u\u010ditelji oddelka<\/h5>\n<h5><strong>16. 5. 2017 <\/strong>(Zaklju\u010dni koncert oddelka Me\u017eica in \u010crna na Koro\u0161kem)<br \/>\nNARODNI DOM ME\u017dICA\u00a0<strong><a href=\"http:\/\/gs-ravne.splet.arnes.si\/files\/2016\/09\/Zaklju\u010dni-koncert-Me\u017eica-\u010crna-15.5.2017-Miklav\u017eina.pdf\">Programski list<\/a>\u00a0<a href=\"http:\/\/gs-ravne.splet.arnes.si\/?page_id=631\" target=\"_blank\"><em>GALERIJA<\/em><\/a><\/strong><br \/>\nOrganizator: Janez Miklav\u017eina<br \/>\nSodelujo\u010di u\u010ditelji: vsi u\u010ditelji oddelka<\/h5>\n<h5><strong>OB\u010cINA \u010cRNA NA KORO\u0160KEM<\/strong><\/h5>\n<hr \/>\n<h5><strong>30. 11. 2016 <a href=\"http:\/\/gs-ravne.splet.arnes.si\/files\/2016\/09\/Javni-nastop-u\u010dencev-30.11.2016-\u0160triker.pdf\">Programski list<\/a><\/strong><br \/>\nU\u010cILNICA OSNOVNE \u0160OLE<br \/>\nOrganizator: Du\u0161an \u0160triker<br \/>\nSodelujo\u010di u\u010ditelji: vsi u\u010ditelji oddelka<\/h5>\n<h5><strong>4. 4. 2017<\/strong><br \/>\nKULTURNI DOM \u010cRNA NA KORO\u0160KEM\u00a0<strong><a href=\"http:\/\/gs-ravne.splet.arnes.si\/files\/2016\/09\/Javni-nastop-u\u010dencev-oddelka-\u010crna-04.04.2017-Buhvald.pdf\">Programski list<\/a><\/strong><br \/>\nOrganizatorka: Helena Buhvald Goren\u0161ek<br \/>\nSodelujo\u010di u\u010ditelji: vsi u\u010ditelji oddelka<\/h5>\n<h5><strong>OB\u010cINA DRAVOGRAD<\/strong><\/h5>\n<hr \/>\n<h5><strong>13. 12. 2016 <a href=\"http:\/\/gs-ravne.splet.arnes.si\/files\/2016\/09\/Javni-nastop-u\u010dencev-13.12.2016-Blaznik.pdf\">Programski list<\/a><\/strong><br \/>\nJEDILNICA OSNOVNE \u0160OLE<br \/>\nOrganizatorka: Polona Blaznik<br \/>\nSodelujo\u010di u\u010ditelji: vsi u\u010ditelji oddelka<\/h5>\n<h5><strong>9. 5. 2017 <\/strong>(Zaklju\u010dni koncert) <strong><a href=\"http:\/\/gs-ravne.splet.arnes.si\/files\/2016\/09\/Zaklju\u010dni-koncert-Dravograd-09.05.2017-Mori-A.-1.pdf\">Programski list<\/a><\/strong><br \/>\nJEDILNICA OSNOVNE \u0160OLE<br \/>\nOrganizatorka: Alenka Mori<br \/>\nSodelujo\u010di u\u010ditelji: vsi u\u010ditelji oddelka<\/h5>\n<h5><strong>OSTALI NASTOPI V \u0160OLSKEM LETU 2016\/2017<\/strong><\/h5>\n<hr \/>\n<h5><strong>20. 1. 2017<\/strong> \u2013 Revija glasbenih \u0161ol Koro\u0161ke, \u0160tejerske in Pomurja (Konservatorij za glasbo in balet Maribor)<br \/>\n<strong>13. 4. 2016<\/strong> \u2013 25. revija koro\u0161kih glasbenih \u0161ol (Kulturni center Ravne na Koro\u0161kem) <em><strong><a href=\"http:\/\/www.gs-ravne.si\/?page_id=631&amp;album=7&amp;gallery=45\" target=\"_blank\">GALERIJA<\/a><\/strong><\/em><\/h5>\n<h5>TEMSIG<br \/>\n<strong>1. do 8. 2. 2017<\/strong> \u2013 regijska tekmovanja na glasbenih \u0161olah v raznih krajih Slovenije<br \/>\n<strong>6. do 20. 3. 2017<\/strong> \u2013 dr\u017eavno tekmovanje na glasbenih \u0161olah v gorenjski regiji<br \/>\nTekmovanje je razpisano za naslednje tekmovalne discipline: TROBENTA, ROG, POZAVNA, TUBA, EVFONIJ, TOLKALA, HARMONIKA, TAMBURICA, KITARSKI DUO, KLAVIRSKI DUO, KOMORNE SKUPINE Z GODALI IN KLAVIRJEM TER JAZZ- SOLO.<br \/>\nZaklju\u010dni koncert bo <strong>23. 3. 2017<\/strong> na Konservatoriju za glasbo in balet Ljubljani.<\/h5>\n<h5>Udele\u017eba na drugih dr\u017eavnih in mednarodnih glasbenih tekmovanjih bo potekala na podlagi dogovora z u\u010ditelji in v okviru finan\u010dnih zmo\u017enosti.<\/h5>\n","protected":false},"excerpt":{"rendered":"<p>OB\u010cINA RAVNE NA KORO\u0160KEM 22. 11. 2016 Programski list\u00a0Programski list KULTURNI CENTER RAVNE NA KORO\u0160KEM Organizator: Andrej Ofak Sodelujo\u010di u\u010ditelji: Tina Kseneman, Samo Kolar, Tatjana Sagernik Kova\u010di\u010d, Davorin Jev\u0161nikar \u00a0 \u00a0 \u00a0 \u00a0 \u00a0 \u00a0 \u00a0 \u00a0\u00a0\u00a0\u00a0\u00a0 Umetni\u0161ka sodelavka: Petra &hellip; <a href=\"https:\/\/www.gs-ravne.si\/?page_id=1243\">Beri naprej <span class=\"meta-nav\">&rarr;<\/span><\/a><\/p>\n","protected":false},"author":2856,"featured_media":0,"parent":0,"menu_order":0,"comment_status":"closed","ping_status":"closed","template":"","meta":{"ngg_post_thumbnail":0,"footnotes":""},"class_list":["post-1243","page","type-page","status-publish","hentry"],"_links":{"self":[{"href":"https:\/\/www.gs-ravne.si\/index.php?rest_route=\/wp\/v2\/pages\/1243","targetHints":{"allow":["GET"]}}],"collection":[{"href":"https:\/\/www.gs-ravne.si\/index.php?rest_route=\/wp\/v2\/pages"}],"about":[{"href":"https:\/\/www.gs-ravne.si\/index.php?rest_route=\/wp\/v2\/types\/page"}],"author":[{"embeddable":true,"href":"https:\/\/www.gs-ravne.si\/index.php?rest_route=\/wp\/v2\/users\/2856"}],"replies":[{"embeddable":true,"href":"https:\/\/www.gs-ravne.si\/index.php?rest_route=%2Fwp%2Fv2%2Fcomments&post=1243"}],"version-history":[{"count":53,"href":"https:\/\/www.gs-ravne.si\/index.php?rest_route=\/wp\/v2\/pages\/1243\/revisions"}],"predecessor-version":[{"id":1555,"href":"https:\/\/www.gs-ravne.si\/index.php?rest_route=\/wp\/v2\/pages\/1243\/revisions\/1555"}],"wp:attachment":[{"href":"https:\/\/www.gs-ravne.si\/index.php?rest_route=%2Fwp%2Fv2%2Fmedia&parent=1243"}],"curies":[{"name":"wp","href":"https:\/\/api.w.org\/{rel}","templated":true}]}}