{"id":2079,"date":"2018-10-16T08:43:57","date_gmt":"2018-10-16T06:43:57","guid":{"rendered":"http:\/\/gs-ravne.splet.arnes.si\/?page_id=2079"},"modified":"2019-06-04T12:12:54","modified_gmt":"2019-06-04T10:12:54","slug":"javni-nastopi-201819","status":"publish","type":"page","link":"https:\/\/www.gs-ravne.si\/?page_id=2079","title":{"rendered":"Javni nastopi 2018\/19"},"content":{"rendered":"<h5><strong>Vsi nastopi se za\u010dnejo ob 18.30 uri.<\/strong><\/h5>\n<h5><span style=\"color: #000000\">OB\u010cINA RAVNE NA KORO\u0160KEM<\/span><\/h5>\n<hr \/>\n<h5><em><strong>KULTURNI CENTER RAVNE 27. november 2018 &#8211; <a href=\"http:\/\/gs-ravne.splet.arnes.si\/files\/2018\/10\/Javni-nastop-u\u010dencev-27.11.2018-\u0160triker-Sagernik-Kova\u010di\u010d.pdf\">programski list<\/a><\/strong><\/em><br \/>\nOrganizatorja: Tatjana Sagernik Kova\u010di\u010d \/ Du\u0161an \u0160triker<br \/>\nSodelujo\u010di u\u010ditelji: \u0110or\u0111e Berak, Aleksander Kotnik, Renata Mirkac, Jo\u017ee Mandl, Davorin Jev\u0161nikar, Tina Kseneman, Samo Kolar, Janez Miklav\u017eina, Melita Stropnik, Du\u0161an \u0160triker<br \/>\nUmetni\u0161ka sodelavka: Fia Seli\u010d, Petra Delopst, Sta\u0161a Skarlovnik, Helena Buhvald Goren\u0161ek<\/h5>\n<h5><em><strong>\u0160PORTNA DVORANA O\u0160 PRE\u017dIHOVEGA VORANCA 9. december 2018<\/strong><\/em><br \/>\n<em><strong>JAVNI NASTOP SIMFONI\u010cNEGA ORKESTRA IN BALETNIH PLESALCEV<\/strong><\/em><br \/>\nOrganizator: \u0110or\u0111e Berak<br \/>\nSodelujo\u010di u\u010ditelji: vsi u\u010ditelji godal, plesne pripravnice in baleta<\/h5>\n<h5><em><strong>KULTURNI CENTER RAVNE 29. januar 2019<\/strong><\/em><br \/>\n<em><strong>JAVNI NASTOP PIHALCEV IN TEKMOVALCEV &#8211;\u00a0<a href=\"http:\/\/gs-ravne.splet.arnes.si\/files\/2018\/10\/Javni-nastop-pihalcev-29.1.2019-Ro\u0161er.pdf\">programski list<\/a><\/strong><\/em><br \/>\nOrganizatorka: Nadja Ro\u0161er<br \/>\nSodelujo\u010di u\u010ditelji: vsi u\u010ditelji pihal, korepetitorji tekmovalcev<\/h5>\n<h5><em><strong>KULTURNI CENTER RAVNE 12. februar 2019\u00a0<a href=\"http:\/\/gs-ravne.splet.arnes.si\/files\/2018\/10\/Javni-nastop-u\u010dencev-oddelka-Ravne-12.02.2019-Mandl-1.pdf\">programski list<\/a><\/strong><\/em><br \/>\nOrganizator: Jo\u017ee Mandl<br \/>\nSodelujo\u010di u\u010ditelji: Valerija Pisar, Marko Strm\u010dnik, Jo\u017ee Mandl, Anita Zadravec, Bla\u017e Satler<br \/>\nUmetni\u0161ke sodelavke: Sta\u0161a Skarlovnik, Petra Delopst, Valentina \u010cas<\/h5>\n<h5><em><strong>KULTURNI CENTER RAVNE 12. marec 2019\u00a0<a href=\"http:\/\/gs-ravne.splet.arnes.si\/files\/2018\/10\/Javni-nastop-u\u010dencev-12.3.2019-Kova\u010di\u010d.pdf\">programski list<\/a><\/strong><\/em><br \/>\nOrganizator: Gregor Kova\u010di\u010d<br \/>\nSodelujo\u010di u\u010ditelji: Renata Mirkac, Jerica \u017dge\u010d, Melita Stropnik, Nadja Ro\u0161er, Andrej Ofak<br \/>\nUmetni\u0161ki sodelavki: Valentina \u010cas, Sta\u0161a Skarlovnik<\/h5>\n<h5><em><strong>KULTURNI CENTER RAVNE 19. marec 2019\u00a0<a href=\"http:\/\/gs-ravne.splet.arnes.si\/files\/2018\/10\/Javni-nastop-pianistov-19.3.2019-Mirkac.pdf\">programski list<\/a><\/strong><\/em><br \/>\n<em><strong>JAVNI NASTOP PIANISTOV<\/strong><\/em><br \/>\nOrganizatorka: Renata Mirkac<br \/>\nSodelujo\u010di u\u010ditelji: vsi u\u010ditelji klavirja<\/h5>\n<h5><em><strong>DVORANA G\u0160 RAVNE NA KORO\u0160KEM 23. april 2019\u00a0<a href=\"http:\/\/gs-ravne.splet.arnes.si\/files\/2018\/10\/Javni-nastop-u\u010dencev-oddelka-Ravne-23.4.2019-Kolar.pdf\">programski list<\/a><\/strong><\/em><br \/>\nOrganizator: Samo Kolar<br \/>\nSodelujo\u010di u\u010ditelji: vsi, ki \u0161e niso opravili nastopa do tega datuma<br \/>\nUmetni\u0161ki sodelavci: glede na razporeditev korepeticij po u\u010diteljih 2018\/19<\/h5>\n<h5><em><strong>KULTURNI CENTER RAVNE NA KORO\u0160KEM 21. maj 2019 <\/strong><\/em><br \/>\n<em><strong>KONCERT ORKESTROV \u0160OLE <a href=\"http:\/\/gs-ravne.splet.arnes.si\/files\/2018\/10\/Zaklju\u010dni-koncert-21.5.2019-1.pdf\">programski list<\/a><\/strong><\/em><br \/>\nOrganizator: Aleksander Kotnik<br \/>\nSodelujo\u010di u\u010ditelji: vsi<\/h5>\n<h5><em><strong>KULTURNI CENTER RAVNE maj 2019<\/strong><\/em><br \/>\n<em><strong>NASTOP BALETNIH PLESALCEV<\/strong><\/em><br \/>\nOrganizatorka: Elena Cioat\u00e1<br \/>\nSodelujo\u010di u\u010ditelji: po dogovoru<\/h5>\n<h5><em><strong>KULTURNI CENTER RAVNE 4. junij 2019<\/strong><\/em><br \/>\n<em><strong>NASTOP U\u010cENCEV PRVIH RAZREDOV\u00a0<a href=\"http:\/\/gs-ravne.splet.arnes.si\/files\/2018\/10\/Javni-nastop-1.-razredov-4.6.2019.pdf\">programski list<\/a><\/strong><\/em><br \/>\nOrganizatorka: Anita Zadravec<br \/>\nSodelujo\u010di u\u010ditelji: vsi u\u010ditelji 1. razredov pihal, trobil in tolkal<\/h5>\n<h5>OB\u010cINA PREVALJE<\/h5>\n<hr \/>\n<h5><em><strong>GLASBENA U\u010cILNICA OSNOVNE \u0160OLE 4. december 2018 &#8211;\u00a0<a href=\"http:\/\/gs-ravne.splet.arnes.si\/files\/2018\/10\/Javni-nastop-u\u010dencev-oddelka-Prevalje-4.12.2018-Skarlovnik-E.-2.pdf\">programski list<\/a><\/strong><\/em><br \/>\nOrganizatorka: Ela Skarlovnik<br \/>\nSodelujo\u010di u\u010ditelji: vsi u\u010ditelji oddelka<\/h5>\n<h5><em><strong>GLASBENA U\u010cILNICA OSNOVNE \u0160OLE 6. marec 2019 &#8211;\u00a0<a href=\"http:\/\/gs-ravne.splet.arnes.si\/files\/2018\/10\/Javni-nastop-u\u010dencev-6.3.2019-Strm\u010dnik.pdf\">programski list<\/a><\/strong><\/em><br \/>\nOrganizator: Marko Strm\u010dnik<br \/>\nSodelujo\u010di u\u010ditelji: vsi u\u010ditelji oddelka<\/h5>\n<h5><em><strong>DRU\u017dBENI DOM PREVALJE 25. april 2019\u00a0<a href=\"http:\/\/gs-ravne.splet.arnes.si\/files\/2018\/10\/Zaklju\u010dni-koncert-oddelka-Prevalje-25.4.2019-Mirkac-1.pdf\">programski list<\/a><\/strong><\/em><br \/>\n<em><strong>ZAKLJU\u010cNI KONCERT (sodelujejo otroci glasbene pripravnice)<\/strong><\/em><br \/>\nOrganizatorka: Renata Mirkac<br \/>\nSodelujo\u010di u\u010ditelji: vsi u\u010ditelji oddelka<\/h5>\n<h5>OB\u010cINA ME\u017dICA<\/h5>\n<hr \/>\n<h5><em><strong>GLASBENI DOM ME\u017dICA 11. december 2018 &#8211;\u00a0<a href=\"http:\/\/gs-ravne.splet.arnes.si\/files\/2018\/10\/Javni-nastop-u\u010dencev-11.12.2018-Strm\u010dnik-1.pdf\">programski list<\/a><\/strong><\/em><br \/>\nOrganizator: Marko Strm\u010dnik<br \/>\nSodelujo\u010di u\u010ditelji: vsi u\u010ditelji oddelka<\/h5>\n<h5><em><strong>NARODNI DOM ME\u017dICA 14. maj 2019\u00a0<a href=\"http:\/\/gs-ravne.splet.arnes.si\/files\/2018\/10\/Zaklju\u010dni-koncert-Me\u017eica-\u010crna-14.5.2019-Buhvald-Miklav\u017eina.pdf\">programski list<\/a><\/strong><\/em><br \/>\n<em><strong>ZAKLJU\u010cNI KONCERT (sodelujejo otroci glasbene pripravnice)<\/strong><\/em><br \/>\nOrganizatorja: Janez Miklav\u017eina, Helena Buhvald Goren\u0161ek<br \/>\nSodelujo\u010di u\u010ditelji: vsi u\u010ditelji oddelka<\/h5>\n<h5>OB\u010cINA \u010cRNA NA KORO\u0160KEM<\/h5>\n<hr \/>\n<h5><em><strong>KULTURNI DOM \u010cRNA NA KORO\u0160KEM 18. december 2018\u00a0<a href=\"http:\/\/gs-ravne.splet.arnes.si\/files\/2018\/10\/Javni-nastop-u\u010dencev-oddelka-\u010crna-18.12.2018-Buhvald.pdf\">Programski list<\/a><\/strong><\/em><br \/>\nOrganizatorka: Helena Buhvald Goren\u0161ek<br \/>\nSodelujo\u010di u\u010ditelji: vsi u\u010ditelji oddelka<\/h5>\n<h5><em><strong>KULTURNI DOM \u010cRNA NA KORO\u0160KEM 8. maj 2019\u00a0<a href=\"http:\/\/gs-ravne.splet.arnes.si\/files\/2018\/10\/Zaklju\u010dni-nastop-u\u010dencev-8.5.2019-\u0160triker.pdf\">programski list<\/a><\/strong><\/em><br \/>\nOrganizator: Du\u0161an \u0160triker<br \/>\nSodelujo\u010di u\u010ditelji: vsi u\u010ditelji oddelka<\/h5>\n<h5>OB\u010cINA DRAVOGRAD<\/h5>\n<hr \/>\n<h5><em><strong>JEDILNICA OSNOVNE \u0160OLE 3. december 2018 &#8211;\u00a0<a href=\"http:\/\/gs-ravne.splet.arnes.si\/files\/2018\/10\/Javni-nastop-u\u010dencev-3.12.2018-Blaznik.pdf\">programski list<\/a><\/strong><\/em><br \/>\nOrganizatorka: Polona Blaznik<br \/>\nSodelujo\u010di u\u010ditelji: vsi u\u010ditelji oddelka<\/h5>\n<h5><em><strong>JEDILNICA OSNOVNE \u0160OLE 11. februar 2019\u00a0<a href=\"http:\/\/gs-ravne.splet.arnes.si\/files\/2018\/10\/Javni-nastop-u\u010dencev-oddelka-Dravograd-11.2.2019-Delopst.pdf\">programski list<\/a><\/strong><\/em><br \/>\nOrganizatorka: Petra Delopst<br \/>\nSodelujo\u010di u\u010ditelji: vsi u\u010ditelji oddelka<\/h5>\n<h5><em><strong>JEDILNICA OSNOVNE \u0160OLE 20. maj 2019\u00a0<a href=\"http:\/\/gs-ravne.splet.arnes.si\/files\/2018\/10\/Zaklju\u010dni-koncert-oddelka-Dravograd-20.5.2019Blaznik.pdf\">programski list<\/a><\/strong><\/em><br \/>\n<em><strong>ZAKLJU\u010cNI KONCERT (sodelujejo otroci glasbene pripravnice)<\/strong> <\/em><br \/>\nOrganizatorka: Alenka Mori<br \/>\nSodelujo\u010di u\u010ditelji: vsi u\u010ditelji oddelka<\/h5>\n<h5>OSTALI NASTOPI V \u0160OLSKEM LETU 2018\/2019<\/h5>\n<hr \/>\n<h5><strong>25. 1. 2019<\/strong> &#8211; Revija glasbenih \u0161ol \u0160tajerske, Koro\u0161ke in Pomurja (Konservatorij za glasbo in balet Maribor)<br \/>\n<strong>1. \u2013 6. 2. 2019<\/strong> &#8211; regijska tekmovanja na glasbenih \u0161olah v raznih krajih Slovenije<br \/>\n<strong>4. \u2013 18. 3. 2019<\/strong> &#8211; dr\u017eavno tekmovanje na glasbenih \u0161olah gorenjske regije<br \/>\nTekmovalne discipline: KLAVIR, FLAVTA, KLJUNASTA FLAVTA, OBOA, KLARINET, SAKSOFON, FAGOT, PETJE, DIATONI\u010cNA HARMONIKA, KOMORNE SKUPINE S TROBILI IN KOMORNE SKUPINE JAZZ. Pred tekmovanji interni nastopi v dvorani G\u0160 po dogovoru. Zaklju\u010dni koncert TEMSIG-a, 22. 3. 2019 (Konservatorij za glasbo in balet Ljubljana).<br \/>\n<strong>10. 4. 2019<\/strong> &#8211; Revija Koro\u0161kih glasbenih \u0161ol (Radlje ob Dravi)<\/h5>\n<h5>Udele\u017eba na drugih dr\u017eavnih in mednarodnih glasbenih tekmovanjih bo potekala na podlagi dogovora z u\u010ditelji in v okviru finan\u010dnih zmo\u017enosti.<\/h5>\n","protected":false},"excerpt":{"rendered":"<p>Vsi nastopi se za\u010dnejo ob 18.30 uri. OB\u010cINA RAVNE NA KORO\u0160KEM KULTURNI CENTER RAVNE 27. november 2018 &#8211; programski list Organizatorja: Tatjana Sagernik Kova\u010di\u010d \/ Du\u0161an \u0160triker Sodelujo\u010di u\u010ditelji: \u0110or\u0111e Berak, Aleksander Kotnik, Renata Mirkac, Jo\u017ee Mandl, Davorin Jev\u0161nikar, Tina &hellip; <a href=\"https:\/\/www.gs-ravne.si\/?page_id=2079\">Beri naprej <span class=\"meta-nav\">&rarr;<\/span><\/a><\/p>\n","protected":false},"author":2856,"featured_media":0,"parent":0,"menu_order":0,"comment_status":"closed","ping_status":"closed","template":"","meta":{"ngg_post_thumbnail":0,"footnotes":""},"class_list":["post-2079","page","type-page","status-publish","hentry"],"_links":{"self":[{"href":"https:\/\/www.gs-ravne.si\/index.php?rest_route=\/wp\/v2\/pages\/2079","targetHints":{"allow":["GET"]}}],"collection":[{"href":"https:\/\/www.gs-ravne.si\/index.php?rest_route=\/wp\/v2\/pages"}],"about":[{"href":"https:\/\/www.gs-ravne.si\/index.php?rest_route=\/wp\/v2\/types\/page"}],"author":[{"embeddable":true,"href":"https:\/\/www.gs-ravne.si\/index.php?rest_route=\/wp\/v2\/users\/2856"}],"replies":[{"embeddable":true,"href":"https:\/\/www.gs-ravne.si\/index.php?rest_route=%2Fwp%2Fv2%2Fcomments&post=2079"}],"version-history":[{"count":32,"href":"https:\/\/www.gs-ravne.si\/index.php?rest_route=\/wp\/v2\/pages\/2079\/revisions"}],"predecessor-version":[{"id":2405,"href":"https:\/\/www.gs-ravne.si\/index.php?rest_route=\/wp\/v2\/pages\/2079\/revisions\/2405"}],"wp:attachment":[{"href":"https:\/\/www.gs-ravne.si\/index.php?rest_route=%2Fwp%2Fv2%2Fmedia&parent=2079"}],"curies":[{"name":"wp","href":"https:\/\/api.w.org\/{rel}","templated":true}]}}