{"id":3903,"date":"2021-02-24T10:08:42","date_gmt":"2021-02-24T09:08:42","guid":{"rendered":"http:\/\/gs-ravne.splet.arnes.si\/?page_id=3903"},"modified":"2023-04-12T11:33:23","modified_gmt":"2023-04-12T09:33:23","slug":"pooblascena-oseba-za-varstvo-podatkov","status":"publish","type":"page","link":"https:\/\/www.gs-ravne.si\/?page_id=3903","title":{"rendered":"Varstvo podatkov"},"content":{"rendered":"\n<p><strong>POOBLA\u0160\u010cENA OSEBA ZA VARSTVO PODATKOV<\/strong><\/p>\n\n\n\n<p>V skladu z dolo\u010dilom 37. \u010dlena Uredbe EU 2016\/679 Evropskega parlamenta in sveta z dne 27. aprila 2016 smo za poobla\u0161\u010deno osebo za varstvo podatkov imenovali:                                                                         <\/p>\n\n\n\n<p>FLORJAN REITER<\/p>\n\n\n\n<p>Telefonska \u0161tevilka: 051-660-130<\/p>\n\n\n\n<p>e-naslov: gs_ravne@siol.net<\/p>\n\n\n\n<div data-wp-interactive=\"core\/file\" class=\"wp-block-file\"><object data-wp-bind--hidden=\"!state.hasPdfPreview\" hidden class=\"wp-block-file__embed\" data=\"https:\/\/www.gs-ravne.si\/files\/2023\/04\/Informacije-za-posameznike-Glasbena-sola-Ravne-na-Koroskem-verzija-2.1.pdf\" type=\"application\/pdf\" style=\"width:100%;height:600px\" aria-label=\"Vdelava Vdelava Informacije za posameznike-verzija 2.1\"><\/object><a id=\"wp-block-file--media-83daeda4-f6fd-4a8f-9082-0ead42a2479b\" href=\"https:\/\/www.gs-ravne.si\/files\/2023\/04\/Informacije-za-posameznike-Glasbena-sola-Ravne-na-Koroskem-verzija-2.1.pdf\">Informacije za posameznike-verzija 2.1<\/a><a href=\"https:\/\/www.gs-ravne.si\/files\/2023\/04\/Informacije-za-posameznike-Glasbena-sola-Ravne-na-Koroskem-verzija-2.1.pdf\" class=\"wp-block-file__button\" download aria-describedby=\"wp-block-file--media-83daeda4-f6fd-4a8f-9082-0ead42a2479b\">Prenos<\/a><\/div>\n\n\n\n<div data-wp-interactive=\"core\/file\" class=\"wp-block-file\"><object data-wp-bind--hidden=\"!state.hasPdfPreview\" hidden class=\"wp-block-file__embed\" data=\"https:\/\/www.gs-ravne.si\/files\/2023\/01\/Evidenca-videonadzora.pdf\" type=\"application\/pdf\" style=\"width:100%;height:600px\" aria-label=\"Vdelava Vdelava Evidenca videonadzora\"><\/object><a id=\"wp-block-file--media-d3ca442d-d521-4d78-ad81-0274f166e18c\" href=\"https:\/\/www.gs-ravne.si\/files\/2023\/01\/Evidenca-videonadzora.pdf\">Evidenca videonadzora<\/a><a href=\"https:\/\/www.gs-ravne.si\/files\/2023\/01\/Evidenca-videonadzora.pdf\" class=\"wp-block-file__button\" download aria-describedby=\"wp-block-file--media-d3ca442d-d521-4d78-ad81-0274f166e18c\">Prenos<\/a><\/div>\n","protected":false},"excerpt":{"rendered":"<p>POOBLA\u0160\u010cENA OSEBA ZA VARSTVO PODATKOV V skladu z dolo\u010dilom 37. \u010dlena Uredbe EU 2016\/679 Evropskega parlamenta in sveta z dne 27. aprila 2016 smo za poobla\u0161\u010deno osebo za varstvo podatkov imenovali: FLORJAN REITER Telefonska \u0161tevilka: 051-660-130 e-naslov: gs_ravne@siol.net<\/p>\n","protected":false},"author":2856,"featured_media":0,"parent":0,"menu_order":0,"comment_status":"closed","ping_status":"closed","template":"","meta":{"ngg_post_thumbnail":0,"footnotes":""},"class_list":["post-3903","page","type-page","status-publish","hentry"],"_links":{"self":[{"href":"https:\/\/www.gs-ravne.si\/index.php?rest_route=\/wp\/v2\/pages\/3903","targetHints":{"allow":["GET"]}}],"collection":[{"href":"https:\/\/www.gs-ravne.si\/index.php?rest_route=\/wp\/v2\/pages"}],"about":[{"href":"https:\/\/www.gs-ravne.si\/index.php?rest_route=\/wp\/v2\/types\/page"}],"author":[{"embeddable":true,"href":"https:\/\/www.gs-ravne.si\/index.php?rest_route=\/wp\/v2\/users\/2856"}],"replies":[{"embeddable":true,"href":"https:\/\/www.gs-ravne.si\/index.php?rest_route=%2Fwp%2Fv2%2Fcomments&post=3903"}],"version-history":[{"count":7,"href":"https:\/\/www.gs-ravne.si\/index.php?rest_route=\/wp\/v2\/pages\/3903\/revisions"}],"predecessor-version":[{"id":4470,"href":"https:\/\/www.gs-ravne.si\/index.php?rest_route=\/wp\/v2\/pages\/3903\/revisions\/4470"}],"wp:attachment":[{"href":"https:\/\/www.gs-ravne.si\/index.php?rest_route=%2Fwp%2Fv2%2Fmedia&parent=3903"}],"curies":[{"name":"wp","href":"https:\/\/api.w.org\/{rel}","templated":true}]}}