{"id":407,"date":"2014-10-02T09:23:39","date_gmt":"2014-10-02T08:23:39","guid":{"rendered":"http:\/\/gs-ravne.splet.arnes.si\/?page_id=407"},"modified":"2023-04-14T11:05:59","modified_gmt":"2023-04-14T09:05:59","slug":"vizitka","status":"publish","type":"page","link":"https:\/\/www.gs-ravne.si\/?page_id=407","title":{"rendered":"Vizitka"},"content":{"rendered":"<h5>GLASBENA \u0160OLA RAVNE NA KORO\u0160KEM<br \/>\nJavornik 35<br \/>\nSI2390 Ravne na Koro\u0161kem<br \/>\nDav\u010dna \u0161tevilka: 63940655 (nismo dav\u010dni zavezanec)<br \/>\nMati\u010dna \u0161tevilka: 5089301000<br \/>\nTransakcijski ra\u010dun: SI56 01303-6030712595 (UJP Slovenska Bistrica)<\/h5>\n<h5><strong>Telefon<\/strong><br \/>\n02 82 15 666 &#8211; tajni\u0161tvo<br \/>\n02 82 15 667 &#8211; ravnatelj<br \/>\n02 82 15 668 &#8211; zbornica<\/h5>\n<h5><strong>GSM<\/strong><br \/>\n051 613 666 &#8211; ravnatelj<\/h5>\n<h5><strong>E-po\u0161ta<\/strong><br \/>\ngs.ravne-nk@guest.arnes.si<br \/>\ngs_ravne@siol.net<\/h5>\n<h5><strong>Ravnatelj<\/strong><br \/>\nmag. Aleksander Kotnik<\/h5>\n","protected":false},"excerpt":{"rendered":"<p>GLASBENA \u0160OLA RAVNE NA KORO\u0160KEM Javornik 35 SI2390 Ravne na Koro\u0161kem Dav\u010dna \u0161tevilka: 63940655 (nismo dav\u010dni zavezanec) Mati\u010dna \u0161tevilka: 5089301000 Transakcijski ra\u010dun: SI56 01303-6030712595 (UJP Slovenska Bistrica) Telefon 02 82 15 666 &#8211; tajni\u0161tvo 02 82 15 667 &#8211; ravnatelj &hellip; <a href=\"https:\/\/www.gs-ravne.si\/?page_id=407\">Beri naprej <span class=\"meta-nav\">&rarr;<\/span><\/a><\/p>\n","protected":false},"author":2856,"featured_media":0,"parent":0,"menu_order":0,"comment_status":"closed","ping_status":"open","template":"","meta":{"ngg_post_thumbnail":0,"footnotes":""},"class_list":["post-407","page","type-page","status-publish","hentry"],"_links":{"self":[{"href":"https:\/\/www.gs-ravne.si\/index.php?rest_route=\/wp\/v2\/pages\/407","targetHints":{"allow":["GET"]}}],"collection":[{"href":"https:\/\/www.gs-ravne.si\/index.php?rest_route=\/wp\/v2\/pages"}],"about":[{"href":"https:\/\/www.gs-ravne.si\/index.php?rest_route=\/wp\/v2\/types\/page"}],"author":[{"embeddable":true,"href":"https:\/\/www.gs-ravne.si\/index.php?rest_route=\/wp\/v2\/users\/2856"}],"replies":[{"embeddable":true,"href":"https:\/\/www.gs-ravne.si\/index.php?rest_route=%2Fwp%2Fv2%2Fcomments&post=407"}],"version-history":[{"count":8,"href":"https:\/\/www.gs-ravne.si\/index.php?rest_route=\/wp\/v2\/pages\/407\/revisions"}],"predecessor-version":[{"id":1637,"href":"https:\/\/www.gs-ravne.si\/index.php?rest_route=\/wp\/v2\/pages\/407\/revisions\/1637"}],"wp:attachment":[{"href":"https:\/\/www.gs-ravne.si\/index.php?rest_route=%2Fwp%2Fv2%2Fmedia&parent=407"}],"curies":[{"name":"wp","href":"https:\/\/api.w.org\/{rel}","templated":true}]}}