{"id":414,"date":"2014-10-02T12:11:31","date_gmt":"2014-10-02T11:11:31","guid":{"rendered":"http:\/\/gs-ravne.splet.arnes.si\/?page_id=414"},"modified":"2025-11-20T13:56:17","modified_gmt":"2025-11-20T12:56:17","slug":"kolektiv","status":"publish","type":"page","link":"https:\/\/www.gs-ravne.si\/?page_id=414","title":{"rendered":"Kolektiv"},"content":{"rendered":"<h5><strong>RAVNATELJ<\/strong><\/h5>\n<h5>mag. Aleksander Kotnik<\/h5>\n<h5><strong>U\u010cITELJI<\/strong><\/h5>\n<h5>Blaznik Majcen Polona \u2013 kitara<br \/>\nBuhvald Helena \u2013 klavir<br \/>\n\u010cre\u0161nik Veronika \u2013 klavirska in diatoni\u010dna harmonika, harmonikarski orkester<br \/>\nDobnik Dominik \u2013 klavir<br \/>\nGlu\u0161i\u010d Ana &#8211; klavir<br \/>\nGoren\u0161ek Klemen \u2013 solopetje<br \/>\nJev\u0161nikar Davorin \u2013 tolkala<br \/>\nKolar Oskar \u2013 kontrabas<br \/>\nKolar Samo \u2013 trobila<br \/>\nKone\u010dnik Igor \u2013 trobila<br \/>\nKotnik Aleksander \u2013 nizka trobila<br \/>\nKova\u010di\u010d Gregor \u2013 klarinet, pihalni orkester<br \/>\nKseneman Tina \u2013 nauk o glasbi, citre<br \/>\nLesnik Slavko \u2013 harmonika, nauk o glasbi<br \/>\nMandl Jo\u017ee \u2013 diatoni\u010dna harmonika<br \/>\nMirkac Renata \u2013 klavir<br \/>\nMori Alenka \u2013 nauk o glasbi, klavir, glasbena pripravnica<br \/>\nOfak Andrej \u2013 kitara, kitarski orkester<br \/>\nRogina Aleksander \u2013 violina<br \/>\nRogina Valentin &#8211; violon\u010delo<br \/>\nRo\u0161er Nadja \u2013 flavta<br \/>\nSatler Bla\u017e \u2013 tolkala<br \/>\nSkarlovnik Elizabeta \u2013 nauk o glasbi, glasbena pripravnica<br \/>\nSkarlovnik Sta\u0161a \u2013 klavir<br \/>\nStrm\u010dnik Marko \u2013 kitara<br \/>\n\u0160logar Ana \u2013 flavta<br \/>\n\u0160triker Du\u0161an \u2013 klarinet, saksofon<br \/>\nTrnar Lana \u2013 klavir<\/h5>\n<h5><strong>ZUNANJI SODELAVCI<\/strong><\/h5>\n<h5>Berak \u0110or\u0111e \u2013 violina<br \/>\nDimitrijevi\u0107 Milo\u0161 &#8211; kitara<br \/>\nCioat\u00e1 Elena \u2013 balet, plesna pripravnica<\/h5>\n<h5><strong>ADMINISTRATIVNO TEHNI\u010cNI DELAVCI<\/strong><\/h5>\n<h5>Ravnjak Irena \u2013 ra\u010dunovodja<br \/>\nReiter Florjan \u2013 tajnik<br \/>\nRavnjak Gregor \u2013 hi\u0161nik<br \/>\nPreglav Stachel Irena\u2013 \u010distilka<br \/>\nTja\u0161a Zadravec Berisha \u2013 \u010distilka<\/h5>\n","protected":false},"excerpt":{"rendered":"<p>RAVNATELJ mag. Aleksander Kotnik U\u010cITELJI Blaznik Majcen Polona \u2013 kitara Buhvald Helena \u2013 klavir \u010cre\u0161nik Veronika \u2013 klavirska in diatoni\u010dna harmonika, harmonikarski orkester Dobnik Dominik \u2013 klavir Glu\u0161i\u010d Ana &#8211; klavir Goren\u0161ek Klemen \u2013 solopetje Jev\u0161nikar Davorin \u2013 tolkala Kolar &hellip; <a href=\"https:\/\/www.gs-ravne.si\/?page_id=414\">Beri naprej <span class=\"meta-nav\">&rarr;<\/span><\/a><\/p>\n","protected":false},"author":2856,"featured_media":0,"parent":0,"menu_order":0,"comment_status":"closed","ping_status":"open","template":"","meta":{"ngg_post_thumbnail":0,"footnotes":""},"class_list":["post-414","page","type-page","status-publish","hentry"],"_links":{"self":[{"href":"https:\/\/www.gs-ravne.si\/index.php?rest_route=\/wp\/v2\/pages\/414","targetHints":{"allow":["GET"]}}],"collection":[{"href":"https:\/\/www.gs-ravne.si\/index.php?rest_route=\/wp\/v2\/pages"}],"about":[{"href":"https:\/\/www.gs-ravne.si\/index.php?rest_route=\/wp\/v2\/types\/page"}],"author":[{"embeddable":true,"href":"https:\/\/www.gs-ravne.si\/index.php?rest_route=\/wp\/v2\/users\/2856"}],"replies":[{"embeddable":true,"href":"https:\/\/www.gs-ravne.si\/index.php?rest_route=%2Fwp%2Fv2%2Fcomments&post=414"}],"version-history":[{"count":15,"href":"https:\/\/www.gs-ravne.si\/index.php?rest_route=\/wp\/v2\/pages\/414\/revisions"}],"predecessor-version":[{"id":5123,"href":"https:\/\/www.gs-ravne.si\/index.php?rest_route=\/wp\/v2\/pages\/414\/revisions\/5123"}],"wp:attachment":[{"href":"https:\/\/www.gs-ravne.si\/index.php?rest_route=%2Fwp%2Fv2%2Fmedia&parent=414"}],"curies":[{"name":"wp","href":"https:\/\/api.w.org\/{rel}","templated":true}]}}