{"id":418,"date":"2014-10-02T12:16:09","date_gmt":"2014-10-02T11:16:09","guid":{"rendered":"http:\/\/gs-ravne.splet.arnes.si\/?page_id=418"},"modified":"2025-11-20T14:02:13","modified_gmt":"2025-11-20T13:02:13","slug":"uciteljski-zbor","status":"publish","type":"page","link":"https:\/\/www.gs-ravne.si\/?page_id=418","title":{"rendered":"U\u010diteljski zbor"},"content":{"rendered":"<h5><strong>KLAVIR<\/strong><br \/>\nRenata Mirkac<br \/>\nHelena Buhvald<br \/>\nSta\u0161a Skarlovnik<br \/>\nAlenka Mori<br \/>\nLana Trnar<br \/>\nAna Glu\u0161i\u010d<br \/>\nDominik Dobnik<\/h5>\n<h5><strong>PIHALA<\/strong><br \/>\nNadja Ro\u0161er<br \/>\nAna \u0160logar<br \/>\nGregor Kova\u010di\u010d<br \/>\nDu\u0161an \u0160triker<\/h5>\n<h5><strong>TROBILA<\/strong><br \/>\nIgor Kone\u010dnik<br \/>\nSamo Kolar<br \/>\nmag. Aleksander Kotnik<\/h5>\n<h5><strong>KLAVIRSKA \/ DIATONI\u010cNA HARMONIKA<\/strong><br \/>\nVeronika \u010cre\u0161nik \/ Slavko Lesnik<br \/>\nJo\u017ee Mandl<\/h5>\n<h5><strong>TOLKALA<\/strong><br \/>\nDavorin Jev\u0161nikar<br \/>\nBla\u017e Satler<\/h5>\n<h5><strong>KITARA<\/strong><br \/>\nPolona Blaznik Majcen<br \/>\nAndrej Ofak<br \/>\nMarko Strm\u010dnik<br \/>\nDimitrijevi\u0107 Milo\u0161<\/h5>\n<h5><strong>GODALA<\/strong><br \/>\nAleksander Rogina<br \/>\nValentin Rogina<br \/>\nOskar Kolar<br \/>\nBerak \u0110or\u0111e<\/h5>\n<h5><strong>CITRE<\/strong><br \/>\nTina Kseneman<\/h5>\n<h5><strong>NAUK O GLASBI \/ SOLFEGGIO \/ GLASBENA PRIPRAVNICA<\/strong><br \/>\nAlenka Mori<br \/>\nEla Skarlovnik<br \/>\nTina Kseneman<br \/>\nSlavko Lesnik<\/h5>\n<h5><strong>PLESNA PRIPRAVNICA \/ BALET<\/strong><br \/>\nElena Cioat\u00e1<\/h5>\n","protected":false},"excerpt":{"rendered":"<p>KLAVIR Renata Mirkac Helena Buhvald Sta\u0161a Skarlovnik Alenka Mori Lana Trnar Ana Glu\u0161i\u010d Dominik Dobnik PIHALA Nadja Ro\u0161er Ana \u0160logar Gregor Kova\u010di\u010d Du\u0161an \u0160triker TROBILA Igor Kone\u010dnik Samo Kolar mag. Aleksander Kotnik KLAVIRSKA \/ DIATONI\u010cNA HARMONIKA Veronika \u010cre\u0161nik \/ Slavko &hellip; <a href=\"https:\/\/www.gs-ravne.si\/?page_id=418\">Beri naprej <span class=\"meta-nav\">&rarr;<\/span><\/a><\/p>\n","protected":false},"author":2856,"featured_media":0,"parent":0,"menu_order":0,"comment_status":"closed","ping_status":"open","template":"","meta":{"ngg_post_thumbnail":0,"footnotes":""},"class_list":["post-418","page","type-page","status-publish","hentry"],"_links":{"self":[{"href":"https:\/\/www.gs-ravne.si\/index.php?rest_route=\/wp\/v2\/pages\/418","targetHints":{"allow":["GET"]}}],"collection":[{"href":"https:\/\/www.gs-ravne.si\/index.php?rest_route=\/wp\/v2\/pages"}],"about":[{"href":"https:\/\/www.gs-ravne.si\/index.php?rest_route=\/wp\/v2\/types\/page"}],"author":[{"embeddable":true,"href":"https:\/\/www.gs-ravne.si\/index.php?rest_route=\/wp\/v2\/users\/2856"}],"replies":[{"embeddable":true,"href":"https:\/\/www.gs-ravne.si\/index.php?rest_route=%2Fwp%2Fv2%2Fcomments&post=418"}],"version-history":[{"count":15,"href":"https:\/\/www.gs-ravne.si\/index.php?rest_route=\/wp\/v2\/pages\/418\/revisions"}],"predecessor-version":[{"id":5124,"href":"https:\/\/www.gs-ravne.si\/index.php?rest_route=\/wp\/v2\/pages\/418\/revisions\/5124"}],"wp:attachment":[{"href":"https:\/\/www.gs-ravne.si\/index.php?rest_route=%2Fwp%2Fv2%2Fmedia&parent=418"}],"curies":[{"name":"wp","href":"https:\/\/api.w.org\/{rel}","templated":true}]}}