{"id":422,"date":"2014-10-02T12:37:48","date_gmt":"2014-10-02T11:37:48","guid":{"rendered":"http:\/\/gs-ravne.splet.arnes.si\/?page_id=422"},"modified":"2025-11-20T12:10:37","modified_gmt":"2025-11-20T11:10:37","slug":"strokovni-aktivi","status":"publish","type":"page","link":"https:\/\/www.gs-ravne.si\/?page_id=422","title":{"rendered":"Strokovni aktivi"},"content":{"rendered":"<h5><strong>KLAVIR<\/strong><br \/>\nvodja Sta\u0161a Skarlovnik<\/h5>\n<h5><strong>NAUK O GLASBI<\/strong><br \/>\nvodja Elizabeta Skarlovnik<\/h5>\n<h5><strong>PIHALA<\/strong><br \/>\nvodja Nadja Ro\u0161er<\/h5>\n<h5><strong>TROBILA<\/strong><br \/>\nvodja Igor Kone\u010dnik<\/h5>\n<h5><strong>HARMONIKA (KLAVIRSKA \/ DIATONI\u010cNA)<\/strong><br \/>\nvodja Jo\u017ee Mandl<\/h5>\n<h5><strong>KITARA<\/strong><br \/>\nvodja Marko Strm\u010dnik<\/h5>\n<h5><strong>GODALA<\/strong><br \/>\nvodja Valentin Rogina<\/h5>\n<h5><strong>CITRE<\/strong><br \/>\nvodja Tina Kseneman<\/h5>\n<h5><strong>TOLKALA<\/strong><br \/>\nvodja Davorin Jev\u0161nikar<\/h5>\n","protected":false},"excerpt":{"rendered":"<p>KLAVIR vodja Sta\u0161a Skarlovnik NAUK O GLASBI vodja Elizabeta Skarlovnik PIHALA vodja Nadja Ro\u0161er TROBILA vodja Igor Kone\u010dnik HARMONIKA (KLAVIRSKA \/ DIATONI\u010cNA) vodja Jo\u017ee Mandl KITARA vodja Marko Strm\u010dnik GODALA vodja Valentin Rogina CITRE vodja Tina Kseneman TOLKALA vodja Davorin &hellip; <a href=\"https:\/\/www.gs-ravne.si\/?page_id=422\">Beri naprej <span class=\"meta-nav\">&rarr;<\/span><\/a><\/p>\n","protected":false},"author":2856,"featured_media":0,"parent":0,"menu_order":0,"comment_status":"closed","ping_status":"open","template":"","meta":{"ngg_post_thumbnail":0,"footnotes":""},"class_list":["post-422","page","type-page","status-publish","hentry"],"_links":{"self":[{"href":"https:\/\/www.gs-ravne.si\/index.php?rest_route=\/wp\/v2\/pages\/422","targetHints":{"allow":["GET"]}}],"collection":[{"href":"https:\/\/www.gs-ravne.si\/index.php?rest_route=\/wp\/v2\/pages"}],"about":[{"href":"https:\/\/www.gs-ravne.si\/index.php?rest_route=\/wp\/v2\/types\/page"}],"author":[{"embeddable":true,"href":"https:\/\/www.gs-ravne.si\/index.php?rest_route=\/wp\/v2\/users\/2856"}],"replies":[{"embeddable":true,"href":"https:\/\/www.gs-ravne.si\/index.php?rest_route=%2Fwp%2Fv2%2Fcomments&post=422"}],"version-history":[{"count":8,"href":"https:\/\/www.gs-ravne.si\/index.php?rest_route=\/wp\/v2\/pages\/422\/revisions"}],"predecessor-version":[{"id":5115,"href":"https:\/\/www.gs-ravne.si\/index.php?rest_route=\/wp\/v2\/pages\/422\/revisions\/5115"}],"wp:attachment":[{"href":"https:\/\/www.gs-ravne.si\/index.php?rest_route=%2Fwp%2Fv2%2Fmedia&parent=422"}],"curies":[{"name":"wp","href":"https:\/\/api.w.org\/{rel}","templated":true}]}}