{"id":445,"date":"2014-11-06T13:56:35","date_gmt":"2014-11-06T12:56:35","guid":{"rendered":"http:\/\/gs-ravne.splet.arnes.si\/?page_id=445"},"modified":"2023-04-14T10:41:59","modified_gmt":"2023-04-14T08:41:59","slug":"program","status":"publish","type":"page","link":"https:\/\/www.gs-ravne.si\/?page_id=445","title":{"rendered":"Program"},"content":{"rendered":"<h5 style=\"text-align: justify\">Na Glasbeni \u0161oli Ravne na Koro\u0161kem se izobra\u017eujejo osnovno\u0161olski otroci ter dijaki, kateri so uspe\u0161no opravili preizkus glasbene nadarjenosti. Predmeti osnovnega glasbenega izobra\u017eevalnega programa, ki jih izvaja na\u0161a \u0161ola so naslednji:<br \/>\n<strong>\u2022 orkestrski instrumenti in petje<\/strong><br \/>\ngodala: violina, viola, violon\u010delo, kontrabas<br \/>\npihala: kljunasta flavta, flavta, klarinet, saksofon<br \/>\ntrobila: trobenta, tenor, bariton, rog, pozavna, tuba<br \/>\ntolkala<br \/>\n<strong>\u2022 drugi instrumenti<\/strong><br \/>\ninstrumenti s tipkami: klavir, klavirska harmonika, diatoni\u010dna harmonika<br \/>\nbrenkala: kitara, citre<br \/>\n<strong>\u2022 komorna in orkestrska igra<\/strong><br \/>\norkester: pihalni, godalni, harmonikarski, tolkalni, kitarski<br \/>\n<strong>\u2022 nauk o glasbi in solfeggio<\/strong><br \/>\n<strong>\u2022 glasbena in plesna pripravnica<\/strong><br \/>\n<a title=\"PREDMETNIK\" href=\"http:\/\/www.mizs.gov.si\/si\/delovna_podrocja\/direktorat_za_predsolsko_vzgojo_in_osnovno_solstvo\/glasbeno_izobrazevanje\/programi\/\" target=\"_blank\" rel=\"noopener\">PREDMETNIK (predmeti, stopnje, trajanje, starost vstopa)<\/a><br \/>\nGlasbeni program vsebuje obvezne predmete, dolo\u010dila o korepeticijah in nastopih u\u010dencev. Pouk glavnega predmeta (instrument, petje) je individualen in poteka dvakrat tedensko. Ura pouka traja 30 oziroma 45 minut. Nauk o glasbi in solfeggio so obvezni predmeti poleg instrumenta in petja . Korepeticija, orkestri in komorne skupine so tudi obvezni predmeti, ki jih u\u010dencu dolo\u010di u\u010ditelj, glede na predmetnik in presojo u\u010den\u010devih sposobnosti. Za zelo nadarjene u\u010dence, se organizira dodaten pouk za seznanjanje z obse\u017enej\u0161im in zahtevnej\u0161im programom oziroma dodatne priprave za regijska, dr\u017eavna in mednarodna tekmovanja. O udele\u017ebi na tekmovanju odlo\u010da \u0161ola v soglasju s star\u0161i.<\/h5>\n","protected":false},"excerpt":{"rendered":"<p>Na Glasbeni \u0161oli Ravne na Koro\u0161kem se izobra\u017eujejo osnovno\u0161olski otroci ter dijaki, kateri so uspe\u0161no opravili preizkus glasbene nadarjenosti. Predmeti osnovnega glasbenega izobra\u017eevalnega programa, ki jih izvaja na\u0161a \u0161ola so naslednji: \u2022 orkestrski instrumenti in petje godala: violina, viola, violon\u010delo, &hellip; <a href=\"https:\/\/www.gs-ravne.si\/?page_id=445\">Beri naprej <span class=\"meta-nav\">&rarr;<\/span><\/a><\/p>\n","protected":false},"author":2856,"featured_media":0,"parent":0,"menu_order":0,"comment_status":"closed","ping_status":"open","template":"","meta":{"ngg_post_thumbnail":0,"footnotes":""},"class_list":["post-445","page","type-page","status-publish","hentry"],"_links":{"self":[{"href":"https:\/\/www.gs-ravne.si\/index.php?rest_route=\/wp\/v2\/pages\/445","targetHints":{"allow":["GET"]}}],"collection":[{"href":"https:\/\/www.gs-ravne.si\/index.php?rest_route=\/wp\/v2\/pages"}],"about":[{"href":"https:\/\/www.gs-ravne.si\/index.php?rest_route=\/wp\/v2\/types\/page"}],"author":[{"embeddable":true,"href":"https:\/\/www.gs-ravne.si\/index.php?rest_route=\/wp\/v2\/users\/2856"}],"replies":[{"embeddable":true,"href":"https:\/\/www.gs-ravne.si\/index.php?rest_route=%2Fwp%2Fv2%2Fcomments&post=445"}],"version-history":[{"count":7,"href":"https:\/\/www.gs-ravne.si\/index.php?rest_route=\/wp\/v2\/pages\/445\/revisions"}],"predecessor-version":[{"id":4475,"href":"https:\/\/www.gs-ravne.si\/index.php?rest_route=\/wp\/v2\/pages\/445\/revisions\/4475"}],"wp:attachment":[{"href":"https:\/\/www.gs-ravne.si\/index.php?rest_route=%2Fwp%2Fv2%2Fmedia&parent=445"}],"curies":[{"name":"wp","href":"https:\/\/api.w.org\/{rel}","templated":true}]}}