{"id":4604,"date":"2023-09-29T11:33:10","date_gmt":"2023-09-29T09:33:10","guid":{"rendered":"https:\/\/gs-ravne.splet.arnes.si\/?page_id=4604"},"modified":"2023-09-29T11:59:17","modified_gmt":"2023-09-29T09:59:17","slug":"kontakti","status":"publish","type":"page","link":"https:\/\/www.gs-ravne.si\/?page_id=4604","title":{"rendered":"Kontakti"},"content":{"rendered":"\n<figure class=\"wp-block-table\"><table><tbody><tr><td><em>U\u010cITELJI<\/em><\/td><\/tr><tr><td><strong>Alegro<\/strong><\/td><td><strong>Maru\u0161a<\/strong><\/td><td><a href=\"mailto:marusa.alegro@gsravne.si\">marusa.alegro@gsravne.si<\/a><\/td><\/tr><tr><td><strong>Blaznik Majcen<\/strong><\/td><td><strong>Polona<\/strong><\/td><td><a href=\"mailto:polona.mblaznik@gsravne.si\">polona.mblaznik@gsravne.si<\/a><\/td><\/tr><tr><td><strong>Buhvald<\/strong><\/td><td><strong>Helena<\/strong><\/td><td><a href=\"mailto:helena.buhvald@gsravne.si\">helena.buhvald@gsravne.si<\/a><\/td><\/tr><tr><td><strong>Cioat\u00e1<\/strong><\/td><td><strong>Elena<\/strong><\/td><td><a href=\"mailto:elena.cioata@gsravne.si\">elena.cioata@gsravne.si<\/a><\/td><\/tr><tr><td><strong>\u010cre\u0161nik<\/strong><\/td><td><strong>Veronika<\/strong><\/td><td><a href=\"mailto:veronika.cresnik@gsravne.si\">veronika.cresnik@gsravne.si<\/a><\/td><\/tr><tr><td><strong>Gaiser<\/strong><\/td><td><strong>Herman<\/strong><\/td><td><a href=\"mailto:hermanluka.gaiser@gsravne.si\">hermanluka.gaiser@gsravne.si<\/a><\/td><\/tr><tr><td><strong>Goren\u0161ek<\/strong><\/td><td><strong>Klemen<\/strong><\/td><td><a href=\"mailto:klemen.gorensek@gsravne.si\">klemen.gorensek@gsravne.si<\/a><\/td><\/tr><tr><td><strong>Jev\u0161nikar<\/strong><\/td><td><strong>Davorin<\/strong><\/td><td><a href=\"mailto:davorin.jevsnikar@gsravne.si\">davorin.jevsnikar@gsravne.si<\/a><\/td><\/tr><tr><td><strong>Kolar<\/strong><\/td><td><strong>Samo<\/strong><\/td><td><a href=\"mailto:samo.kolar@gsravne.si\">samo.kolar@gsravne.si<\/a><\/td><\/tr><tr><td><strong>Kotnik<\/strong><\/td><td><strong>Aleksander<\/strong><\/td><td><a href=\"mailto:aleksander.kotnik@siol.net\">aleksander.kotnik@siol.net<\/a><\/td><\/tr><tr><td><strong>Kova\u010di\u010d<\/strong><\/td><td><strong>Gregor<\/strong><\/td><td><a href=\"mailto:gregor.kovacic@gsravne.si\">gregor.kovacic@gsravne.si<\/a><\/td><\/tr><tr><td><strong>Krof<\/strong><\/td><td><strong>Luka<\/strong><\/td><td><a href=\"mailto:luka.krof@gsravne.si\">luka.krof@gsravne.si<\/a><\/td><\/tr><tr><td><strong>Kseneman<\/strong><\/td><td><strong>Tina<\/strong><\/td><td><a href=\"mailto:tina.kseneman@gsravne.si\">tina.kseneman@gsravne.si<\/a><\/td><\/tr><tr><td><strong>Mandl<\/strong><\/td><td><strong>Jo\u017ee<\/strong><\/td><td><a href=\"mailto:joze.mandl@gsravne.si\">joze.mandl@gsravne.si<\/a><\/td><\/tr><tr><td><strong>Miklav\u017eina<\/strong><\/td><td><strong>Janez<\/strong><\/td><td><a href=\"mailto:janez.miklavzina@gsravne.si\">janez.miklavzina@gsravne.si<\/a><\/td><\/tr><tr><td><strong>Mirkac<\/strong><\/td><td><strong>Renata<\/strong><\/td><td><a href=\"mailto:renata.mirkac@gsravne.si\">renata.mirkac@gsravne.si<\/a><\/td><\/tr><tr><td><strong>Mori<\/strong><\/td><td><strong>Alenka<\/strong><\/td><td><a href=\"mailto:alenka.mori@gsravne.si\">alenka.mori@gsravne.si<\/a><\/td><\/tr><tr><td><strong>Mori<\/strong><\/td><td><strong>Eva<\/strong><\/td><td><a href=\"mailto:eva.mori@gsravne.si\">eva.mori@gsravne.si<\/a><\/td><\/tr><tr><td><strong>Ofak<\/strong><\/td><td><strong>Andrej<\/strong><\/td><td><a href=\"mailto:andrej.ofak@gsravne.si\">andrej.ofak@gsravne.si<\/a><\/td><\/tr><tr><td><strong>Pisar<\/strong><\/td><td><strong>Valerija<\/strong><\/td><td><a href=\"mailto:valerija.pisar@gsravne.si\">valerija.pisar@gsravne.si<\/a><\/td><\/tr><tr><td><strong>Ro\u0161er<\/strong><\/td><td><strong>Nadja<\/strong><\/td><td><a href=\"mailto:nadja.roser@gsravne.si\">nadja.roser@gsravne.si<\/a><\/td><\/tr><tr><td><strong>Sagernik Kova\u010di\u010d<\/strong><\/td><td><strong>Tatjana<\/strong><\/td><td><a href=\"mailto:tatjana.skovacic@gsravne.si\">tatjana.skovacic@gsravne.si<\/a><\/td><\/tr><tr><td><strong>Satler<\/strong><\/td><td><strong>Bla\u017e<\/strong><\/td><td><a href=\"mailto:blaz.satler@gsravne.si\">blaz.satler@gsravne.si<\/a><\/td><\/tr><tr><td><strong>Skarlovnik<\/strong><\/td><td><strong>Sta\u0161a<\/strong><\/td><td><a href=\"mailto:stasa.skarlovnik@gsravne.si\">stasa.skarlovnik@gsravne.si<\/a><\/td><\/tr><tr><td><strong>Skarlovnik<\/strong><\/td><td><strong>Elizabeta<\/strong><\/td><td><a href=\"mailto:ela.skarlovnik@gsravne.si\">ela.skarlovnik@gsravne.si<\/a><\/td><\/tr><tr><td><strong>Skrube<\/strong><\/td><td><strong>Amalija<\/strong><\/td><td><a href=\"mailto:amalija.skrube@gsravne.si\">amalija.skrube@gsravne.si<\/a><\/td><\/tr><tr><td><strong>Strm\u010dnik<\/strong><\/td><td><strong>Marko<\/strong><\/td><td><a href=\"mailto:marko.strmcnik@gsravne.si\">marko.strmcnik@gsravne.si<\/a><\/td><\/tr><tr><td><strong>\u0160logar<\/strong><\/td><td><strong>Ana<\/strong><\/td><td><a href=\"mailto:ana.slogar@gsravne.si\">ana.slogar@gsravne.si<\/a><\/td><\/tr><tr><td><strong>\u0160triker<\/strong><\/td><td><strong>Du\u0161an<\/strong><\/td><td><a href=\"mailto:dusan.striker@gsravne.si\">dusan.striker@gsravne.si<\/a><\/td><\/tr><tr><td><strong>Trnar<\/strong><\/td><td><strong>Lana<\/strong><\/td><td><a href=\"mailto:lana.trnar@gsravne.si\">lana.trnar@gsravne.si<\/a><\/td><\/tr><tr><td><strong>\u017dge\u010d<\/strong><\/td><td><strong>Jerica<\/strong><\/td><td><a href=\"mailto:jerica.zgec@gsravne.si\">jerica.zgec@gsravne.si<\/a><\/td><\/tr><tr><td><em>VODSTVO \/ OSEBJE<\/em><\/td><\/tr><tr><td><strong>Kotnik<\/strong><\/td><td><strong>Aleksander<\/strong><\/td><td><a href=\"mailto:aleksander.kotnik@siol.net\">aleksander.kotnik@siol.net<\/a><\/td><\/tr><tr><td><strong>Ravnjak<\/strong><\/td><td><strong>Irena<\/strong><\/td><td><a href=\"mailto:gs.ravne-nk@gsravne.si\">gs.ravne-nk@gsravne.si<\/a><\/td><\/tr><tr><td><strong>Reiter<\/strong><\/td><td><strong>Florjan<\/strong><\/td><td><a href=\"mailto:gs_ravne@siol.net\">gs_ravne@siol.net<\/a><\/td><\/tr><tr><td><strong>Ravnjak<\/strong><\/td><td><strong>Gregor<\/strong><\/td><td><a href=\"mailto:gregor.ravnjak@gsravne.si\">gregor.ravnjak@gsravne.si<\/a><\/td><\/tr><tr><td><strong>Stachel Preglav<\/strong><\/td><td><strong>Irena<\/strong><\/td><td><a href=\"mailto:irena.spreglav@gsravne.si\">irena.spreglav@gsravne.si<\/a><\/td><\/tr><tr><td><strong>Zadravec Berisha<\/strong><\/td><td><strong>Tja\u0161a<\/strong><\/td><td><a href=\"mailto:tjasa.zberisha@gsravne.si\">tjasa.zberisha@gsravne.si<\/a><\/td><\/tr><\/tbody><\/table><\/figure>\n","protected":false},"excerpt":{"rendered":"<p>U\u010cITELJI Alegro Maru\u0161a marusa.alegro@gsravne.si Blaznik Majcen Polona polona.mblaznik@gsravne.si Buhvald Helena helena.buhvald@gsravne.si Cioat\u00e1 Elena elena.cioata@gsravne.si \u010cre\u0161nik Veronika veronika.cresnik@gsravne.si Gaiser Herman hermanluka.gaiser@gsravne.si Goren\u0161ek Klemen klemen.gorensek@gsravne.si Jev\u0161nikar Davorin davorin.jevsnikar@gsravne.si Kolar Samo samo.kolar@gsravne.si Kotnik Aleksander aleksander.kotnik@siol.net Kova\u010di\u010d Gregor gregor.kovacic@gsravne.si Krof Luka luka.krof@gsravne.si Kseneman Tina &hellip; <a href=\"https:\/\/www.gs-ravne.si\/?page_id=4604\">Beri naprej <span class=\"meta-nav\">&rarr;<\/span><\/a><\/p>\n","protected":false},"author":2856,"featured_media":0,"parent":0,"menu_order":0,"comment_status":"closed","ping_status":"closed","template":"","meta":{"ngg_post_thumbnail":0,"footnotes":""},"class_list":["post-4604","page","type-page","status-publish","hentry"],"_links":{"self":[{"href":"https:\/\/www.gs-ravne.si\/index.php?rest_route=\/wp\/v2\/pages\/4604","targetHints":{"allow":["GET"]}}],"collection":[{"href":"https:\/\/www.gs-ravne.si\/index.php?rest_route=\/wp\/v2\/pages"}],"about":[{"href":"https:\/\/www.gs-ravne.si\/index.php?rest_route=\/wp\/v2\/types\/page"}],"author":[{"embeddable":true,"href":"https:\/\/www.gs-ravne.si\/index.php?rest_route=\/wp\/v2\/users\/2856"}],"replies":[{"embeddable":true,"href":"https:\/\/www.gs-ravne.si\/index.php?rest_route=%2Fwp%2Fv2%2Fcomments&post=4604"}],"version-history":[{"count":8,"href":"https:\/\/www.gs-ravne.si\/index.php?rest_route=\/wp\/v2\/pages\/4604\/revisions"}],"predecessor-version":[{"id":4618,"href":"https:\/\/www.gs-ravne.si\/index.php?rest_route=\/wp\/v2\/pages\/4604\/revisions\/4618"}],"wp:attachment":[{"href":"https:\/\/www.gs-ravne.si\/index.php?rest_route=%2Fwp%2Fv2%2Fmedia&parent=4604"}],"curies":[{"name":"wp","href":"https:\/\/api.w.org\/{rel}","templated":true}]}}