{"id":462,"date":"2014-11-10T11:21:39","date_gmt":"2014-11-10T10:21:39","guid":{"rendered":"http:\/\/gs-ravne.splet.arnes.si\/?page_id=462"},"modified":"2015-11-04T08:58:14","modified_gmt":"2015-11-04T07:58:14","slug":"javni-nastopi-2","status":"publish","type":"page","link":"https:\/\/www.gs-ravne.si\/?page_id=462","title":{"rendered":"Javni nastopi 2014\/15"},"content":{"rendered":"<h5><strong>OB\u010cINA RAVNE NA KORO\u0160KEM<\/strong><\/h5>\n<h5><strong>11.11.2014 <\/strong><a href=\"http:\/\/gs-ravne.splet.arnes.si\/files\/2014\/11\/Programski-list.pdf\">Programski list<\/a><br \/>\nKULTURNI CENTER RAVNE<br \/>\nOrganizator: Andrej Ofak<br \/>\nSodelujo\u010di u\u010ditelji: Tina Kseneman, Samo Kolar, \u0110or\u0111e Berak, Jelka Glavnik Berak, Tatjana Sagernik Kova\u010di\u010d, Valentina \u010cas (umetni\u0161ka sodelavka)<\/h5>\n<h5><strong>09.12.2014 <\/strong><a href=\"http:\/\/gs-ravne.splet.arnes.si\/files\/2014\/11\/Javni-nastop-Ravne-na-Koro\u0161kem-09.12.2014.pdf\">Programski list<\/a><br \/>\nKULTURNI CENTER RAVNE<br \/>\nOrganizatorka: Tatjana Sagernik Kova\u010di\u010d<br \/>\nSodelujo\u010di u\u010ditelji: Du\u0161an \u0160triker, Janez Miklav\u017eina, Bla\u017e Satler, Renata Mirkac, Petra Delopst (umetni\u0161ka sodelavka)<\/h5>\n<h5><strong>03.02.2015<\/strong> (Javni nastop pihalcev) <a href=\"http:\/\/gs-ravne.splet.arnes.si\/files\/2014\/11\/Javni-nastop-pihalcev-03.02.2015-\u0160triker.pdf\">Programski list<\/a><br \/>\nKULTURNI CENTER RAVNE<br \/>\nOrganizator: Du\u0161an \u0160triker<br \/>\nSodelujo\u010di u\u010ditelji: vsi u\u010ditelji pihal<\/h5>\n<h5><strong>10.02.2015<\/strong> <a href=\"http:\/\/gs-ravne.splet.arnes.si\/files\/2014\/11\/Javni-nastop-u\u010dencev-10.02.2015-Kseneman.pdf\">Programski list<\/a><br \/>\nKULTURNI CENTER RAVNE<br \/>\nOrganizatorka: Tina Kseneman<br \/>\nSodelujo\u010di u\u010ditelji: Valerija Pisar, Marko Strm\u010dnik, Jo\u017ee Mandl, Anita Zadravec<br \/>\nValentina \u010cas (umetni\u0161ka sodelavka)<\/h5>\n<h5><strong>03.03.2015<\/strong> (Javni nastop pianistov) <a href=\"http:\/\/gs-ravne.splet.arnes.si\/files\/2014\/11\/Javni-nastop-pianistov-03.03.2015-Delopst.pdf\">Programski list<\/a><br \/>\nKULTURNI CENTER RAVNE<br \/>\nOrganizatorka: Petra Delopst<br \/>\nSodelujo\u010di u\u010ditelji: vsi u\u010ditelji klavirja<\/h5>\n<h5><strong>10.03.2015 <\/strong><a href=\"http:\/\/gs-ravne.splet.arnes.si\/files\/2014\/11\/Javni-nastop-10.03.2015-Mandl.pdf\">Programski list<\/a><br \/>\nKULTURNI CENTER RAVNE<br \/>\nOrganizator: Jo\u017ee Mandl<br \/>\nSodelujo\u010di u\u010ditelji: Renata Mirkac, Maja Srebo\u010dan, Melita Stropnik, Davorin Jev\u0161nikar<br \/>\nPetra Delopst (umetni\u0161ka sodelavka)<\/h5>\n<h5><strong>14.04.2015<\/strong> (Zaklju\u010dni nastop u\u010dencev G\u0160 Ravne) <a href=\"http:\/\/gs-ravne.splet.arnes.si\/files\/2014\/11\/Zaklju\u010dni-nastop-u\u010dencev-G\u0160-Ravne-14.04.2015.pdf\">Programski list<\/a><br \/>\nKULTURNI CENTER RAVNE<br \/>\nOrganizator: Aleksander Kotnik<br \/>\nSodelujo\u010di u\u010ditelji: vsi u\u010ditelji vseh oddelkov<\/h5>\n<h5>\u00a0<strong>19.05.2015<\/strong> (Zaklju\u010dni koncert orkestrov G\u0160 Ravne) <a href=\"http:\/\/gs-ravne.splet.arnes.si\/files\/2014\/11\/Koncert-orkestrov-G\u0160-Ravne-na-Koro\u0161kem-19.05.2015.pdf\">Programski list<\/a><br \/>\nKULTURNI CENTER RAVNE<br \/>\nOrganizator: Aleksander Kotnik<\/h5>\n<h5><strong>21.05.2015<\/strong> <a href=\"http:\/\/gs-ravne.splet.arnes.si\/files\/2014\/11\/Javni-nastop-u\u010dencev-21.05.2015-\u010cas.pdf\">Programski list<\/a><br \/>\nDVORANA GLASBENE \u0160OLE RAVNE NA KORO\u0160KEM<br \/>\nOrganizatorka: Valentina \u010cas<br \/>\nSodelujo\u010di u\u010ditelji: u\u010ditelji vseh oddelkov<\/h5>\n<h5><strong>02.06.2015 <\/strong>(Javni nastop godalcev) <a href=\"http:\/\/gs-ravne.splet.arnes.si\/files\/2014\/11\/Javni-nastop-godalcev-02.06.2015.pdf\">Programski list<\/a><br \/>\nKULTURNI CENTER RAVNE<br \/>\nOrganizator: \u0110or\u0111e Berak<br \/>\nSodelujo\u010di u\u010ditelji: vsi u\u010ditelji godal<\/h5>\n<h5><strong>09.06.2015<\/strong> (Javni nastop u\u010dencev 1. razredov) <a href=\"http:\/\/gs-ravne.splet.arnes.si\/files\/2014\/11\/Javni-nastop-1.-razredov-09.06.2015.pdf\">Programski list<\/a><br \/>\nKULTURNI CENTER RAVNE<br \/>\nOrganizator: Kolar Samo<br \/>\nSodelujo\u010di u\u010ditelji: vsi u\u010ditelji 1. razredov<\/h5>\n<h5><strong>OB\u010cINA PREVALJE<\/strong><\/h5>\n<h5><strong>11.12.2014<\/strong> <a href=\"http:\/\/gs-ravne.splet.arnes.si\/files\/2014\/11\/Javni-nastop-Prevalje-11.12.2014.pdf\">Programski list<\/a><br \/>\nGLASBENA U\u010cILNICA OSNOVNE \u0160OLE<br \/>\nOrganizatorka: Renata Mirkac<\/h5>\n<h5><strong>23.04.2015 <\/strong>(Zaklju\u010dni nastop oddelka Prevalje) <a href=\"http:\/\/gs-ravne.splet.arnes.si\/files\/2014\/11\/Zaklju\u010dni-koncert-oddelka-Prevalje-23.04.2015.pdf\">Programski list<\/a> <a href=\"http:\/\/www.gs-ravne.si\/?page_id=631&amp;album=5&amp;gallery=21\" target=\"_blank\">GALERIJA<\/a><br \/>\nGLASBENA U\u010cILNICA OSNOVNE \u0160OLE<br \/>\nOrganizatorka: Anita Zadravec<\/h5>\n<h5><strong>OB\u010cINA ME\u017dICA<\/strong><\/h5>\n<h5><strong>16.12.2014<\/strong> <a href=\"http:\/\/gs-ravne.splet.arnes.si\/files\/2014\/11\/Javni-nastop-u\u010dencev-Me\u017eica-16.12.2014.pdf\">Programski list<\/a> <a href=\"https:\/\/www.gs-ravne.si\/?page_id=631&amp;album=3&amp;gallery=14\" target=\"_blank\">GALERIJA<\/a><br \/>\nGLASBENI DOM ME\u017dICA<br \/>\nOrganizator: Du\u0161an \u0160triker<\/h5>\n<h5><strong>24.03.2015<\/strong><br \/>\nGLASBENI DOM ME\u017dICA <a href=\"http:\/\/gs-ravne.splet.arnes.si\/files\/2014\/11\/Javni-nastop-24.03.2015-Miklav\u017eina1.pdf\">Programski list<\/a> <a href=\"http:\/\/gs-ravne.splet.arnes.si\/?page_id=631&amp;album=5&amp;gallery=17\" target=\"_blank\">GALERIJA<\/a><br \/>\nOrganizator: Janez Miklav\u017eina<\/h5>\n<h5><strong>OB\u010cINA \u010cRNA NA KORO\u0160KEM<\/strong><\/h5>\n<h5><strong>02.12.2014<\/strong> <a href=\"http:\/\/gs-ravne.splet.arnes.si\/files\/2014\/11\/Javni-nastop-\u010crna-na-Koro\u0161kem-02.12.2014-Strm\u010dnik.pdf\">Programski list<\/a><br \/>\nU\u010cILNICA OSNOVNE \u0160OLE<br \/>\nOrganizator: Marko Strm\u010dnik<\/h5>\n<h5><strong>21.04.2015<\/strong> (Zaklju\u010dni nastop oddelka Me\u017eica in \u010crna na Koro\u0161kem) <a href=\"http:\/\/gs-ravne.splet.arnes.si\/files\/2014\/11\/Zaklju\u010dni-koncert-oddelka-\u010crna-Me\u017eica-21.04.2015.pdf\">Programski list<\/a> <a href=\"http:\/\/gs-ravne.splet.arnes.si\/?page_id=631&amp;album=5&amp;gallery=19\" target=\"_blank\">GALERIJA<\/a><br \/>\nKULTURNI DOM \u010cRNA NA KORO\u0160KEM<br \/>\nOrganizatorka: Helena Buhvald Goren\u0161ek<\/h5>\n<h5><strong>OB\u010cINA DRAVOGRAD<\/strong><\/h5>\n<h5><strong>15.12.2014 <\/strong><a href=\"http:\/\/gs-ravne.splet.arnes.si\/files\/2014\/11\/Javni-nastop-u\u010dencev-15.12.2014.pdf\">Programski list<\/a><br \/>\nJEDILNICA OSNOVNE \u0160OLE<br \/>\nOrganizatorka: Petra Delopst<\/h5>\n<h5><strong>20.04.2015<\/strong> (Zaklju\u010dni nastop oddelka Dravograd) <a href=\"http:\/\/gs-ravne.splet.arnes.si\/files\/2014\/11\/Zaklju\u010dni-koncert-oddelka-Dravograd-20.04.2015.pdf\">Programski list<\/a><br \/>\nJEDILNICA OSNOVNE \u0160OLE<br \/>\nOrganizatorka: Alenka Mori<\/h5>\n<h5><strong>OSTALI NASTOPI V \u0160OLSKEM LETU 2014\/2015<\/strong><\/h5>\n<h5><strong>08.11.2014<\/strong> \u2013 koncert v sodelovanju z Zasebno glasbeno \u0161olo Maestro iz Gornje Radgone (nadome\u0161\u010danje pouka za 2. januar 2015; obvezna udele\u017eba petkov urnik) <a href=\"http:\/\/gs-ravne.splet.arnes.si\/files\/2014\/11\/Koncert-08.11.2014.pdf\" target=\"_blank\">Programski list<\/a> <a href=\"http:\/\/gs-ravne.splet.arnes.si\/?page_id=631&amp;album=3&amp;gallery=2\" target=\"_blank\">GALERIJA<\/a><br \/>\n<strong>07.05.2015<\/strong> \u2013 23. revija koro\u0161kih glasbenih \u0161ol (ura po dogovoru), Radlje ob Dravi\u00a0\u00a0\u00a0\u00a0\u00a0\u00a0\u00a0\u00a0\u00a0\u00a0\u00a0\u00a0\u00a0\u00a0\u00a0\u00a0\u00a0\u00a0\u00a0\u00a0\u00a0\u00a0\u00a0\u00a0\u00a0\u00a0\u00a0\u00a0\u00a0\u00a0\u00a0\u00a0\u00a0\u00a0\u00a0\u00a0\u00a0\u00a0\u00a0\u00a0\u00a0\u00a0\u00a0\u00a0 <strong>22.04.2015<\/strong> \u2013 Koncert Godalnega orkestra Glasbene \u0161ole Ravne na Koro\u0161kem &amp; Simfoni\u010dnega orkestra Glasbene \u0161ole Velenje (Dru\u017ebeni dom Prevalje ob 18:30) <a href=\"http:\/\/gs-ravne.splet.arnes.si\/files\/2014\/11\/Koncert-simfoni\u010dnega-in-godalnega-orkestra-22.04.2015.pdf\">Programski list<\/a> <a href=\"http:\/\/gs-ravne.splet.arnes.si\/?page_id=631&amp;album=5&amp;gallery=20\" target=\"_blank\">GALERIJA<\/a><\/h5>\n<h5>TEMSIG<br \/>\n<strong>09. do 17.02.2015<\/strong> \u2013 regijska tekmovanja na glasbenih \u0161olah v raznih krajih Slovenije<br \/>\n<strong>09. do 20.03.2015<\/strong> \u2013 dr\u017eavno tekmovanje na glasbenih \u0161olah v primorski regiji<br \/>\nTekmovanje je razpisano za naslednje tekmovalne discipline:<br \/>\nVIOLINA, VIOLA, VIOLON\u010cELO, KONTRABAS, HARFA, KITARA, CITRE, ORGLE, KOMORNE SKUPINE S PIHALI, SOLFEGGIO.<br \/>\nKoncerti prvonagrajencev bodo potekali 25. 3. 2015 v Ljubljani, 26. 3. 2015 v Postojni in 27. 3. 2015 v Mariboru<br \/>\nudele\u017eba na drugih dr\u017eavnih in mednarodnih glasbenih tekmovanjih bo potekala na podlagi dogovora z u\u010ditelji in v okviru finan\u010dnih zmo\u017enosti.<\/h5>\n<p>&nbsp;<\/p>\n","protected":false},"excerpt":{"rendered":"<p>OB\u010cINA RAVNE NA KORO\u0160KEM 11.11.2014 Programski list KULTURNI CENTER RAVNE Organizator: Andrej Ofak Sodelujo\u010di u\u010ditelji: Tina Kseneman, Samo Kolar, \u0110or\u0111e Berak, Jelka Glavnik Berak, Tatjana Sagernik Kova\u010di\u010d, Valentina \u010cas (umetni\u0161ka sodelavka) 09.12.2014 Programski list KULTURNI CENTER RAVNE Organizatorka: Tatjana Sagernik &hellip; <a href=\"https:\/\/www.gs-ravne.si\/?page_id=462\">Beri naprej <span class=\"meta-nav\">&rarr;<\/span><\/a><\/p>\n","protected":false},"author":2856,"featured_media":0,"parent":0,"menu_order":0,"comment_status":"open","ping_status":"open","template":"","meta":{"ngg_post_thumbnail":0,"footnotes":""},"class_list":["post-462","page","type-page","status-publish","hentry"],"_links":{"self":[{"href":"https:\/\/www.gs-ravne.si\/index.php?rest_route=\/wp\/v2\/pages\/462","targetHints":{"allow":["GET"]}}],"collection":[{"href":"https:\/\/www.gs-ravne.si\/index.php?rest_route=\/wp\/v2\/pages"}],"about":[{"href":"https:\/\/www.gs-ravne.si\/index.php?rest_route=\/wp\/v2\/types\/page"}],"author":[{"embeddable":true,"href":"https:\/\/www.gs-ravne.si\/index.php?rest_route=\/wp\/v2\/users\/2856"}],"replies":[{"embeddable":true,"href":"https:\/\/www.gs-ravne.si\/index.php?rest_route=%2Fwp%2Fv2%2Fcomments&post=462"}],"version-history":[{"count":40,"href":"https:\/\/www.gs-ravne.si\/index.php?rest_route=\/wp\/v2\/pages\/462\/revisions"}],"predecessor-version":[{"id":920,"href":"https:\/\/www.gs-ravne.si\/index.php?rest_route=\/wp\/v2\/pages\/462\/revisions\/920"}],"wp:attachment":[{"href":"https:\/\/www.gs-ravne.si\/index.php?rest_route=%2Fwp%2Fv2%2Fmedia&parent=462"}],"curies":[{"name":"wp","href":"https:\/\/api.w.org\/{rel}","templated":true}]}}