{"id":4897,"date":"2024-10-09T09:35:12","date_gmt":"2024-10-09T07:35:12","guid":{"rendered":"https:\/\/gs-ravne.splet.arnes.si\/?page_id=4897"},"modified":"2025-06-03T12:45:27","modified_gmt":"2025-06-03T10:45:27","slug":"javni-nastopi-2024-2025","status":"publish","type":"page","link":"https:\/\/www.gs-ravne.si\/?page_id=4897","title":{"rendered":"Javni nastopi 2024\/2025"},"content":{"rendered":"\n<p>Vsi nastopi se za\u010dnejo ob 18.30 uri. Ura za\u010detka se lahko spremeni zaradi zasedenosti prostorov v ustanovah kjer potekajo nastopi.<\/p>\n\n\n\n<p><strong>LOKACIJE NASTOPOV<\/strong><\/p>\n\n\n\n<p>Oddelek Ravne na Koro\u0161kem<br>\u2022 Dvorana Glasbene \u0161ole Ravne na Koro\u0161kem (Javornik 35)<br>\u2022 Kuharjeva dvorana Koro\u0161ke osrednje knji\u017enice dr. Franca Su\u0161nika (Na Gradu 1)<br>\u2022 Koro\u0161ki dom starostnikov Ravne na Koro\u0161kem (Javornik 11)<\/p>\n\n\n\n<p>Oddelek Prevalje<br>\u2022 Glasbena u\u010dilnica O\u0160 Franja Goloba Prevalje (Polje 4)<br>\u2022 Dru\u017ebeni dom Prevalje (Trg 2a)<\/p>\n\n\n\n<p>Oddelek Me\u017eica<br>\u2022 Glasbeni dom Pihalnega orkestra Rudnika Me\u017eica (Kopali\u0161ka pot 2a)<br>\u2022 Narodni dom Me\u017eica (Trg 4. aprila 4)<\/p>\n\n\n\n<p>Oddelek \u010crna na Koro\u0161kem<br>\u2022 Kulturni dom \u010crna na Koro\u0161kem (Center 153)<\/p>\n\n\n\n<p>Oddelek Dravograd<br>\u2022 Jedilnica O\u0160 Neznanih talcev Dravograd (Trg 4. julija 64)<\/p>\n\n\n\n<p><strong>OB\u010cINA RAVNE NA KORO\u0160KEM<\/strong><\/p>\n\n\n\n<p>DOM STAROSTNIKOV RAVNE NA KORO\u0160KEM 12.11.2024<br>Organizator: Samo Kolar<br>Sodelujo\u010di u\u010ditelji: Renata Mirkac, Lana Trnar, Samo Kolar, Du\u0161an \u0160triker, Ana \u0160logar, Klemen Goren\u0161ek, Marko Strm\u010dnik, Jo\u017ee Mandl<\/p>\n\n\n\n<div data-wp-interactive=\"core\/file\" class=\"wp-block-file\"><object data-wp-bind--hidden=\"!state.hasPdfPreview\" hidden class=\"wp-block-file__embed\" data=\"https:\/\/www.gs-ravne.si\/files\/2024\/11\/Javni-nastop-ucencev-12.11.2024-Kolar.pdf\" type=\"application\/pdf\" style=\"width:100%;height:600px\" aria-label=\"Vdelava PROGRAMSKI LIST\"><\/object><a id=\"wp-block-file--media-23a2d26c-adcf-46f6-9ce9-4b7f611ce37b\" href=\"https:\/\/www.gs-ravne.si\/files\/2024\/11\/Javni-nastop-ucencev-12.11.2024-Kolar.pdf\">PROGRAMSKI LIST<\/a><a href=\"https:\/\/www.gs-ravne.si\/files\/2024\/11\/Javni-nastop-ucencev-12.11.2024-Kolar.pdf\" class=\"wp-block-file__button wp-element-button\" download aria-describedby=\"wp-block-file--media-23a2d26c-adcf-46f6-9ce9-4b7f611ce37b\">Prenos<\/a><\/div>\n\n\n\n<p>KORO\u0160KA OSREDNJA KNJI\u017dNJICA DR. FRANCA SU\u0160NIKA RAVNE 19.11.2024<br>Organizator: Andrej Ofak<br>Sodelujo\u010di u\u010ditelji: Ana Glu\u0161i\u010d, Sta\u0161a Skarlovnik, Aleksander Rogina, Igor Kone\u010dnik, Nadja Ro\u0161er, Gregor Kova\u010di\u010d, Andrej Ofak, Slavko Lesnik<\/p>\n\n\n\n<div data-wp-interactive=\"core\/file\" class=\"wp-block-file\"><object data-wp-bind--hidden=\"!state.hasPdfPreview\" hidden class=\"wp-block-file__embed\" data=\"https:\/\/www.gs-ravne.si\/files\/2024\/11\/Javni-nastop-ucencev-19.11.2024-Ofak.pdf\" type=\"application\/pdf\" style=\"width:100%;height:600px\" aria-label=\"Vdelava PROGRAMSKI LIST\"><\/object><a id=\"wp-block-file--media-bd4a6409-1e74-4be5-8463-af473b3d9123\" href=\"https:\/\/www.gs-ravne.si\/files\/2024\/11\/Javni-nastop-ucencev-19.11.2024-Ofak.pdf\">PROGRAMSKI LIST<\/a><a href=\"https:\/\/www.gs-ravne.si\/files\/2024\/11\/Javni-nastop-ucencev-19.11.2024-Ofak.pdf\" class=\"wp-block-file__button wp-element-button\" download aria-describedby=\"wp-block-file--media-bd4a6409-1e74-4be5-8463-af473b3d9123\">Prenos<\/a><\/div>\n\n\n\n<p>DOM STAROSTNIKOV RAVNE 5.12.2024<br>Miklav\u017eev koncert<br>Organizator: Bla\u017e Satler<br>Sodelujo\u010di u\u010ditelji in u\u010denci: vsi u\u010ditelji, ki pou\u010dujejo na oddelku Ravne<\/p>\n\n\n\n<div data-wp-interactive=\"core\/file\" class=\"wp-block-file\"><object data-wp-bind--hidden=\"!state.hasPdfPreview\" hidden class=\"wp-block-file__embed\" data=\"https:\/\/www.gs-ravne.si\/files\/2024\/12\/Miklavzev-koncert-oddelka-Ravne-5.12.2024-Satler.pdf\" type=\"application\/pdf\" style=\"width:100%;height:600px\" aria-label=\"Vdelava PROGRAMSKI LIST\"><\/object><a id=\"wp-block-file--media-dbeb1482-a50b-4c81-8111-c01723888078\" href=\"https:\/\/www.gs-ravne.si\/files\/2024\/12\/Miklavzev-koncert-oddelka-Ravne-5.12.2024-Satler.pdf\">PROGRAMSKI LIST<\/a><a href=\"https:\/\/www.gs-ravne.si\/files\/2024\/12\/Miklavzev-koncert-oddelka-Ravne-5.12.2024-Satler.pdf\" class=\"wp-block-file__button wp-element-button\" download aria-describedby=\"wp-block-file--media-dbeb1482-a50b-4c81-8111-c01723888078\">Prenos<\/a><\/div>\n\n\n\n<p>KORO\u0160KA OSREDNJA KNJI\u017dNJICA DR. FRANCA SU\u0160NIKA RAVNE 17.12.2024<br>Bo\u017ei\u010dni koncert pevcev<br>Organizator: Klemen Goren\u0161ek<br>Sodelujo\u010di u\u010ditelji in u\u010denci: korepetitorki in u\u010denci petja<\/p>\n\n\n\n<p>GLASBENA \u0160OLA RAVNE NA KORO\u0160KEM 3.3.2025<br>Javni nastop pianistov<br>Organizatorka: Helena Buhvald<br>Sodelujo\u010di u\u010ditelji: vsi u\u010ditelji klavirja<\/p>\n\n\n\n<div data-wp-interactive=\"core\/file\" class=\"wp-block-file\"><object data-wp-bind--hidden=\"!state.hasPdfPreview\" hidden class=\"wp-block-file__embed\" data=\"https:\/\/www.gs-ravne.si\/files\/2025\/03\/Javni-nastop-pianistov-3.3.2025-Buhvald.pdf\" type=\"application\/pdf\" style=\"width:100%;height:600px\" aria-label=\"Vdelava PROGRAMSKI LIST\"><\/object><a id=\"wp-block-file--media-bf203e36-5e76-4b05-8fb2-7de9933eb02f\" href=\"https:\/\/www.gs-ravne.si\/files\/2025\/03\/Javni-nastop-pianistov-3.3.2025-Buhvald.pdf\">PROGRAMSKI LIST<\/a><a href=\"https:\/\/www.gs-ravne.si\/files\/2025\/03\/Javni-nastop-pianistov-3.3.2025-Buhvald.pdf\" class=\"wp-block-file__button wp-element-button\" download aria-describedby=\"wp-block-file--media-bf203e36-5e76-4b05-8fb2-7de9933eb02f\">Prenos<\/a><\/div>\n\n\n\n<p>DOM STAROSTNIKOV RAVNE NA KORO\u0160KEM 6.3.2025<br>Nastop ob dnevu \u017eena<br>Organizator: Igor Kone\u010dnik<br>Sodelujo\u010di u\u010ditelji: Ana Glu\u0161i\u010d, Lana Trnar, Igor Kone\u010dnik, Davorin Jev\u0161nikar, Ana \u0160logar, Marko Strm\u010dnik, Slavko Lesnik, Aleksander Rogina, Tina Kseneman<\/p>\n\n\n\n<div data-wp-interactive=\"core\/file\" class=\"wp-block-file\"><object data-wp-bind--hidden=\"!state.hasPdfPreview\" hidden class=\"wp-block-file__embed\" data=\"https:\/\/www.gs-ravne.si\/files\/2025\/03\/Javni-nastop-ucencev-6.3.2025-Konecnik.pdf\" type=\"application\/pdf\" style=\"width:100%;height:600px\" aria-label=\"Vdelava PROGRAMSKI LIST\"><\/object><a id=\"wp-block-file--media-e759b513-30da-4282-847a-379354232016\" href=\"https:\/\/www.gs-ravne.si\/files\/2025\/03\/Javni-nastop-ucencev-6.3.2025-Konecnik.pdf\">PROGRAMSKI LIST<\/a><a href=\"https:\/\/www.gs-ravne.si\/files\/2025\/03\/Javni-nastop-ucencev-6.3.2025-Konecnik.pdf\" class=\"wp-block-file__button wp-element-button\" download aria-describedby=\"wp-block-file--media-e759b513-30da-4282-847a-379354232016\">Prenos<\/a><\/div>\n\n\n\n<p>KORO\u0160KA OSREDNJA KNJI\u017dNJICA DR. FRANCA SU\u0160NIKA RAVNE 18.3.2025<br>Nastop ob Gregorjevem in materinskem dnevu<br>Organizator: Klemen Goren\u0161ek<br>Sodelujo\u010di u\u010ditelji: Renata Mirkac, Sta\u0161a Skarlovnik, Du\u0161an \u0160triker, Nadja Ro\u0161er, Andrej Ofak, Jo\u017ee Mandl, Samo Kolar, \u017dge\u010d Jerica, Oskar Kolar, Lana Trnar<\/p>\n\n\n\n<div data-wp-interactive=\"core\/file\" class=\"wp-block-file\"><object data-wp-bind--hidden=\"!state.hasPdfPreview\" hidden class=\"wp-block-file__embed\" data=\"https:\/\/www.gs-ravne.si\/files\/2025\/03\/Javni-nastop-ucencev-18.3.2025-Gorensek.pdf\" type=\"application\/pdf\" style=\"width:100%;height:600px\" aria-label=\"Vdelava PROGRAMSKI LIST\"><\/object><a id=\"wp-block-file--media-71844f35-cd6c-48ea-8913-da3bd404d75d\" href=\"https:\/\/www.gs-ravne.si\/files\/2025\/03\/Javni-nastop-ucencev-18.3.2025-Gorensek.pdf\">PROGRAMSKI LIST<\/a><a href=\"https:\/\/www.gs-ravne.si\/files\/2025\/03\/Javni-nastop-ucencev-18.3.2025-Gorensek.pdf\" class=\"wp-block-file__button wp-element-button\" download aria-describedby=\"wp-block-file--media-71844f35-cd6c-48ea-8913-da3bd404d75d\">Prenos<\/a><\/div>\n\n\n\n<p>GLASBENA \u0160OLA RAVNE NA KORO\u0160KEM 1.4.2025<br>Javni nastop pianistov<br>Organizatorka: Sta\u0161a Skarlovnik<br>Sodelujo\u010di u\u010ditelji: vsi u\u010ditelji klavirja<\/p>\n\n\n\n<div data-wp-interactive=\"core\/file\" class=\"wp-block-file\"><object data-wp-bind--hidden=\"!state.hasPdfPreview\" hidden class=\"wp-block-file__embed\" data=\"https:\/\/www.gs-ravne.si\/files\/2025\/04\/Javni-nastop-pianistov-1.4.2025-Skarlovnik-S.pdf\" type=\"application\/pdf\" style=\"width:100%;height:600px\" aria-label=\"Vdelava PROGRAMSKI LIST\"><\/object><a id=\"wp-block-file--media-b641264b-e4f0-4fc4-badd-75ec18e17fb5\" href=\"https:\/\/www.gs-ravne.si\/files\/2025\/04\/Javni-nastop-pianistov-1.4.2025-Skarlovnik-S.pdf\">PROGRAMSKI LIST<\/a><a href=\"https:\/\/www.gs-ravne.si\/files\/2025\/04\/Javni-nastop-pianistov-1.4.2025-Skarlovnik-S.pdf\" class=\"wp-block-file__button wp-element-button\" download aria-describedby=\"wp-block-file--media-b641264b-e4f0-4fc4-badd-75ec18e17fb5\">Prenos<\/a><\/div>\n\n\n\n<p>DRU\u017dBENI DOM PREVALJE 23.4.2025<br>Zaklju\u010dni koncert oddelkov Ravne in Prevalje<br>Organizatorki: Nadja Ro\u0161er, Ela Skarlovnik<br>Sodelujo\u010di u\u010ditelji: vsi u\u010ditelji oddelka Ravne in Prevalje<\/p>\n\n\n\n<figure class=\"wp-block-embed is-type-video is-provider-youtube wp-block-embed-youtube wp-embed-aspect-16-9 wp-has-aspect-ratio\"><div class=\"wp-block-embed__wrapper\">\n<iframe loading=\"lazy\" title=\"Zaklju\u010dni koncert oddelkov Ravne in Prevalje 2025\" width=\"640\" height=\"360\" src=\"https:\/\/www.youtube.com\/embed\/TF92fi7Fqi0?feature=oembed\" frameborder=\"0\" allow=\"accelerometer; autoplay; clipboard-write; encrypted-media; gyroscope; picture-in-picture; web-share\" referrerpolicy=\"strict-origin-when-cross-origin\" allowfullscreen><\/iframe>\n<\/div><\/figure>\n\n\n\n<p>DRU\u017dBENI DOM PREVALJE 19.5.2025<br>Koncert orkestrov<br>Organizator: Aleksander Kotnik<br>Sodelujo\u010di: vsi orkestri<\/p>\n\n\n\n<figure class=\"wp-block-embed is-type-video is-provider-youtube wp-block-embed-youtube wp-embed-aspect-16-9 wp-has-aspect-ratio\"><div class=\"wp-block-embed__wrapper\">\n<iframe loading=\"lazy\" title=\"Zaklju\u010dni koncert orkestrov Glasbene \u0161ole Ravne na Koro\u0161kem 2025\" width=\"640\" height=\"360\" src=\"https:\/\/www.youtube.com\/embed\/mMAkzTeleq4?feature=oembed\" frameborder=\"0\" allow=\"accelerometer; autoplay; clipboard-write; encrypted-media; gyroscope; picture-in-picture; web-share\" referrerpolicy=\"strict-origin-when-cross-origin\" allowfullscreen><\/iframe>\n<\/div><\/figure>\n\n\n\n<div data-wp-interactive=\"core\/file\" class=\"wp-block-file\"><object data-wp-bind--hidden=\"!state.hasPdfPreview\" hidden class=\"wp-block-file__embed\" data=\"https:\/\/www.gs-ravne.si\/files\/2025\/05\/Zakljucni-koncert-orkestrov-19.5.2025.pdf\" type=\"application\/pdf\" style=\"width:100%;height:600px\" aria-label=\"Vdelava PROGRAMSKI LIST\"><\/object><a id=\"wp-block-file--media-57cfd30d-d9a4-4b2c-96ca-23fdafa6197c\" href=\"https:\/\/www.gs-ravne.si\/files\/2025\/05\/Zakljucni-koncert-orkestrov-19.5.2025.pdf\">PROGRAMSKI LIST<\/a><a href=\"https:\/\/www.gs-ravne.si\/files\/2025\/05\/Zakljucni-koncert-orkestrov-19.5.2025.pdf\" class=\"wp-block-file__button wp-element-button\" download aria-describedby=\"wp-block-file--media-57cfd30d-d9a4-4b2c-96ca-23fdafa6197c\">Prenos<\/a><\/div>\n\n\n\n<p>DOM STAROSTNIKOV RAVNE NA KORO\u0160KEM 3.6.2025<br>Nastop u\u010dencev 1. razredov pihal, trobil in tolkal<br>Organizator: Gregor Kova\u010di\u010d<br>Sodelujo\u010di u\u010ditelji: vsi u\u010ditelji pihal, trobil in tolk<\/p>\n\n\n\n<div data-wp-interactive=\"core\/file\" class=\"wp-block-file\"><object data-wp-bind--hidden=\"!state.hasPdfPreview\" hidden class=\"wp-block-file__embed\" data=\"https:\/\/www.gs-ravne.si\/files\/2025\/06\/Javni-nastop-ucencev-1.-razredov-3.6.2025-Kovacic.pdf\" type=\"application\/pdf\" style=\"width:100%;height:600px\" aria-label=\"Vdelava PROGRAMSKI LIST\"><\/object><a id=\"wp-block-file--media-9b89e5b8-65cf-412d-a5e3-31bd626f15a7\" href=\"https:\/\/www.gs-ravne.si\/files\/2025\/06\/Javni-nastop-ucencev-1.-razredov-3.6.2025-Kovacic.pdf\">PROGRAMSKI LIST<\/a><a href=\"https:\/\/www.gs-ravne.si\/files\/2025\/06\/Javni-nastop-ucencev-1.-razredov-3.6.2025-Kovacic.pdf\" class=\"wp-block-file__button wp-element-button\" download aria-describedby=\"wp-block-file--media-9b89e5b8-65cf-412d-a5e3-31bd626f15a7\">Prenos<\/a><\/div>\n\n\n\n<p>GLASBENA \u0160OLA RAVNE NA KORO\u0160KEM 10.6.2025<br>Nastop u\u010dencev 1. razredov klavirja<br>Organizatorka: Lana Trnar<br>Sodelujo\u010di u\u010ditelji: vsi u\u010ditelji klavirja<\/p>\n\n\n\n<p><strong>OB\u010cINA PREVALJE<\/strong><\/p>\n\n\n\n<p>O\u0160 PREVALJE-glasbena u\u010dilnica 4.12.2024<br>Miklav\u017eev nastop<br>Organizator: Jo\u017ee Mandl<br>Sodelujo\u010di u\u010ditelji: vsi u\u010ditelji oddelka Prevalje<\/p>\n\n\n\n<div data-wp-interactive=\"core\/file\" class=\"wp-block-file\"><object data-wp-bind--hidden=\"!state.hasPdfPreview\" hidden class=\"wp-block-file__embed\" data=\"https:\/\/www.gs-ravne.si\/files\/2024\/12\/Javni-nastop-ucencev-oddelka-Prevalje-4.12.2024-Mandl.pdf\" type=\"application\/pdf\" style=\"width:100%;height:600px\" aria-label=\"Vdelava PROGRAMSKI LIST\"><\/object><a id=\"wp-block-file--media-3b73dee6-50e8-4216-aade-c3d3440a1f3b\" href=\"https:\/\/www.gs-ravne.si\/files\/2024\/12\/Javni-nastop-ucencev-oddelka-Prevalje-4.12.2024-Mandl.pdf\">PROGRAMSKI LIST<\/a><a href=\"https:\/\/www.gs-ravne.si\/files\/2024\/12\/Javni-nastop-ucencev-oddelka-Prevalje-4.12.2024-Mandl.pdf\" class=\"wp-block-file__button wp-element-button\" download aria-describedby=\"wp-block-file--media-3b73dee6-50e8-4216-aade-c3d3440a1f3b\">Prenos<\/a><\/div>\n\n\n\n<p>O\u0160 PREVALJE-glasbena u\u010dilnica 25.3.2025<br>Nastop ob Materinskem dnevu<br>Organizatorka: Renata Mirkac<br>Sodelujo\u010di u\u010ditelji: vsi u\u010ditelji oddelka Prevalje<\/p>\n\n\n\n<div data-wp-interactive=\"core\/file\" class=\"wp-block-file\"><object data-wp-bind--hidden=\"!state.hasPdfPreview\" hidden class=\"wp-block-file__embed\" data=\"https:\/\/www.gs-ravne.si\/files\/2025\/03\/Javni-nastop-ucencev-25.3.2025-Mirkac.pdf\" type=\"application\/pdf\" style=\"width:100%;height:600px\" aria-label=\"Vdelava PROGRAMSKI LIST\"><\/object><a id=\"wp-block-file--media-40ed0be5-cc2a-4265-a83b-bb5c5282d7f5\" href=\"https:\/\/www.gs-ravne.si\/files\/2025\/03\/Javni-nastop-ucencev-25.3.2025-Mirkac.pdf\">PROGRAMSKI LIST<\/a><a href=\"https:\/\/www.gs-ravne.si\/files\/2025\/03\/Javni-nastop-ucencev-25.3.2025-Mirkac.pdf\" class=\"wp-block-file__button wp-element-button\" download aria-describedby=\"wp-block-file--media-40ed0be5-cc2a-4265-a83b-bb5c5282d7f5\">Prenos<\/a><\/div>\n\n\n\n<p>DRU\u017dBENI DOM PREVALJE 23.4.2025<br>Zaklju\u010dni koncert oddelkov Ravne in Prevalje<br>Organizatorki: Nadja Ro\u0161er, Ela Skarlovnik<br>Sodelujo\u010di u\u010ditelji: vsi u\u010ditelji oddelka Ravne in Prevalje<\/p>\n\n\n\n<p><strong>OB\u010cINA ME\u017dICA<\/strong><\/p>\n\n\n\n<p>GLASBENI DOM ME\u017dICA 10.12.2024<br>Bo\u017ei\u010dni nastop<br>Organizatorka: Davorin Jev\u0161nikar<br>Sodelujo\u010di u\u010ditelji: vsi u\u010ditelji oddelka Me\u017eica<\/p>\n\n\n\n<div data-wp-interactive=\"core\/file\" class=\"wp-block-file\"><object data-wp-bind--hidden=\"!state.hasPdfPreview\" hidden class=\"wp-block-file__embed\" data=\"https:\/\/www.gs-ravne.si\/files\/2024\/12\/Bozicni-nastop-ucencev-oddelka-Mezica-10.12.2024-Jevsnikar-1.pdf\" type=\"application\/pdf\" style=\"width:100%;height:600px\" aria-label=\"Vdelava PROGRAMSKI LIST\"><\/object><a id=\"wp-block-file--media-1df6a9dc-40b9-4319-8c5f-a9c29cd6a29a\" href=\"https:\/\/www.gs-ravne.si\/files\/2024\/12\/Bozicni-nastop-ucencev-oddelka-Mezica-10.12.2024-Jevsnikar-1.pdf\">PROGRAMSKI LIST<\/a><a href=\"https:\/\/www.gs-ravne.si\/files\/2024\/12\/Bozicni-nastop-ucencev-oddelka-Mezica-10.12.2024-Jevsnikar-1.pdf\" class=\"wp-block-file__button wp-element-button\" download aria-describedby=\"wp-block-file--media-1df6a9dc-40b9-4319-8c5f-a9c29cd6a29a\">Prenos<\/a><\/div>\n\n\n\n<p>GLASBENI DOM ME\u017dICA 8.4.2025<br>Organizatorka: Ana \u0160logar<br>Sodelujo\u010di u\u010ditelji: vsi u\u010ditelji oddelka Me\u017eica<\/p>\n\n\n\n<div data-wp-interactive=\"core\/file\" class=\"wp-block-file\"><object data-wp-bind--hidden=\"!state.hasPdfPreview\" hidden class=\"wp-block-file__embed\" data=\"https:\/\/www.gs-ravne.si\/files\/2025\/04\/Javni-nastop-ucencev-8.4.2025-Slogar-1.pdf\" type=\"application\/pdf\" style=\"width:100%;height:600px\" aria-label=\"Vdelava PROGRAMSKI LIST\"><\/object><a id=\"wp-block-file--media-12485d19-3ea7-4b3d-9ee0-214038716e51\" href=\"https:\/\/www.gs-ravne.si\/files\/2025\/04\/Javni-nastop-ucencev-8.4.2025-Slogar-1.pdf\">PROGRAMSKI LIST<\/a><a href=\"https:\/\/www.gs-ravne.si\/files\/2025\/04\/Javni-nastop-ucencev-8.4.2025-Slogar-1.pdf\" class=\"wp-block-file__button wp-element-button\" download aria-describedby=\"wp-block-file--media-12485d19-3ea7-4b3d-9ee0-214038716e51\">Prenos<\/a><\/div>\n\n\n\n<p>NARODNI DOM ME\u017dICA 27.5.2025<br>Zaklju\u010dni koncert oddelkov Me\u017eica in \u010crna<br>Organizatorja: Marko Strm\u010dnik, Du\u0161an \u0160triker<br>Sodelujo\u010di u\u010ditelji: vsi u\u010ditelji oddelka Me\u017eica in \u010crna<\/p>\n\n\n\n<div data-wp-interactive=\"core\/file\" class=\"wp-block-file\"><object data-wp-bind--hidden=\"!state.hasPdfPreview\" hidden class=\"wp-block-file__embed\" data=\"https:\/\/www.gs-ravne.si\/files\/2025\/05\/Zakljucni-koncert-oddelkov-Mezica-in-Crna-27.5.2025-Strmcnik-Striker-1.pdf\" type=\"application\/pdf\" style=\"width:100%;height:600px\" aria-label=\"Vdelava PROGRAMSKI LIST\"><\/object><a id=\"wp-block-file--media-5e7247bd-f054-47b2-9a80-87fdabec331e\" href=\"https:\/\/www.gs-ravne.si\/files\/2025\/05\/Zakljucni-koncert-oddelkov-Mezica-in-Crna-27.5.2025-Strmcnik-Striker-1.pdf\">PROGRAMSKI LIST<\/a><a href=\"https:\/\/www.gs-ravne.si\/files\/2025\/05\/Zakljucni-koncert-oddelkov-Mezica-in-Crna-27.5.2025-Strmcnik-Striker-1.pdf\" class=\"wp-block-file__button wp-element-button\" download aria-describedby=\"wp-block-file--media-5e7247bd-f054-47b2-9a80-87fdabec331e\">Prenos<\/a><\/div>\n\n\n\n<p><strong>OB\u010cINA \u010cRNA NA KORO\u0160KEM<\/strong><\/p>\n\n\n\n<p>KULTURNI DOM \u010cRNA 17.12.2024<br>Bo\u017ei\u010dni nastop<br>Organizatorka: Amalija Skrube<br>Sodelujo\u010di u\u010ditelji: vsi u\u010ditelji oddelka \u010crna<\/p>\n\n\n\n<div data-wp-interactive=\"core\/file\" class=\"wp-block-file\"><object data-wp-bind--hidden=\"!state.hasPdfPreview\" hidden class=\"wp-block-file__embed\" data=\"https:\/\/www.gs-ravne.si\/files\/2024\/12\/Bozicni-nastop-ucencev-oddelka-Crna-17.12.2024-Skrube.pdf\" type=\"application\/pdf\" style=\"width:100%;height:600px\" aria-label=\"Vdelava PROGRAMSKI LIST\"><\/object><a id=\"wp-block-file--media-e4576904-9271-4d1b-9593-34893abd9235\" href=\"https:\/\/www.gs-ravne.si\/files\/2024\/12\/Bozicni-nastop-ucencev-oddelka-Crna-17.12.2024-Skrube.pdf\">PROGRAMSKI LIST<\/a><a href=\"https:\/\/www.gs-ravne.si\/files\/2024\/12\/Bozicni-nastop-ucencev-oddelka-Crna-17.12.2024-Skrube.pdf\" class=\"wp-block-file__button wp-element-button\" download aria-describedby=\"wp-block-file--media-e4576904-9271-4d1b-9593-34893abd9235\">Prenos<\/a><\/div>\n\n\n\n<p>KULTURNI DOM \u010cRNA 3.4.2025<br>Organizator: Dominik Dobnik<br>Sodelujo\u010di u\u010ditelji: vsi u\u010ditelji oddelka \u010crna<\/p>\n\n\n\n<div data-wp-interactive=\"core\/file\" class=\"wp-block-file\"><object data-wp-bind--hidden=\"!state.hasPdfPreview\" hidden class=\"wp-block-file__embed\" data=\"https:\/\/www.gs-ravne.si\/files\/2025\/04\/Javni-nastop-ucencev-Dominik-Dobnik-3.4.2025.pdf\" type=\"application\/pdf\" style=\"width:100%;height:600px\" aria-label=\"Vdelava PROGRAMSKI LIST\"><\/object><a id=\"wp-block-file--media-2c814a86-ecbc-4090-a848-dcce0bd8079b\" href=\"https:\/\/www.gs-ravne.si\/files\/2025\/04\/Javni-nastop-ucencev-Dominik-Dobnik-3.4.2025.pdf\">PROGRAMSKI LIST<\/a><a href=\"https:\/\/www.gs-ravne.si\/files\/2025\/04\/Javni-nastop-ucencev-Dominik-Dobnik-3.4.2025.pdf\" class=\"wp-block-file__button wp-element-button\" download aria-describedby=\"wp-block-file--media-2c814a86-ecbc-4090-a848-dcce0bd8079b\">Prenos<\/a><\/div>\n\n\n\n<p>NARODNI DOM ME\u017dICA 27.5.2025<br>Zaklju\u010dni koncert oddelkov Me\u017eica in \u010crna<br>Organizatorja: Marko Strm\u010dnik, Du\u0161an \u0160triker<br>Sodelujo\u010di u\u010ditelji: vsi u\u010ditelji oddelka Me\u017eica in \u010crna<\/p>\n\n\n\n<div data-wp-interactive=\"core\/file\" class=\"wp-block-file\"><object data-wp-bind--hidden=\"!state.hasPdfPreview\" hidden class=\"wp-block-file__embed\" data=\"https:\/\/www.gs-ravne.si\/files\/2025\/05\/Zakljucni-koncert-oddelkov-Mezica-in-Crna-27.5.2025-Strmcnik-Striker-2.pdf\" type=\"application\/pdf\" style=\"width:100%;height:600px\" aria-label=\"Vdelava PROGRAMSKI LIST\"><\/object><a id=\"wp-block-file--media-ebc44487-4d65-48c5-b86b-e2bca7bdefec\" href=\"https:\/\/www.gs-ravne.si\/files\/2025\/05\/Zakljucni-koncert-oddelkov-Mezica-in-Crna-27.5.2025-Strmcnik-Striker-2.pdf\">PROGRAMSKI LIST<\/a><a href=\"https:\/\/www.gs-ravne.si\/files\/2025\/05\/Zakljucni-koncert-oddelkov-Mezica-in-Crna-27.5.2025-Strmcnik-Striker-2.pdf\" class=\"wp-block-file__button wp-element-button\" download aria-describedby=\"wp-block-file--media-ebc44487-4d65-48c5-b86b-e2bca7bdefec\">Prenos<\/a><\/div>\n\n\n\n<p><strong>OB\u010cINA DRAVOGRAD<\/strong><\/p>\n\n\n\n<p>JEDILNICA O\u0160 DRAVOGRAD 3.12.2024<br>Bo\u017ei\u010dni nastop<br>Organizatorka: Polona Blaznik Majcen<br>Sodelujo\u010di u\u010ditelji: vsi u\u010ditelji oddelka Dravograd<\/p>\n\n\n\n<div data-wp-interactive=\"core\/file\" class=\"wp-block-file\"><object data-wp-bind--hidden=\"!state.hasPdfPreview\" hidden class=\"wp-block-file__embed\" data=\"https:\/\/www.gs-ravne.si\/files\/2024\/12\/Bozicni-nastop-ucencev-oddelka-Dravograd-3.12.2024-Blaznik.pdf\" type=\"application\/pdf\" style=\"width:100%;height:600px\" aria-label=\"Vdelava PROGRAMSKI LIST\"><\/object><a id=\"wp-block-file--media-1ffb4c09-5cb3-4566-b33e-03cbb941e8df\" href=\"https:\/\/www.gs-ravne.si\/files\/2024\/12\/Bozicni-nastop-ucencev-oddelka-Dravograd-3.12.2024-Blaznik.pdf\">PROGRAMSKI LIST<\/a><a href=\"https:\/\/www.gs-ravne.si\/files\/2024\/12\/Bozicni-nastop-ucencev-oddelka-Dravograd-3.12.2024-Blaznik.pdf\" class=\"wp-block-file__button wp-element-button\" download aria-describedby=\"wp-block-file--media-1ffb4c09-5cb3-4566-b33e-03cbb941e8df\">Prenos<\/a><\/div>\n\n\n\n<p>O\u0160 DRAVOGRAD 15.4.2025<br>Zaklju\u010dni koncert oddelka Dravograd<br>Organizatorja: Alenka Mori, Slavko Lesnik<br>Sodelujo\u010di u\u010ditelji: vsi u\u010ditelji oddelka Dravograd<\/p>\n\n\n\n<figure class=\"wp-block-embed is-type-video is-provider-youtube wp-block-embed-youtube wp-embed-aspect-16-9 wp-has-aspect-ratio\"><div class=\"wp-block-embed__wrapper\">\n<iframe loading=\"lazy\" title=\"Zaklju\u010dni koncert u\u010dencev G\u0160 Ravne na Koro\u0161kem, oddelek Dravograd; 15. april 2025, O\u0160 Dravograd\" width=\"640\" height=\"360\" src=\"https:\/\/www.youtube.com\/embed\/XvIpBmTI09Y?feature=oembed\" frameborder=\"0\" allow=\"accelerometer; autoplay; clipboard-write; encrypted-media; gyroscope; picture-in-picture; web-share\" referrerpolicy=\"strict-origin-when-cross-origin\" allowfullscreen><\/iframe>\n<\/div><\/figure>\n\n\n\n<div data-wp-interactive=\"core\/file\" class=\"wp-block-file\"><object data-wp-bind--hidden=\"!state.hasPdfPreview\" hidden class=\"wp-block-file__embed\" data=\"https:\/\/www.gs-ravne.si\/files\/2025\/04\/Zakljucni-koncert-ucencev-15.4.2025-Mori-1.pdf\" type=\"application\/pdf\" style=\"width:100%;height:600px\" aria-label=\"Vdelava PROGRAMSKI LIST\"><\/object><a id=\"wp-block-file--media-067f266d-1198-482f-b998-d7c95b867690\" href=\"https:\/\/www.gs-ravne.si\/files\/2025\/04\/Zakljucni-koncert-ucencev-15.4.2025-Mori-1.pdf\">PROGRAMSKI LIST<\/a><a href=\"https:\/\/www.gs-ravne.si\/files\/2025\/04\/Zakljucni-koncert-ucencev-15.4.2025-Mori-1.pdf\" class=\"wp-block-file__button wp-element-button\" download aria-describedby=\"wp-block-file--media-067f266d-1198-482f-b998-d7c95b867690\">Prenos<\/a><\/div>\n\n\n\n<p><strong>OSTALI NASTOPI V \u0160OLSKEM LETU 2024\/2025<\/strong><\/p>\n\n\n\n<p><strong>3. -21. 3. 2025 <\/strong>TEMSIG &#8211; KLAVIR, FLAVTA, KLJUNASTA FLAVTA, OBOA,&nbsp;SAKSOFON, KLARINET, FAGOT, PETJE, DIATONI\u010cNA HARMONIKA, KOMORNE SKUPINE S TROBILI,&nbsp;KOMORNE SKUPINE JAZZ.<\/p>\n\n\n\n<p><strong>24. 1. 2025<\/strong> \u2013 Revija glasbenih \u0161ol \u0160tajerske, Koro\u0161ke in Pomurja (KGB Maribor ob 18.uri)<\/p>\n\n\n\n<p><strong>24. 4. 2025<\/strong> \u2013 Revija Koro\u0161kih glasbenih \u0161ol, Muta.<\/p>\n\n\n\n<p><strong>12.-23. 5. 2025<\/strong> \u2013 Predstavitve Glasbene \u0161ole za otroke vrtcev in osnovnih \u0161ol po ob\u010dinah delovanja \u0161ole.<\/p>\n\n\n\n<p><strong>28.-30. 5. 2025<\/strong> \u2013 Testiranja novincev<\/p>\n\n\n\n<p>Udele\u017eba na drugih dr\u017eavnih in mednarodnih&nbsp; glasbenih tekmovanjih bo potekala na podlagi dogovora z u\u010ditelji in v okviru finan\u010dnih zmo\u017enosti.<\/p>\n","protected":false},"excerpt":{"rendered":"<p>Vsi nastopi se za\u010dnejo ob 18.30 uri. Ura za\u010detka se lahko spremeni zaradi zasedenosti prostorov v ustanovah kjer potekajo nastopi. LOKACIJE NASTOPOV Oddelek Ravne na Koro\u0161kem\u2022 Dvorana Glasbene \u0161ole Ravne na Koro\u0161kem (Javornik 35)\u2022 Kuharjeva dvorana Koro\u0161ke osrednje knji\u017enice dr. &hellip; <a href=\"https:\/\/www.gs-ravne.si\/?page_id=4897\">Beri naprej <span class=\"meta-nav\">&rarr;<\/span><\/a><\/p>\n","protected":false},"author":2856,"featured_media":0,"parent":0,"menu_order":0,"comment_status":"closed","ping_status":"closed","template":"","meta":{"ngg_post_thumbnail":0,"footnotes":""},"class_list":["post-4897","page","type-page","status-publish","hentry"],"_links":{"self":[{"href":"https:\/\/www.gs-ravne.si\/index.php?rest_route=\/wp\/v2\/pages\/4897","targetHints":{"allow":["GET"]}}],"collection":[{"href":"https:\/\/www.gs-ravne.si\/index.php?rest_route=\/wp\/v2\/pages"}],"about":[{"href":"https:\/\/www.gs-ravne.si\/index.php?rest_route=\/wp\/v2\/types\/page"}],"author":[{"embeddable":true,"href":"https:\/\/www.gs-ravne.si\/index.php?rest_route=\/wp\/v2\/users\/2856"}],"replies":[{"embeddable":true,"href":"https:\/\/www.gs-ravne.si\/index.php?rest_route=%2Fwp%2Fv2%2Fcomments&post=4897"}],"version-history":[{"count":15,"href":"https:\/\/www.gs-ravne.si\/index.php?rest_route=\/wp\/v2\/pages\/4897\/revisions"}],"predecessor-version":[{"id":5074,"href":"https:\/\/www.gs-ravne.si\/index.php?rest_route=\/wp\/v2\/pages\/4897\/revisions\/5074"}],"wp:attachment":[{"href":"https:\/\/www.gs-ravne.si\/index.php?rest_route=%2Fwp%2Fv2%2Fmedia&parent=4897"}],"curies":[{"name":"wp","href":"https:\/\/api.w.org\/{rel}","templated":true}]}}