{"id":5102,"date":"2025-10-21T12:46:16","date_gmt":"2025-10-21T10:46:16","guid":{"rendered":"https:\/\/gs-ravne.splet.arnes.si\/?page_id=5102"},"modified":"2026-04-21T11:56:07","modified_gmt":"2026-04-21T09:56:07","slug":"javni-nastopi-2025-2026","status":"publish","type":"page","link":"https:\/\/www.gs-ravne.si\/?page_id=5102","title":{"rendered":"Javni nastopi 2025\/2026"},"content":{"rendered":"\n<p><\/p>\n\n\n\n<p><strong>LOKACIJE NASTOPOV<\/strong><\/p>\n\n\n\n<p>Oddelek Ravne na Koro\u0161kem<br>\u2022 Dvorana Glasbene \u0161ole Ravne na Koro\u0161kem (Javornik 35)<br>\u2022 Kuharjeva dvorana Koro\u0161ke osrednje knji\u017enice dr. Franca Su\u0161nika (Na Gradu 1)<br>\u2022 Koro\u0161ki dom starostnikov Ravne na Koro\u0161kem (Javornik 11)<\/p>\n\n\n\n<p>Oddelek Prevalje<br>\u2022 Glasbena u\u010dilnica O\u0160 Franja Goloba Prevalje (Polje 4)<br>\u2022 Dru\u017ebeni dom Prevalje (Trg 2a)<\/p>\n\n\n\n<p>Oddelek Me\u017eica<br>\u2022 Glasbeni dom Pihalnega orkestra Rudnika Me\u017eica (Kopali\u0161ka pot 2a)<br>\u2022 Narodni dom Me\u017eica (Trg 4. aprila 4)<\/p>\n\n\n\n<p>Oddelek \u010crna na Koro\u0161kem<br>\u2022 Kulturni dom \u010crna na Koro\u0161kem (Center 153)<\/p>\n\n\n\n<p>Oddelek Dravograd<br>\u2022 Jedilnica O\u0160 Neznanih talcev Dravograd (Trg 4. julija 64)<\/p>\n\n\n\n<p><strong>ODDELEK RAVNE NA KORO\u0160KEM<\/strong><\/p>\n\n\n\n<p>Ponedeljek, 24.11.2025 ob 18.30, Knji\u017enjica na gradu<br>ORGANIZATOR: Igor Kone\u010dnik<br>Sodelujo\u010di u\u010ditelji: Igor Kone\u010dnik, Ana Glu\u0161i\u010d, Sta\u0161a Skarlovnik, Davorin Jev\u0161nikar, Jo\u017ee Mandl, Gregor Kova\u010di\u010d, Nadja Ro\u0161er, Andrej Ofak, Aleksander Rogina<\/p>\n\n\n\n<div data-wp-interactive=\"core\/file\" class=\"wp-block-file\"><object data-wp-bind--hidden=\"!state.hasPdfPreview\" hidden class=\"wp-block-file__embed\" data=\"https:\/\/www.gs-ravne.si\/files\/2025\/11\/Javni-nastop-ucencev-24.11.2025-Konecnik.pdf\" type=\"application\/pdf\" style=\"width:100%;height:600px\" aria-label=\"Vdelava PROGRAMSKI LIST\"><\/object><a id=\"wp-block-file--media-d4529ccd-9cb7-4a68-9935-37e1c396e4f6\" href=\"https:\/\/www.gs-ravne.si\/files\/2025\/11\/Javni-nastop-ucencev-24.11.2025-Konecnik.pdf\">PROGRAMSKI LIST<\/a><a href=\"https:\/\/www.gs-ravne.si\/files\/2025\/11\/Javni-nastop-ucencev-24.11.2025-Konecnik.pdf\" class=\"wp-block-file__button wp-element-button\" download aria-describedby=\"wp-block-file--media-d4529ccd-9cb7-4a68-9935-37e1c396e4f6\">Download<\/a><\/div>\n\n\n\n<p>Sreda, 10.12.2025 ob 18.30, Dvorana G\u0160 Ravne \u2013 Prazni\u010dni nastop<br>ORGANIZATOR: Du\u0161an \u0160triker<br>Sodelujo\u010di u\u010ditelji: Du\u0161an \u0160triker, Lana Trnar, Ana \u0160logar, Bla\u017e Satler, Renata Mirkac, Samo Kolar, Marko Strm\u010dnik, Slavko Lesnik<\/p>\n\n\n\n<div data-wp-interactive=\"core\/file\" class=\"wp-block-file\"><object data-wp-bind--hidden=\"!state.hasPdfPreview\" hidden class=\"wp-block-file__embed\" data=\"https:\/\/www.gs-ravne.si\/files\/2025\/12\/Javni-nastop-ucencev-10.12.2025-Striker.pdf\" type=\"application\/pdf\" style=\"width:100%;height:600px\" aria-label=\"Vdelava PROGRAMSKI LIST\"><\/object><a id=\"wp-block-file--media-0118dbfb-1378-45cb-b81a-37b136001b12\" href=\"https:\/\/www.gs-ravne.si\/files\/2025\/12\/Javni-nastop-ucencev-10.12.2025-Striker.pdf\">PROGRAMSKI LIST<\/a><a href=\"https:\/\/www.gs-ravne.si\/files\/2025\/12\/Javni-nastop-ucencev-10.12.2025-Striker.pdf\" class=\"wp-block-file__button wp-element-button\" download aria-describedby=\"wp-block-file--media-0118dbfb-1378-45cb-b81a-37b136001b12\">Download<\/a><\/div>\n\n\n\n<p>Ponedeljek, 22.12.2025 ob 18.30, Knji\u017enjica\/grad \u2013 Nastop pevcev<br>ORGANIZATOR: Klemen Goren\u0161ek<br>Sodelujo\u010di u\u010ditelji: korepetitorke in u\u010denci petja<\/p>\n\n\n\n<p>Torek, 3.2.2026 ob 18.30, Dvorana G\u0160 Ravne \u2013 Nastop pihalcev<br>ORGANIZATOR: Gregor Kova\u010di\u010d<br>Sodelujo\u010di u\u010ditelji: vsi u\u010ditelji pihal in korepetitorke<\/p>\n\n\n\n<div data-wp-interactive=\"core\/file\" class=\"wp-block-file\"><object data-wp-bind--hidden=\"!state.hasPdfPreview\" hidden class=\"wp-block-file__embed\" data=\"https:\/\/www.gs-ravne.si\/files\/2026\/02\/Javni-nastop-ucencev-3.2.2025-Kovacic.pdf\" type=\"application\/pdf\" style=\"width:100%;height:600px\" aria-label=\"Vdelava PROGRAMSKI LIST\"><\/object><a id=\"wp-block-file--media-a04eb4ea-ebb0-42d8-a467-adba5195aafd\" href=\"https:\/\/www.gs-ravne.si\/files\/2026\/02\/Javni-nastop-ucencev-3.2.2025-Kovacic.pdf\">PROGRAMSKI LIST<\/a><a href=\"https:\/\/www.gs-ravne.si\/files\/2026\/02\/Javni-nastop-ucencev-3.2.2025-Kovacic.pdf\" class=\"wp-block-file__button wp-element-button\" download aria-describedby=\"wp-block-file--media-a04eb4ea-ebb0-42d8-a467-adba5195aafd\">Prenos<\/a><\/div>\n\n\n\n<p>Torek, 17.2.2026 ob 18.30, Dvorana G\u0160 Ravne \u2013 Nastop pianistov<br>ORGANIZATORKA: Lana Trnar<br>Sodelujo\u010di u\u010ditelji: vsi u\u010ditelji klavirja<\/p>\n\n\n\n<div data-wp-interactive=\"core\/file\" class=\"wp-block-file\"><object data-wp-bind--hidden=\"!state.hasPdfPreview\" hidden class=\"wp-block-file__embed\" data=\"https:\/\/www.gs-ravne.si\/files\/2026\/02\/Javni-nastop-pianistov-17.2.2026-Trnar.pdf\" type=\"application\/pdf\" style=\"width:100%;height:600px\" aria-label=\"Vdelava PROGRAMSKI LIST\"><\/object><a id=\"wp-block-file--media-bc183def-a86b-4734-9f35-a5814b5c3232\" href=\"https:\/\/www.gs-ravne.si\/files\/2026\/02\/Javni-nastop-pianistov-17.2.2026-Trnar.pdf\">PROGRAMSKI LIST<\/a><a href=\"https:\/\/www.gs-ravne.si\/files\/2026\/02\/Javni-nastop-pianistov-17.2.2026-Trnar.pdf\" class=\"wp-block-file__button wp-element-button\" download aria-describedby=\"wp-block-file--media-bc183def-a86b-4734-9f35-a5814b5c3232\">Prenos<\/a><\/div>\n\n\n\n<p>Torek, 10.3.2026 ob 18.30, Dom starostnikov \u2013 Nastop ob Dnevu \u017eena<br>ORGANIZATOR: Jo\u017ee Mandl<br>Sodelujo\u010di u\u010ditelji: Igor Kone\u010dnik, Ana Glu\u0161i\u010d, Sta\u0161a Skarlovnik, Davorin Jev\u0161nikar, Jo\u017ee Mandl, Gregor Kova\u010di\u010d, Nadja Ro\u0161er, Aleksander Rogina, Marko Strm\u010dnik<\/p>\n\n\n\n<div data-wp-interactive=\"core\/file\" class=\"wp-block-file\"><object data-wp-bind--hidden=\"!state.hasPdfPreview\" hidden class=\"wp-block-file__embed\" data=\"https:\/\/www.gs-ravne.si\/files\/2026\/03\/Javni-nastop-ucencev-10.3.2026-Mandl.pdf\" type=\"application\/pdf\" style=\"width:100%;height:600px\" aria-label=\"Vdelava PROGRAMSKI LIST\"><\/object><a id=\"wp-block-file--media-70e65a8b-a19e-4cfd-a985-e101f1870a46\" href=\"https:\/\/www.gs-ravne.si\/files\/2026\/03\/Javni-nastop-ucencev-10.3.2026-Mandl.pdf\">PROGRAMSKI LIST<\/a><a href=\"https:\/\/www.gs-ravne.si\/files\/2026\/03\/Javni-nastop-ucencev-10.3.2026-Mandl.pdf\" class=\"wp-block-file__button wp-element-button\" download aria-describedby=\"wp-block-file--media-70e65a8b-a19e-4cfd-a985-e101f1870a46\">Prenos<\/a><\/div>\n\n\n\n<p>Ponedeljek, 23.3.2026 ob 18.30, Knji\u017enjica\/grad<br>ORGANIZATOR: Andrej Ofak<br>Sodelujo\u010di u\u010ditelji: Du\u0161an \u0160triker, Lana Trnar, Ana \u0160logar, Bla\u017e Satler, Renata Mirkac, Samo Kolar, Slavko Lesnik, Dominik Dobnik, Valentin Rogina<\/p>\n\n\n\n<div data-wp-interactive=\"core\/file\" class=\"wp-block-file\"><object data-wp-bind--hidden=\"!state.hasPdfPreview\" hidden class=\"wp-block-file__embed\" data=\"https:\/\/www.gs-ravne.si\/files\/2026\/03\/Javni-nastop-ucencev-23.3.2026-Ofak-1.pdf\" type=\"application\/pdf\" style=\"width:100%;height:600px\" aria-label=\"Vdelava PROGRAMSKI LIST\"><\/object><a id=\"wp-block-file--media-27162f91-6aef-48c4-8c38-921effcd3cf1\" href=\"https:\/\/www.gs-ravne.si\/files\/2026\/03\/Javni-nastop-ucencev-23.3.2026-Ofak-1.pdf\">PROGRAMSKI LIST<\/a><a href=\"https:\/\/www.gs-ravne.si\/files\/2026\/03\/Javni-nastop-ucencev-23.3.2026-Ofak-1.pdf\" class=\"wp-block-file__button wp-element-button\" download aria-describedby=\"wp-block-file--media-27162f91-6aef-48c4-8c38-921effcd3cf1\">Prenos<\/a><\/div>\n\n\n\n<p>Torek, 14.4.2026 ob 18.30, Dvorana G\u0160 Ravne \u2013 Nastop pianistov<br>ORGANIZATORKA: Sta\u0161a Skarlovnik<br>Sodelujo\u010di u\u010ditelji: vsi u\u010ditelji klavirja<\/p>\n\n\n\n<div data-wp-interactive=\"core\/file\" class=\"wp-block-file\"><object data-wp-bind--hidden=\"!state.hasPdfPreview\" hidden class=\"wp-block-file__embed\" data=\"https:\/\/www.gs-ravne.si\/files\/2026\/04\/Javni-nastop-pianistov-14.04.2026-Skarlovnik-S.pdf\" type=\"application\/pdf\" style=\"width:100%;height:600px\" aria-label=\"Vdelava PROGRAMSKI LIST\"><\/object><a id=\"wp-block-file--media-301267c1-ba84-4378-b98e-c2fe85abf31e\" href=\"https:\/\/www.gs-ravne.si\/files\/2026\/04\/Javni-nastop-pianistov-14.04.2026-Skarlovnik-S.pdf\">PROGRAMSKI LIST<\/a><a href=\"https:\/\/www.gs-ravne.si\/files\/2026\/04\/Javni-nastop-pianistov-14.04.2026-Skarlovnik-S.pdf\" class=\"wp-block-file__button wp-element-button\" download aria-describedby=\"wp-block-file--media-301267c1-ba84-4378-b98e-c2fe85abf31e\">Prenos<\/a><\/div>\n\n\n\n<p>Sreda, 22.4.2026 ob 18.00, Dru\u017ebeni dom Prevalje \u2013 Zaklju\u010dni koncert oddelka Ravne in Prevalje<br>ORGANIZATORICI: Nadja Ro\u0161er, Renata Mirkac<br>Sodelujo\u010di u\u010ditelji: vsi u\u010ditelji, ki pou\u010dujejo na oddelku Ravne in Prevalje, u\u010diteljica baleta<\/p>\n\n\n\n<div data-wp-interactive=\"core\/file\" class=\"wp-block-file\"><object data-wp-bind--hidden=\"!state.hasPdfPreview\" hidden class=\"wp-block-file__embed\" data=\"https:\/\/www.gs-ravne.si\/files\/2026\/04\/Zakljucni-koncert-ucencev-22.4.2026-Roser.pdf\" type=\"application\/pdf\" style=\"width:100%;height:600px\" aria-label=\"Vdelava PROGRAMSKI LIST\"><\/object><a id=\"wp-block-file--media-a0d7fed5-e95d-4c79-bd5b-8f1616877316\" href=\"https:\/\/www.gs-ravne.si\/files\/2026\/04\/Zakljucni-koncert-ucencev-22.4.2026-Roser.pdf\">PROGRAMSKI LIST<\/a><a href=\"https:\/\/www.gs-ravne.si\/files\/2026\/04\/Zakljucni-koncert-ucencev-22.4.2026-Roser.pdf\" class=\"wp-block-file__button wp-element-button\" download aria-describedby=\"wp-block-file--media-a0d7fed5-e95d-4c79-bd5b-8f1616877316\">Prenos<\/a><\/div>\n\n\n\n<p>Torek, 26.5.2026 ob 18.00, Dru\u017ebeni dom Prevalje \u2013 Koncert orkestrov<br>ORGANIZATOR: Aleksander Kotnik<br>Sodelujo\u010di: vsi orkestri<\/p>\n\n\n\n<p><strong>ODDELEK PREVALJE<\/strong><\/p>\n\n\n\n<p>Sreda, 3.12.2025 ob 18.30, O\u0160 Prevalje<br>ORGANIZATORKA: Ana Glu\u0161i\u010d<br>Sodelujo\u010di u\u010ditelji: vsi u\u010ditelji, ki pou\u010dujejo na oddelku Prevalje<\/p>\n\n\n\n<div data-wp-interactive=\"core\/file\" class=\"wp-block-file\"><object data-wp-bind--hidden=\"!state.hasPdfPreview\" hidden class=\"wp-block-file__embed\" data=\"https:\/\/www.gs-ravne.si\/files\/2025\/12\/Javni-nastop-ucencev-3.12.2025-Glusic-A.pdf\" type=\"application\/pdf\" style=\"width:100%;height:600px\" aria-label=\"Vdelava PROGRAMSKI LIST\"><\/object><a id=\"wp-block-file--media-50c9a864-ac6d-4081-8668-be1b05292635\" href=\"https:\/\/www.gs-ravne.si\/files\/2025\/12\/Javni-nastop-ucencev-3.12.2025-Glusic-A.pdf\">PROGRAMSKI LIST<\/a><a href=\"https:\/\/www.gs-ravne.si\/files\/2025\/12\/Javni-nastop-ucencev-3.12.2025-Glusic-A.pdf\" class=\"wp-block-file__button wp-element-button\" download aria-describedby=\"wp-block-file--media-50c9a864-ac6d-4081-8668-be1b05292635\">Download<\/a><\/div>\n\n\n\n<p>Torek, 31.3.2026 ob 18.30, O\u0160 Prevalje<br>ORGANIZATOR: Davorin Jev\u0161nikar<br>Sodelujo\u010di u\u010ditelji: vsi u\u010ditelji, ki pou\u010dujejo na oddelku Prevalje<\/p>\n\n\n\n<div data-wp-interactive=\"core\/file\" class=\"wp-block-file\"><object data-wp-bind--hidden=\"!state.hasPdfPreview\" hidden class=\"wp-block-file__embed\" data=\"https:\/\/www.gs-ravne.si\/files\/2026\/03\/Javni-nastop-Prevalje-31.3.2026-Jevsnikar.pdf\" type=\"application\/pdf\" style=\"width:100%;height:600px\" aria-label=\"Vdelava PROGRAMSKI LIST\"><\/object><a id=\"wp-block-file--media-50729641-3936-4fc3-9716-c192647e9d1b\" href=\"https:\/\/www.gs-ravne.si\/files\/2026\/03\/Javni-nastop-Prevalje-31.3.2026-Jevsnikar.pdf\">PROGRAMSKI LIST<\/a><a href=\"https:\/\/www.gs-ravne.si\/files\/2026\/03\/Javni-nastop-Prevalje-31.3.2026-Jevsnikar.pdf\" class=\"wp-block-file__button wp-element-button\" download aria-describedby=\"wp-block-file--media-50729641-3936-4fc3-9716-c192647e9d1b\">Prenos<\/a><\/div>\n\n\n\n<p><strong>ODDELEK ME\u017dICA<\/strong><\/p>\n\n\n\n<p>Torek, 16.12.2025 ob 18.30, Glasbeni dom Me\u017eica<br>ORGANIZATORKA: Helena Buhvald<br>Sodelujo\u010di u\u010ditelji: vsi u\u010ditelji, ki pou\u010dujejo na oddelku Me\u017eica<\/p>\n\n\n\n<div data-wp-interactive=\"core\/file\" class=\"wp-block-file\"><object data-wp-bind--hidden=\"!state.hasPdfPreview\" hidden class=\"wp-block-file__embed\" data=\"https:\/\/www.gs-ravne.si\/files\/2025\/12\/Javni-nastop-ucencev-16.12.2025-Buhvald.pdf\" type=\"application\/pdf\" style=\"width:100%;height:600px\" aria-label=\"Vdelava PROGRAMSKI LIST\"><\/object><a id=\"wp-block-file--media-2847a363-355d-4245-be5c-5caeae584820\" href=\"https:\/\/www.gs-ravne.si\/files\/2025\/12\/Javni-nastop-ucencev-16.12.2025-Buhvald.pdf\">PROGRAMSKI LIST<\/a><a href=\"https:\/\/www.gs-ravne.si\/files\/2025\/12\/Javni-nastop-ucencev-16.12.2025-Buhvald.pdf\" class=\"wp-block-file__button wp-element-button\" download aria-describedby=\"wp-block-file--media-2847a363-355d-4245-be5c-5caeae584820\">Prenos<\/a><\/div>\n\n\n\n<p>\u010cetrtek, 2.4.2026 ob 18.30, Narodni dom Me\u017eica<br>*nastopajo u\u010denci oddelkov Me\u017eica in \u010crna + balet<br>ORGANIZATORKA: Ana \u0160logar<br>Sodelujo\u010di u\u010ditelji: vsi u\u010ditelji, ki pou\u010dujejo na oddelku Me\u017eica in \u010crna<\/p>\n\n\n\n<div data-wp-interactive=\"core\/file\" class=\"wp-block-file\"><object data-wp-bind--hidden=\"!state.hasPdfPreview\" hidden class=\"wp-block-file__embed\" data=\"https:\/\/www.gs-ravne.si\/files\/2026\/04\/Javni-nastop-ucencev-2.4.2026-Slogar.pdf\" type=\"application\/pdf\" style=\"width:100%;height:600px\" aria-label=\"Vdelava PROGRAMSKI LIST\"><\/object><a id=\"wp-block-file--media-10ff450e-ad9a-4c38-a56e-153345386423\" href=\"https:\/\/www.gs-ravne.si\/files\/2026\/04\/Javni-nastop-ucencev-2.4.2026-Slogar.pdf\">PROGRAMSKI LIST<\/a><a href=\"https:\/\/www.gs-ravne.si\/files\/2026\/04\/Javni-nastop-ucencev-2.4.2026-Slogar.pdf\" class=\"wp-block-file__button wp-element-button\" download aria-describedby=\"wp-block-file--media-10ff450e-ad9a-4c38-a56e-153345386423\">Prenos<\/a><\/div>\n\n\n\n<p><strong>ODDELEK \u010cRNA NA KORO\u0160KEM<\/strong><\/p>\n\n\n\n<p>Torek, 9.12.2025 ob 18.30, Kulturni dom \u010crna<br>ORGANIZATOR: Jo\u017ee Mandl<br>Sodelujo\u010di u\u010ditelji: Vsi u\u010ditelji, ki pou\u010dujejo na oddelku \u010crna<\/p>\n\n\n\n<div data-wp-interactive=\"core\/file\" class=\"wp-block-file\"><object data-wp-bind--hidden=\"!state.hasPdfPreview\" hidden class=\"wp-block-file__embed\" data=\"https:\/\/www.gs-ravne.si\/files\/2025\/12\/Javni-nastop-ucencev-9.12.2025-Mandl.pdf\" type=\"application\/pdf\" style=\"width:100%;height:600px\" aria-label=\"Vdelava PROGRAMSKI LIST\"><\/object><a id=\"wp-block-file--media-88cad38c-5313-4db4-b641-58a3bf28b94d\" href=\"https:\/\/www.gs-ravne.si\/files\/2025\/12\/Javni-nastop-ucencev-9.12.2025-Mandl.pdf\">PROGRAMSKI LIST<\/a><a href=\"https:\/\/www.gs-ravne.si\/files\/2025\/12\/Javni-nastop-ucencev-9.12.2025-Mandl.pdf\" class=\"wp-block-file__button wp-element-button\" download aria-describedby=\"wp-block-file--media-88cad38c-5313-4db4-b641-58a3bf28b94d\">Download<\/a><\/div>\n\n\n\n<p>Torek, 19.5.2026 ob 18.00, Kulturni dom \u010crna \u2013 Zaklju\u010dni koncert oddelkov \u010crna in Me\u017eica<br>ORGANIZATORJA: Marko Strm\u010dnik, Slavko Lesnik<br>Sodelujo\u010di u\u010ditelji: Vsi u\u010ditelji, ki pou\u010dujejo na oddelku \u010crna in Me\u017eica<\/p>\n\n\n\n<p><strong>ODDELEK DRAVOGRAD<\/strong><\/p>\n\n\n\n<p>Torek, 2.12.2025, ob 18.30, Jedilnica O\u0160 Dravograd<br>ORGANIZATOR: Aleksander Rogina<br>Sodelujo\u010di u\u010ditelji: Vsi u\u010ditelji, ki pou\u010dujejo na oddelku Dravograd<\/p>\n\n\n\n<div data-wp-interactive=\"core\/file\" class=\"wp-block-file\"><object data-wp-bind--hidden=\"!state.hasPdfPreview\" hidden class=\"wp-block-file__embed\" data=\"https:\/\/www.gs-ravne.si\/files\/2025\/12\/Javni-nastop-ucencev-2.12.2025-Rogina-A.pdf\" type=\"application\/pdf\" style=\"width:100%;height:600px\" aria-label=\"Vdelava PROGRAMSKI LIST\"><\/object><a id=\"wp-block-file--media-57ca9644-882c-41fe-bda0-30bec62fec5b\" href=\"https:\/\/www.gs-ravne.si\/files\/2025\/12\/Javni-nastop-ucencev-2.12.2025-Rogina-A.pdf\">PROGRAMSKI LIST<\/a><a href=\"https:\/\/www.gs-ravne.si\/files\/2025\/12\/Javni-nastop-ucencev-2.12.2025-Rogina-A.pdf\" class=\"wp-block-file__button wp-element-button\" download aria-describedby=\"wp-block-file--media-57ca9644-882c-41fe-bda0-30bec62fec5b\">Download<\/a><\/div>\n\n\n\n<p>Torek, 17.3.2026, ob 18.30, Jedilnica O\u0160 Dravograd<br>ORGANIZATORKA: Alenka Mori<br>Sodelujo\u010di u\u010ditelji: Vsi u\u010ditelji, ki pou\u010dujejo na oddelku Dravograd<\/p>\n\n\n\n<div data-wp-interactive=\"core\/file\" class=\"wp-block-file\"><object data-wp-bind--hidden=\"!state.hasPdfPreview\" hidden class=\"wp-block-file__embed\" data=\"https:\/\/www.gs-ravne.si\/files\/2026\/03\/Javni-nastop-ucencev-17.03.2026-Mori-A.pdf\" type=\"application\/pdf\" style=\"width:100%;height:600px\" aria-label=\"Vdelava PROGRAMSKI LIST\"><\/object><a id=\"wp-block-file--media-047037f1-4429-4415-ac02-37ee3740a9b1\" href=\"https:\/\/www.gs-ravne.si\/files\/2026\/03\/Javni-nastop-ucencev-17.03.2026-Mori-A.pdf\">PROGRAMSKI LIST<\/a><a href=\"https:\/\/www.gs-ravne.si\/files\/2026\/03\/Javni-nastop-ucencev-17.03.2026-Mori-A.pdf\" class=\"wp-block-file__button wp-element-button\" download aria-describedby=\"wp-block-file--media-047037f1-4429-4415-ac02-37ee3740a9b1\">Prenos<\/a><\/div>\n\n\n\n<p>Nastopi 1. razredov se organizirajo znotraj aktiva, prav tako se znotraj aktiva dolo\u010di organizator, ki kontaktira aktiv pianistov, zaradi korepetitorjev.<br>U\u010ditelji nauka o glasbi, ki pou\u010dujejo glasbeno pripravnico, sami izberejo nastop na katerem bodo nastopili, se dogovorijo s svojim korepetitorjem in organizatorjem nastopa.<\/p>\n\n\n\n<p><strong>OSTALI NASTOPI<\/strong><\/p>\n\n\n\n<p>Nastope svojega razreda organizira vsak u\u010ditelj sam. Datum javi tajniku, ki opravi rezervacijo razpolo\u017eljive dvorane. V kolikor pri nastopu potrebuje pomo\u010d hi\u0161nika, mu u\u010ditelj pravo\u010dasno javi. Tekmovalci na javnih nastopih ne izvajajo celotnega tekmovalnega programa, temu so namenjeni nastopi tekmovalcev, ki se organizirajo v dogovoru z u\u010ditelji, ki pou\u010dujejo tekmovalce in njihovimi korepetitorji.<\/p>\n\n\n\n<p>TEMSIG 3.-25. 3. 2026 na glasbenih \u0161olah Ljubljane \u2013 TROBENTA, ROG, POZAVNA, TUBA, EVFONIJ, TOLKALA, HARMONIKA, TAMBURICA, KITARSKI DUO, KLAVIRSKI DUO, KOMORNE SKUPINE Z GODALI IN KLAVIRJEM ter JAZZ SOLO.<\/p>\n\n\n\n<p>23. 1. 2026 ob 18.00 \u2013 Revija glasbenih \u0161ol \u0160tajerske, Koro\u0161ke in Pomurja (KGB Maribor)<\/p>\n\n\n\n<p>23. 4. 2026 ob 18.00 \u2013 Koro\u0161ka revija glasbenih \u0161ol (potekala bo na Glasbeni \u0161oli Slovenj Gradec, saj kulturni dom na Ravnah na Koro\u0161kem \u0161e ni dokon\u010dan)<\/p>\n\n\n\n<p>11.-22. 5. 2026 \u2013 Predstavitve Glasbene \u0161ole Ravne na Koro\u0161kem za otroke vrtcev in osnovnih \u0161ol po ob\u010dinah delovanja \u0161ole<\/p>\n\n\n\n<p>27.-29. 5. in 1. 6. 2026 \u2013 Testiranja novincev<\/p>\n\n\n\n<p>Udele\u017eba na dr\u017eavnih in mednarodnih tekmovanjih bo potekala na podlagi dogovora z u\u010ditelji in v okviru finan\u010dnih zmo\u017enosti \u0161ole.<\/p>\n","protected":false},"excerpt":{"rendered":"<p>LOKACIJE NASTOPOV Oddelek Ravne na Koro\u0161kem\u2022 Dvorana Glasbene \u0161ole Ravne na Koro\u0161kem (Javornik 35)\u2022 Kuharjeva dvorana Koro\u0161ke osrednje knji\u017enice dr. Franca Su\u0161nika (Na Gradu 1)\u2022 Koro\u0161ki dom starostnikov Ravne na Koro\u0161kem (Javornik 11) Oddelek Prevalje\u2022 Glasbena u\u010dilnica O\u0160 Franja Goloba &hellip; <a href=\"https:\/\/www.gs-ravne.si\/?page_id=5102\">Beri naprej <span class=\"meta-nav\">&rarr;<\/span><\/a><\/p>\n","protected":false},"author":2856,"featured_media":0,"parent":0,"menu_order":0,"comment_status":"closed","ping_status":"closed","template":"","meta":{"ngg_post_thumbnail":0,"footnotes":""},"class_list":["post-5102","page","type-page","status-publish","hentry"],"_links":{"self":[{"href":"https:\/\/www.gs-ravne.si\/index.php?rest_route=\/wp\/v2\/pages\/5102","targetHints":{"allow":["GET"]}}],"collection":[{"href":"https:\/\/www.gs-ravne.si\/index.php?rest_route=\/wp\/v2\/pages"}],"about":[{"href":"https:\/\/www.gs-ravne.si\/index.php?rest_route=\/wp\/v2\/types\/page"}],"author":[{"embeddable":true,"href":"https:\/\/www.gs-ravne.si\/index.php?rest_route=\/wp\/v2\/users\/2856"}],"replies":[{"embeddable":true,"href":"https:\/\/www.gs-ravne.si\/index.php?rest_route=%2Fwp%2Fv2%2Fcomments&post=5102"}],"version-history":[{"count":14,"href":"https:\/\/www.gs-ravne.si\/index.php?rest_route=\/wp\/v2\/pages\/5102\/revisions"}],"predecessor-version":[{"id":5225,"href":"https:\/\/www.gs-ravne.si\/index.php?rest_route=\/wp\/v2\/pages\/5102\/revisions\/5225"}],"wp:attachment":[{"href":"https:\/\/www.gs-ravne.si\/index.php?rest_route=%2Fwp%2Fv2%2Fmedia&parent=5102"}],"curies":[{"name":"wp","href":"https:\/\/api.w.org\/{rel}","templated":true}]}}