{"id":552,"date":"2014-11-11T12:36:39","date_gmt":"2014-11-11T11:36:39","guid":{"rendered":"http:\/\/gs-ravne.splet.arnes.si\/?page_id=552"},"modified":"2024-09-25T13:33:02","modified_gmt":"2024-09-25T11:33:02","slug":"oddelki","status":"publish","type":"page","link":"https:\/\/www.gs-ravne.si\/?page_id=552","title":{"rendered":"Oddelki"},"content":{"rendered":"<h5 style=\"text-align: justify\"><strong>RAVNE NA KORO\u0160KEM<\/strong><br \/>\nOddelek Ravne na Koro\u0161kem je mati\u010dni oddelek, na osnovi katerega so se kasneje gradili in razvijali ostali \u0161tirje oddelki \u0161ole. Oddelek deluje v svojih prostorih, ki se nahajajo v drugem nadstropju stavbe \u00bbOsnovne \u0161ole Koro\u0161ki jeklarji\u00ab in s samostojnim vhodom. V teh prostorih potekajo poleg pouka in vseh nastopov tudi vsa glavna dogajanja na \u0161oli: delitev urnikov, redovalne konference, strokovni aktivi, letni izpit in delitev spri\u010deval. Na oddelku Ravne na Koro\u0161kem se pou\u010dujejo vsi instrumenti katere pou\u010dujemo na glasbeni \u0161oli, NOG, pripravnica , solopetje, razni komorni sestavi in orkestri. V \u010dast nam je, da na oddelku deluje Mladinski pihalni orkester, ki ima \u017ee zelo dolgo tradicijo in je v kraju dobro poznan, godalni orkester in uspe\u0161en, ter po nastopih zelo aktiven tolkalni orkester. Oddelek deluje na dveh lokacijah. Prva lokacija je na mati\u010dni \u0161oli, kjer poteka individualni pouk v desetih manj\u0161ih u\u010dilnicah, v dveh ve\u010djih u\u010dilnicah poteka skupinski pouk NOG in pripravnice, v dvorani ki sprejme do 50 ljudi pa potekajo javni in interni nastopi, ter priprave u\u010dencev na nastope in razna tekmovanja. Druga lokacija pa je v Glasbenem domu Pihalnega orkestra \u017eelezarjev Ravne. V teh prostorih koristimo malo dvorano, kjer poteka pouk oddelka tolkal in vaje delujo\u010dih \u0161olskih orkestrov, ter veliko dvorano, kjer se pou\u010dujejo koni\u010dna trobila. Poleg dveh dvoran, pa je za potrebe glasbene \u0161ole na voljo \u0161e ena u\u010dilnica, v kateri lahko po dogovoru z u\u010diteljem vadijo u\u010denci tolkalnega oddelka na instrumente, katerih nimajo doma. Javni nastopi u\u010dencev pa se izvajajo v prostorih Kulturnega centra Ravne na Koro\u0161kem. Delo oddelka Ravne na Koro\u0161kem tak\u0161nega kot je sedaj, ovira prostorska stiska, saj se oddelek ne more \u0161iriti oz. nuditi ob\u010danom \u0161e ve\u010d razli\u010dnih vrst izobra\u017eevanja, ki ga nudi u\u010dni na\u010drt za glasbene \u0161ole in za katere se dolo\u010deni star\u0161i zanimajo. Problematiko prostorske stiske sku\u0161amo na nek na\u010din re\u0161evati oz. omiliti s kombiniranjem kori\u0161\u010denja u\u010dilnice dveh u\u010diteljev in kombiniranjem urnikov, kar pa za vse predmete ni izvedljivo. U\u010denci oddelka Ravne na Koro\u0161kem in orkestri nastopajo in se predstavljajo na raznih prireditvah in koncertih, ki jih organizirajo razna dru\u0161tva v ob\u010dini in za potrebe ob\u010dine. Nekateri se v vi\u0161jih letnikih ali ob koncu glasbenega izobra\u017eevanja pridru\u017eijo Pihalnemu orkestru \u017eelezarjev Ravne, nekateri igrajo pri folklornih skupinah ali ustanavljajo svoje skupine, v katerih izvajajo glasbo razli\u010dnih zvrsti in \u017eanrov. Nekateri u\u010denci nadaljujejo in so nadaljevali svojo glasbeno izobra\u017eevanje na razli\u010dnih srednjih glasbenih \u0161olah in akademijah za glasbo doma in v tujini. Nekateri so danes \u017ee zelo dobro poznani in priznani pedagogi tako doma, kot tudi v tujin, solisti v raznih orkestrih ali celo svetovno priznani solisti. Oddelek Ravne na Koro\u0161kem pomembno in pozitivno vpliva na gledanje na glasbo, kot kulturno udejstvovanje in izra\u017eanje, ter bogati u\u010dence (mlaj\u0161o generacijo) s \u0161ir\u0161im pogledom na pojem \u00bbglasba\u00ab, predvsem pa jim z rednim delom oblikuje osebnostno rast in razvoj.<\/h5>\n<h5 style=\"text-align: justify\">LOKACIJA<br \/>\nGlasbena \u0161ola Ravne na Koro\u0161kem<br \/>\nJavornik 35<br \/>\nSI2390 RAVNE NA KORO\u0160KEM<\/h5>\n<h5 style=\"text-align: justify\">VODJA<br \/>\nNadja Ro\u0161er<\/h5>\n<h5 style=\"text-align: justify\"><strong>PREVALJE<\/strong><br \/>\nZa\u010detek pou\u010devanja na oddelku Prevalje sega v osemdeseta leta prej\u0161njega stoletja. Na pobudo u\u010diteljice Dorice Rebernik je tedanji ravnatelj g. Lojze Lipovnik dovolil, da je pri\u010dela s poukom nauka o glasbi na prevaljski osnovni \u0161oli. S tem dejanjem so u\u010dencem olaj\u0161ali obiskovanje glasbene \u0161ole. Kmalu je za\u010dela pou\u010devati \u0161e klavir. \u0160tevilo u\u010dencev je za\u010delo nara\u0161\u010dati, saj so bile mo\u017enosti za to vrsto izobra\u017eevanja bolj\u0161e kot prej. Mo\u010dna \u017eelja krajanov ter posluh ravnatelja je pripeljala do tega, da se je za\u010del oddelek \u0161iriti. Pou\u010devati se je za\u010delo \u0161e druge instrumente. Dosedanji ravnatelji so raz\u0161irili oddelek do te mere, da je prvi najve\u010dji za mati\u010dno \u0161olo. Danes skoraj ni instrumenta, ki se ne bi pou\u010deval na Prevaljah. Poleg nauka o glasbi in instrumenta lahko u\u010denci sodelujejo v raznih komornih sestavih. S svojimi glasbenimi to\u010dkami se predstavljajo na javnih nastopih, ki jih izvedemo v glasbeni u\u010dilnici osnovne \u0161ole in v Dru\u017ebenem domu na Prevaljah. V decembru priredimo dva tak\u0161na nastopa, marca pa enega. Vsak u\u010ditelj organizira med \u0161olskim letom tudi kak\u0161en interni nastop, na katerem igrajo njegovi u\u010denci. Nekateri u\u010denci se udele\u017eijo \u0161e drugih nastopov, ki jih organizira na\u0161a \u0161ola, spet drugi tekmovanj. Prostorsko stanje na oddelku se izbolj\u0161uje, saj smo v \u0161olskem letu 2014\/2015 za\u010deli s poukom v vrtcu, kjer imamo dve lastni u\u010dilnici za pou\u010devanje individualnega pouka. Vodstvo osnovne \u0161ole je za potrebe na\u0161e organizacije pouka vedno imelo posluh. Prostori v katerih pou\u010dujemo na osnovni \u0161oli pa \u017eal ne izpolnjujejo vseh standardov za kvalitetno izvedbo na\u0161ega dela. Problem predstavlja slaba zvo\u010dna izolacija med prostori; s hkratnim izvajanjem pouka zaradi tega motimo drug drugega. V prihodnosti upamo na izbolj\u0161anje stanja tudi v tej smeri.<\/h5>\n<h5 style=\"text-align: justify\">LOKACIJA<br \/>\nOsnovna \u0161ola Franja Goloba Prevalje<br \/>\nPolje 4<br \/>\nSI2391 Prevalje<\/h5>\n<h5 style=\"text-align: justify\">VODJA<br \/>\nRenata Mirkac<\/h5>\n<h5 style=\"text-align: justify\"><strong>ME\u017dICA<\/strong><br \/>\nOddelek Me\u017eica je Glasbena \u0161ola Ravne na Koro\u0161kem ustanovila pred dobrimi \u0161tirimi desetletji. Takrat je bil ravnatelj Glasbene \u0161ole g. Alojz Lipovnik. Potrebe po glasbenem izobra\u017eevanju otrok so v zgornji Me\u017ei\u0161ki dolini narekovale, da so takratni u\u010ditelji Glasbene \u0161ole Ravne pri\u010deli pou\u010devati na Osnovni \u0161oli Me\u017eica, kjer oddelek deluje \u0161e danes. Prvi u\u010ditelji na oddelku so bili g. Ivan Gradi\u0161ek, g. Marjan Maher in ga. Marjana Herman. Pou\u010devali so se razli\u010dni in\u0161trumenti in nauk o glasbi. \u0160tevilo otrok se je iz leta v leto pove\u010devalo, v povpre\u010dju pa se jih sedaj izobra\u017euje okrog petdeset. \u0160e pred odprtjem glasbenega oddelka Me\u017eica pa so pou\u010devali u\u010ditelji, ki so se ljubiteljsko ukvarjali z glasbo. V okviru Pihalnega orkestra Rudnika Me\u017eica je pou\u010deval takratni dirigent orkestra g. Edo Mauhler. V pomo\u010d sta mu bila \u0161e u\u010ditelja iz Raven na Koro\u0161kem, g. Pavel Arnold in g. Franc Mravljak. Pou\u010devali so se tudi drugi in\u0161trumenti in sicer g. Jo\u017ee Miklav\u017eina je pou\u010deval harmoniko in kasneje ga. Marika Dretnik citre. Vsi ti u\u010ditelji so bili v preteklosti zaslu\u017eni za glasbeno izobra\u017eevanje in za ves kulturni utrip v zgornji Me\u017ei\u0161ki dolini. Od samega za\u010detka pa vse do danes se je oddelek razvijal in napredoval. Imamo u\u010dence, ki s svojim delom in marljivostjo dosegajo odli\u010dne rezultate na regijskih in tudi dr\u017eavnih tekmovanjih. Veliko u\u010dencev sodeluje v orkestrih ali komornih skupinah. V kraju sodelujemo na razli\u010dnih nastopih tudi v okviru dru\u0161tev. U\u010denci se vklju\u010dujejo v razne druge glasbene skupine in dru\u0161tva, ki delujejo v kraju, najve\u010d med njimi se jih vklju\u010duje v Pihalni orkester Rudnika Me\u017eica.<\/h5>\n<h5>LOKACIJA<br \/>\nOsnovna \u0161ola Me\u017eica<br \/>\nPartizanska cesta 16<br \/>\nSI2392 Me\u017eica<\/h5>\n<h5 style=\"text-align: justify\">VODJA<br \/>\nDu\u0161an \u0160triker<\/h5>\n<h5 style=\"text-align: justify\"><strong>DRAVOGRAD<\/strong><br \/>\nV Dravogradu deluje Glasbena \u0161ola Ravne na Koro\u0161kem \u017ee od \u0161olskega leta 1973\/74 dalje. Oddelek je bil najprej na razli\u010dnih lokacijah: stara kinodvorana, pisarna Oskrbe pri banki, v stavbi IMONT-a. Nazadnje je oddelek dobil svoje stalne prostore v novem prizidku Osnovne \u0161ole Neznanih talcev. Ravnatelji so skozi vsa leta vzpodbujali delovanje oddelka, in tako je \u0161e danes. \u0160tevilni javni nastopi, zaklju\u010dni koncerti ter udele\u017ebe na tekmovanjih pa potrjujejo navdu\u0161enje u\u010dencev za glasbeno izobra\u017eevanje v Ob\u010dini Dravograd. U\u010ditelji, ki pou\u010dujejo na oddelku v enem \u0161olskem letu pripravijo tri nastope: Javni nastop decembra in marca ter Zaklju\u010dni nastop v maju. U\u010denci oddelka Dravograd veliko sodelujejo na razli\u010dnih prireditvah v kraju. Oddelek Dravograd je z vidnimi uspehi in s svojim delovanjem potrdil, da je nujno potreben v kraju.<\/h5>\n<h5>LOKACIJA<br \/>\nOsnovna \u0161ola Neznanih talcev Dravograd<br \/>\nTrg 4. julija 64<br \/>\nSI2370 Dravograd<\/h5>\n<h5 style=\"text-align: justify\">VODJA<br \/>\nAlenka Mori<\/h5>\n<h5 style=\"text-align: justify\"><strong>\u010cRNA NA KORO\u0160KEM<\/strong><br \/>\nOddelek \u010crna na Koro\u0161kem je najmlaj\u0161i oddelek na\u0161e glasbene \u0161ole. Nekatere instrumente tam pou\u010dujemo okoli 10 let, bolj pa se je oddelek razvil oz. raz\u0161iril pred petimi leti, ko smo tam za\u010deli pou\u010devati ve\u010dino instrumentov in tudi nekatere razrede Nauka o glasbi. Kljub temu, da je oddelek \u010crna najmlaj\u0161i in s tem tudi najmanj\u0161i oddelek na\u0161e \u0161ole, pa se lahko edini poleg mati\u010dne \u0161ole na Ravnah na Koro\u0161kem pohvalimo s svojimi prostori \u2013 v lanskem \u0161olskem letu (2009\/2010), ko so v \u010crni obnavljali osnovno \u0161olo in gradili prizidek, smo se uspeli dogovoriti, da ob gradnji dodelijo nekaj prostorov tudi glasbeni \u0161oli. Tako imamo sedaj za pou\u010devanje na voljo 2 kabineta (individualni pouk) ter eno ve\u010djo u\u010dilnico, kjer poteka pouk nauka o glasbi in klavirja. Vsi u\u010ditelji in u\u010denci smo z novimi prostori zelo zadovoljni in tudi sam pouk je sedaj mnogo la\u017eje organizirati, saj pri postavljanju urnikov nismo ve\u010d odvisni od urnika osnovne \u0161ole in od tega, katera u\u010dilnica bo kdaj prosta. Svoje instrumente in ostale u\u010dne pripomo\u010dke lahko varno shranjujemo ter so nam vedno pri roki, kar zelo olaj\u0161a priprave na pouk. Seveda pa upamo, da se bo s temi novimi prostori in ve\u010djo kvaliteto u\u010denja pove\u010dalo tudi zanimanje otrok iz ob\u010dine \u010crna na Koro\u0161kem za vpis v glasbeno \u0161olo in da se bo s\u010dasoma lahko oddelek nekoliko raz\u0161iril. Tako bomo tudi v \u010crni lahko pripravljali ve\u010d nastopov in ostalih glasbenih dejavnosti, u\u010denci bodo imeli ve\u010d so\u0161olcev, ki tudi obiskujejo glasbeno \u0161olo in s tem tudi ve\u010djo motivacijo za u\u010denje, vadbo, igranje in s tem \u2013 upamo \u2013 se bo na oddelku vztrajno izbolj\u0161eval nivo znanja in seveda \u2013 kar je najpomembnej\u0161e \u2013 veselje do glasbe.<\/h5>\n<h5 style=\"text-align: justify\">LOKACIJA<br \/>\nOsnovna \u0161ola \u010crna na Koro\u0161kem<br \/>\nCenter 142<br \/>\nSI2393 \u010crna na Koro\u0161kem<\/h5>\n<h5 style=\"text-align: justify\">VODJA<br \/>\nMarko Strm\u010dnik<\/h5>\n<h5 style=\"text-align: justify\">&nbsp;<\/h5>\n<h5 style=\"text-align: justify\">&nbsp;<\/h5>\n<h5 style=\"text-align: justify\">&nbsp;<\/h5>\n<h5 style=\"text-align: justify\">&nbsp;<\/h5>\n<h5 style=\"text-align: justify\">&nbsp;<\/h5>\n","protected":false},"excerpt":{"rendered":"<p>RAVNE NA KORO\u0160KEM Oddelek Ravne na Koro\u0161kem je mati\u010dni oddelek, na osnovi katerega so se kasneje gradili in razvijali ostali \u0161tirje oddelki \u0161ole. Oddelek deluje v svojih prostorih, ki se nahajajo v drugem nadstropju stavbe \u00bbOsnovne \u0161ole Koro\u0161ki jeklarji\u00ab in &hellip; <a href=\"https:\/\/www.gs-ravne.si\/?page_id=552\">Beri naprej <span class=\"meta-nav\">&rarr;<\/span><\/a><\/p>\n","protected":false},"author":2856,"featured_media":0,"parent":0,"menu_order":0,"comment_status":"closed","ping_status":"open","template":"","meta":{"ngg_post_thumbnail":0,"footnotes":""},"class_list":["post-552","page","type-page","status-publish","hentry"],"_links":{"self":[{"href":"https:\/\/www.gs-ravne.si\/index.php?rest_route=\/wp\/v2\/pages\/552","targetHints":{"allow":["GET"]}}],"collection":[{"href":"https:\/\/www.gs-ravne.si\/index.php?rest_route=\/wp\/v2\/pages"}],"about":[{"href":"https:\/\/www.gs-ravne.si\/index.php?rest_route=\/wp\/v2\/types\/page"}],"author":[{"embeddable":true,"href":"https:\/\/www.gs-ravne.si\/index.php?rest_route=\/wp\/v2\/users\/2856"}],"replies":[{"embeddable":true,"href":"https:\/\/www.gs-ravne.si\/index.php?rest_route=%2Fwp%2Fv2%2Fcomments&post=552"}],"version-history":[{"count":5,"href":"https:\/\/www.gs-ravne.si\/index.php?rest_route=\/wp\/v2\/pages\/552\/revisions"}],"predecessor-version":[{"id":4891,"href":"https:\/\/www.gs-ravne.si\/index.php?rest_route=\/wp\/v2\/pages\/552\/revisions\/4891"}],"wp:attachment":[{"href":"https:\/\/www.gs-ravne.si\/index.php?rest_route=%2Fwp%2Fv2%2Fmedia&parent=552"}],"curies":[{"name":"wp","href":"https:\/\/api.w.org\/{rel}","templated":true}]}}