{"id":556,"date":"2014-11-11T13:13:49","date_gmt":"2014-11-11T12:13:49","guid":{"rendered":"http:\/\/gs-ravne.splet.arnes.si\/?page_id=556"},"modified":"2024-09-25T13:30:13","modified_gmt":"2024-09-25T11:30:13","slug":"orkestri","status":"publish","type":"page","link":"https:\/\/www.gs-ravne.si\/?page_id=556","title":{"rendered":"Orkestri in skupine"},"content":{"rendered":"<h5 style=\"text-align: justify\"><strong>PIHALNI ORKESTER<\/strong><br \/>\nPihalni orkester glasbene \u0161ole Ravne na Koro\u0161kem je bil ustanovljen leta 1980. Triindvajset let ga je vodil g. Ivan Gradi\u0161ek, sedaj pa mu dirigira g. Gregor Kova\u010di\u010d. Potrebe pihalnih orkestrov v regiji in razvoj \u0161ole so narekovale hiter razvoj orkestra. Iz orkestra je iz\u0161lo mnogo odli\u010dnih glasbenikov, ki danes delujejo kot pedagogi v glasbenih \u0161olah in igrajo v profesionalnih slovenskih orkestrih. Poleg nastopanja po vsej Koro\u0161ki regiji, na avstrijskem Koro\u0161kem je njegovo delo zaznamovalo prvo mesto na tekmovanju leta 1984 v Mariboru. S koncertom leta 2005 v veliki dvorani Slovenske filharmonije pa je orkester navdu\u0161il poslu\u0161alce, kot tudi strokovno javnost. Pihalni orkester glasbene \u0161ole Ravne na Koro\u0161kem je leta 2007 v \u017dalcu na 27. tekmovanju pihalnih orkestrov Slovenije v 4. skupini prejel zlato medaljo s pohvalo. V istem letu je orkester gostoval na priznanem festivalu FIMU v Belfortu (Francija), in dvorani Union v okviru Festivala Lent v Mariboru, kjer je orkester navdu\u0161il. V letu 2008 je orkester na mednarodnem tekmovanju v Rivi del Garde (Italija) prejel absolutno tretje mesto v svoji kategoriji. Orkester nadaljuje s pripravami na koncerte in tekmovanja.<\/h5>\n<h5><em>vodja&nbsp;<\/em><br \/>\n<em> Gregor Kova\u010di\u010d <\/em><\/h5>\n<p>&nbsp;<\/p>\n<h5 style=\"text-align: justify\"><strong>GODALNI ORKESTER<\/strong><br \/>\nGodalni orkester je med orkestri na\u0161e \u0161ole najstarej\u0161i. Njegova ustanovitev sega v leto 1961, ko je u\u010dence godalnih instrumentov zdru\u017eil v majhen orkester tedanji ravnatelj g. Jo\u017ee Petrun. Kmalu so se godalom pridru\u017eili \u0161e drugi instrumenti in tako je godalni orkester postal \u0161olski simfoni\u010dni orkester, ki sta ga vodila takratna ravnatelja g Ivan Gradi\u0161ek in prof. Lojze Lipovnik. Nepozabni so bili skupni nastopi orkestra in \u0161olskega pevskega zbora, ki ga je nadvse uspe\u0161no vodila ga. Dorica Rebernik. Godalni orkester so v nadaljevanju uspe\u0161no vodili ga. Majda Gun\u017eer, g. Jo\u017ee Lesjak, prof. Aleksander Kozmanovski. Od za\u010detnih te\u017eavnih prvih korakov se je orkester razvijal, ideja je postala realnost, \u017eelja resni\u010dnost. A ne glede na to, kako te\u017eak je za\u010detek, je vztrajanje in ohranjanje kakovosti naloga, ki je \u0161e te\u017eja. Zahteva predanost, odrekanje in mo\u010dno voljo. Pisala se je zgodba o uspehu. Najbolj\u0161i so odhajali, pri\u0161li so novi. Koliko mladih generacij je gradilo to zgodbo!<\/h5>\n<h5 style=\"text-align: justify\">&nbsp;<\/h5>\n<p>&nbsp;<\/p>\n<h5 style=\"text-align: justify\"><strong>HARMONIKARSKI ORKESTER<\/strong><br \/>\nHarmonikarski orkester glasbene \u0161ole Ravne na Koro\u0161kem je bil ustanovljen v \u0161olskem letu 1972\/1973 in deloval do leta 1979. Prva leta so bila te\u017eja, saj ni bilo pogojev za normalno delo. Zaradi kadrovskih te\u017eav je orkester leta 1979 prenehal s svojim delovanjem. Ponovno pa se je orkester ustanovil v \u0161olskem letu 1995\/1996. Orkestru so dirigirali g. Avgust Pogorev\u010dnik, g. Julijan Burdzi in g. Borut Mori. Danes pa orkester vodi g. Jo\u017ee Mandl, u\u010ditelj harmonike in diatoni\u010dne harmonike na glasbeni \u0161oli Ravne na Koro\u0161kem. V orkester so vklju\u010deni u\u010denci in dijaki, ki so \u017ee kon\u010dali izobra\u017eevanje na glasbeni \u0161oli oz. glasbeno \u0161olo \u0161e obiskujejo. Namen orkestra je u\u010dencem prikazati igranje v komorni zasedbi, jih v tej smeri navdu\u0161iti, da po kon\u010danem \u0161olanju ni\u017eje stopnje ne prenehajo z igranjem in se izobra\u017eujejo \u0161e naprej. Program orkestra je pester in raznolik, od bluesa, popa, rocka, starih mojstrov, pa do doma\u010de narodne glasbe. V prihodnje se \u017eelimo udele\u017eiti kak\u0161ne revije orkestrov in \u010dim ve\u010d nastopati na najrazli\u010dnej\u0161ih prireditvah.<\/h5>\n<h5><i>vodja<\/i><br \/>\n<i>Veronika \u010cre\u0161nik \/ Slavko Lesnik<\/i><\/h5>\n<p>&nbsp;<\/p>\n<h5 style=\"text-align: justify\"><strong>KITARSKI ANSAMBEL<\/strong><br \/>\nKitarski ansambel je velika pridobitev na\u0161e \u0161ole, saj omogo\u010da u\u010dencem kitare razli\u010dne starosti skupno izobra\u017eevanje in dru\u017eenje skozi glasbo, kar pa je temeljna osnova za vsakega glasbenika. Ansambel je bil formalno ustanovljen v \u0161olskem letu 2010\/11, vendar pa na pobudo u\u010dencev ter u\u010ditelja Andreja Ofaka deluje \u017ee od leta 2008. Ansambel se loteva glasbe vseh zvrsti in \u017eanrov.<\/h5>\n<h5><em>vodja&nbsp;<\/em><br \/>\n<i>Andrej Ofak<\/i><\/h5>\n<p>&nbsp;<\/p>\n<h5 style=\"text-align: justify\"><strong>TOLKALNI ANSAMBEL<\/strong><br \/>\nNa \u0161oli \u017ee nekaj let uspe\u0161no deluje in se razvija oddelek tolkal. S hitrim razvojem tolkalnih instrumentov, se danes predstavlja tolkalni ansambel, ki na razli\u010dnih tolkalih izvaja glasbo s katero navdu\u0161uje razli\u010dne generacije ljudi. Po nekaj letih skupnega muziciranja, nastopanja na razli\u010dnih koncertih po Sloveniji, je danes sestavni del \u017ee skoraj vsakega ve\u010djega kulturnega dogodka na Koro\u0161kem. Program tolkalnega ansambla je zelo pester in raznovrsten, saj lahko zadovolji slehernega poslu\u0161alca, obsega skladbe sodobnih in modernih zvrsti glasbene umetnosti. V ansamblu igrajo tudi u\u010denci, ki so na tekmovanjih uspe\u0161no zastopali na\u0161o \u0161olo in dosegli zavidljive uspehe.<\/h5>\n<h5><em>vodja&nbsp;<\/em><br \/>\n<em> Davorin Jev\u0161nikar<\/em><\/h5>\n<p>&nbsp;<\/p>\n<p>&nbsp;<\/p>\n","protected":false},"excerpt":{"rendered":"<p>PIHALNI ORKESTER Pihalni orkester glasbene \u0161ole Ravne na Koro\u0161kem je bil ustanovljen leta 1980. Triindvajset let ga je vodil g. Ivan Gradi\u0161ek, sedaj pa mu dirigira g. Gregor Kova\u010di\u010d. Potrebe pihalnih orkestrov v regiji in razvoj \u0161ole so narekovale hiter &hellip; <a href=\"https:\/\/www.gs-ravne.si\/?page_id=556\">Beri naprej <span class=\"meta-nav\">&rarr;<\/span><\/a><\/p>\n","protected":false},"author":2856,"featured_media":0,"parent":0,"menu_order":0,"comment_status":"closed","ping_status":"open","template":"","meta":{"ngg_post_thumbnail":0,"footnotes":""},"class_list":["post-556","page","type-page","status-publish","hentry"],"_links":{"self":[{"href":"https:\/\/www.gs-ravne.si\/index.php?rest_route=\/wp\/v2\/pages\/556","targetHints":{"allow":["GET"]}}],"collection":[{"href":"https:\/\/www.gs-ravne.si\/index.php?rest_route=\/wp\/v2\/pages"}],"about":[{"href":"https:\/\/www.gs-ravne.si\/index.php?rest_route=\/wp\/v2\/types\/page"}],"author":[{"embeddable":true,"href":"https:\/\/www.gs-ravne.si\/index.php?rest_route=\/wp\/v2\/users\/2856"}],"replies":[{"embeddable":true,"href":"https:\/\/www.gs-ravne.si\/index.php?rest_route=%2Fwp%2Fv2%2Fcomments&post=556"}],"version-history":[{"count":9,"href":"https:\/\/www.gs-ravne.si\/index.php?rest_route=\/wp\/v2\/pages\/556\/revisions"}],"predecessor-version":[{"id":4889,"href":"https:\/\/www.gs-ravne.si\/index.php?rest_route=\/wp\/v2\/pages\/556\/revisions\/4889"}],"wp:attachment":[{"href":"https:\/\/www.gs-ravne.si\/index.php?rest_route=%2Fwp%2Fv2%2Fmedia&parent=556"}],"curies":[{"name":"wp","href":"https:\/\/api.w.org\/{rel}","templated":true}]}}