{"id":998,"date":"2015-12-17T10:05:03","date_gmt":"2015-12-17T09:05:03","guid":{"rendered":"http:\/\/gs-ravne.splet.arnes.si\/?page_id=998"},"modified":"2025-06-02T12:47:42","modified_gmt":"2025-06-02T10:47:42","slug":"video","status":"publish","type":"page","link":"https:\/\/www.gs-ravne.si\/?page_id=998","title":{"rendered":"Video"},"content":{"rendered":"<h5>19.05.2025 &#8211; <a href=\"https:\/\/youtu.be\/mMAkzTeleq4\">Zaklju\u010dni koncert orkestrov Glasbene \u0161ole Ravne na Koro\u0161kem<\/a><\/h5>\n<h5>23.04.2025 &#8211; <a href=\"https:\/\/youtu.be\/TF92fi7Fqi0\">Zaklju\u010dni koncert u\u010dencev Glasbene \u0161ole Ravne na Koro\u0161kem-oddelka Ravne in Prevalje<\/a><\/h5>\n<h5>15.04.2025 &#8211; <a href=\"https:\/\/www.youtube.com\/watch?v=XvIpBmTI09Y\">Zaklju\u010dni koncert u\u010dencev Glasbene \u0161ole Ravne na Koro\u0161kem-oddelka Dravograd<\/a><\/h5>\n<h5>23.04.2024 &#8211; <a href=\"https:\/\/www.youtube.com\/watch?v=LGSHrDtqlXY\">Zaklju\u010dni koncert u\u010dencev Glasbene \u0161ole Ravne na Koro\u0161kem-oddelek Dravograd<\/a><\/h5>\n<h5>24.05.2022 &#8211; <span class=\"style-scope yt-formatted-string\" dir=\"auto\"><a href=\"https:\/\/youtu.be\/TUpTDYtjJaQ\">Predstavitev Glasbene \u0161ole Ravne na Koro\u0161kem-klavir za za\u010detnike<\/a><\/span><\/h5>\n<h5>23.05.2022 &#8211; <a href=\"https:\/\/youtu.be\/3jPVLR-Kgzw\">Predstavitev Glasbene \u0161ole Ravne na Koro\u0161kem-komorna skupina citer<\/a><\/h5>\n<h5>20.05.2022 &#8211; <a href=\"https:\/\/youtu.be\/kvsx8rMuAEc\">Predstavitev Glasbene \u0161ole Ravne na Koro\u0161kem-pihalni orkester<\/a><\/h5>\n<h5>19.05.2022 &#8211; <a href=\"https:\/\/youtu.be\/qA5LJiPuOpo\">Predstavitev Glasbene \u0161ole Ravne na Koro\u0161kem-klavir<\/a><\/h5>\n<h5>18.05.2022 &#8211; <a href=\"https:\/\/youtu.be\/fIycLYOTuEo\">Predstavitev Glasbene \u0161ole Ravne na Koro\u0161kem-duo harmonik<\/a><\/h5>\n<h5>17.05.2022 &#8211; <a href=\"https:\/\/youtu.be\/ys48EZLXGEg\">Predstavitev Glasbene \u0161ole Ravne na Koro\u0161kem-kitarski orkester<\/a><\/h5>\n<h5>16.11.2021 &#8211; <a href=\"https:\/\/youtu.be\/L_ql4cSU5QE\">Javni nastop u\u010dencev Glasbene \u0161ole Ravne na Koro\u0161kem<\/a><\/h5>\n<h5>11.06.2021 &#8211; <a href=\"https:\/\/youtu.be\/WRAHh4lcK1U\" target=\"_blank\" rel=\"noopener noreferrer\">Nastop oddelka citer Glasbene \u0161ole Ravne na Koro\u0161kem<\/a><\/h5>\n<h5>08.06.2021 &#8211; <a href=\"https:\/\/youtu.be\/lu5FaNReTeM\" target=\"_blank\" rel=\"noopener noreferrer\">Koncert u\u010dencev Glasbene \u0161ole Ravne na Koro\u0161kem-oddelek Dravograd<\/a><\/h5>\n<h5>08.06.2021 &#8211; <a href=\"https:\/\/youtu.be\/c8zAzMyVByQ\" target=\"_blank\" rel=\"noopener noreferrer\">Nastop u\u010dencev Glasbene \u0161ole Ravne na Koro\u0161kem<\/a><\/h5>\n<h5>08.06.2021 &#8211; <a href=\"https:\/\/youtu.be\/AOt2Gx0rrh4\" target=\"_blank\" rel=\"noopener noreferrer\">Nastop pianistov Glasbene \u0161ole Ravne na Koro\u0161kem<\/a><\/h5>\n<h5>26.05.2021 &#8211; <a href=\"https:\/\/youtu.be\/bpC-lQmUokU\">Predstavitev Glasbene \u0161ole Ravne na Koro\u0161kem-pihalni orkester<\/a><\/h5>\n<h5>25.05.2021 &#8211; <a href=\"https:\/\/www.youtube.com\/watch?v=H_27MIX91ag\">Revija koro\u0161kih glasbenih \u0161ol<\/a><\/h5>\n<h5>25.05.2021 &#8211; <a href=\"https:\/\/youtu.be\/xzhsKKH5J30\">Predstavitev Glasbene \u0161ole Ravne na Koro\u0161kem-harmonikarski orkester<\/a><\/h5>\n<h5>21.05.2021 &#8211; <a href=\"https:\/\/youtu.be\/_WdPAolay9k\">Predstavitev Glasbene \u0161ole Ravne na Koro\u0161kem-klavir<\/a><\/h5>\n<h5>20.05.2021 &#8211; <a href=\"https:\/\/youtu.be\/rLg40iHJvTE\">Predstavitev Glasbene \u0161ole Ravne na Koro\u0161kem-pihala in tolkala<\/a><\/h5>\n<h5>19.05.2021 &#8211; <a href=\"https:\/\/youtu.be\/luQhn0LaqlE\">Predstavitev Glasbene \u0161ole Ravne na Koro\u0161kem-duet saksofonov<\/a><\/h5>\n<h5>18.05.2021 &#8211; <a href=\"https:\/\/youtu.be\/0lBnAXNVR0s\">Predstavitev Glasbene \u0161ole Ravne na Koro\u0161kem-tolkalni ansambel<\/a><\/h5>\n<h5>17.05.2021 &#8211; <a href=\"https:\/\/youtu.be\/XWrrjyOl4po\">Predstavitev Glasbene \u0161ole Ravne na Koro\u0161kem-duet kitar<\/a><\/h5>\n<h5>14.05.2021 &#8211; <a href=\"https:\/\/youtu.be\/lRcXY3HjYSI\">Rad bi igral, pa ne vem kje in kako za\u010deti? G\u0160 Ravne na Koro\u0161kem predstavlja&#8230;<\/a><\/h5>\n<h5>13.05.2021 &#8211; <a href=\"https:\/\/youtu.be\/8cOEeoTUPtg\">Predstavitev Glasbene \u0161ole Ravne na Koro\u0161kem-klavirska harmonika<\/a><\/h5>\n<h5>13.05.2021 &#8211; <a href=\"https:\/\/youtu.be\/4d66L9rDcEw\">Predstavitev Glasbene \u0161ole Ravne na Koro\u0161kem-citre<\/a><\/h5>\n<h5>12.05.2021 &#8211; <a href=\"https:\/\/youtu.be\/a2tJz88CHsY\">Predstavitev Glasbene \u0161ole Ravne na Koro\u0161kem-godala<\/a><\/h5>\n<h5>11.05.2021 &#8211; <a href=\"https:\/\/youtu.be\/9v7vvpWS73I\">Predstavitev Glasbene \u0161ole Ravne na Koro\u0161kem-trobila<\/a><\/h5>\n<h5>10.05.2021 &#8211; <a href=\"https:\/\/youtu.be\/ZyZTY4qYbIk\">Predstavitev Glasbene \u0161ole Ravne na Koro\u0161kem-kitarski orkester<\/a><\/h5>\n<h5>28.04.2021 &#8211; <a href=\"https:\/\/youtu.be\/FUarzGgjKrw\">Nastop pianistov Glasbene \u0161ole Ravne na Koro\u0161kem<\/a><\/h5>\n<h5>07.04.2021 &#8211; <a href=\"https:\/\/youtu.be\/pwUTJJtl8Ro\">Nastop u\u010dencev Glasbene \u0161ole Ravne na Koro\u0161kem oddelka Dravograd<\/a><\/h5>\n<h5>16.02.2021 &#8211; <a href=\"https:\/\/youtu.be\/zJtkemF_WR0\">Nastop trobilcev pod mentorstvom Sama Kolarja<\/a><\/h5>\n<h5>08.02.2021 &#8211; <a href=\"https:\/\/youtu.be\/Q8DCPFjEttc\">Revija glasbenih \u0161ol \u0160tajerske, Koro\u0161ke in Pomurja<\/a><\/h5>\n<h5>18.12.2020 &#8211; <a href=\"https:\/\/youtu.be\/psctCIiGGHM\">Bo\u017ei\u010dni koncert u\u010dencev G\u0160 Ravne na Koro\u0161kem oddelka Dravograd<\/a><\/h5>\n<h5>14.12.2020 &#8211; <a href=\"https:\/\/www.youtube.com\/watch?v=8za3DnFRPqU&amp;feature=youtu.be3\">Decembrski koncert u\u010dencev Glasbene \u0161ole Ravne na Koro\u0161kem<\/a><\/h5>\n<h5>20.5.2020 &#8211;<a href=\"https:\/\/drive.google.com\/file\/d\/1pc64DVjlGpPKWT1UzqVZLLjaUTfkbYGN\/view\" target=\"_blank\" rel=\"noopener noreferrer\">H\u00e4ndel: Music for the Royal Fireworks v izvedbi Matica Ro\u017ei\u010da&nbsp;<\/a><\/h5>\n<h5>31.03.2017 &#8211; <a href=\"http:\/\/4d.rtvslo.si\/arhiv\/porocila\/174463588\">objava rezultatov u\u010dencev G\u0160 Ravne na Koro\u0161kem v poro\u010dilih RTV SLO<\/a><\/h5>\n<h5>20.12.2016 &#8211; <a href=\"https:\/\/youtu.be\/EJz_sJ4d1ew\" target=\"_blank\" rel=\"noopener noreferrer\">Koncert simfoni\u010dnega orkestra Glasbene \u0161ole Ravne na Koro\u0161kem<\/a><\/h5>\n<h5>13.05.2016 &#8211; <a href=\"https:\/\/www.youtube.com\/watch?v=_Je4OXPbkpM\" target=\"_blank\" rel=\"noopener noreferrer\">60 let Glasbene \u0161ole Ravne na Koro\u0161kem-intro film<\/a><\/h5>\n<h5>13.05.2016 &#8211; <a href=\"https:\/\/youtu.be\/br44Nnoc2v0\" target=\"_blank\" rel=\"noopener noreferrer\">60 let Glasbene \u0161ole Ravne na Koro\u0161kem-film<\/a><\/h5>\n<h5>12.05.2016 &#8211; <a href=\"https:\/\/www.youtube.com\/watch?v=idcGBP_s6u4&amp;feature=youtu.be\" target=\"_blank\" rel=\"noopener noreferrer\">Zaklju\u010dni koncert oddelka Me\u017eica ob 60-letnici<\/a><\/h5>\n<h5>21.04.2016 &#8211; <a href=\"https:\/\/www.youtube.com\/watch?v=qbSlh1-seLc&amp;t=22s\" target=\"_blank\" rel=\"noopener noreferrer\">Sve\u010dani koncert ob 60-letnici Glasbene \u0161ole Ravne na Koro\u0161kem<\/a><\/h5>\n<h5>16.12.2015 &#8211; <a href=\"https:\/\/www.youtube.com\/watch?v=Rm12sxRrvQ8&amp;feature=youtu.be\" target=\"_blank\" rel=\"noopener noreferrer\">\u0160ola, da se ti zrola 2015\/16: Glasbena \u0161ola Ravne na Koro\u0161kem, 1. sklop<\/a><\/h5>\n<h5>05.09.2014 &#8211; <a href=\"https:\/\/www.youtube.com\/watch?v=Y4Pc6mufdkc\" target=\"_blank\" rel=\"noopener noreferrer\">Glasbena \u0161ola Ravne na Koro\u0161kem &#8211; promo video<\/a><\/h5>\n<h5>20.05.2014 &#8211; <a href=\"https:\/\/www.youtube.com\/watch?v=CMySRTN8WKg\" target=\"_blank\" rel=\"noopener noreferrer\">Zaklju\u010dni koncert orkestrov G\u0160 Ravne na Koro\u0161kem<\/a><\/h5>\n<h5>15.05.2014 &#8211; <a href=\"https:\/\/www.youtube.com\/watch?v=jYkAfJzDv30\" target=\"_blank\" rel=\"noopener noreferrer\">Zaklju\u010dni koncert u\u010dencev G\u0160 Ravne na Koro\u0161kem (oddelek Dravograd)<\/a><\/h5>\n<h5>24.04.2014 &#8211; <a href=\"https:\/\/www.youtube.com\/watch?v=--srSOPm2_o\" target=\"_blank\" rel=\"noopener noreferrer\">Zaklju\u010dni koncert u\u010dencev G\u0160 Ravne na Koro\u0161kem (oddelek Prevalje)<\/a><\/h5>\n<h5>23.04.2014 &#8211; <a href=\"https:\/\/www.youtube.com\/watch?v=hh7bGmt3hno\" target=\"_blank\" rel=\"noopener noreferrer\">Zaklju\u010dni koncert u\u010dencev G\u0160 Ravne na Koro\u0161kem (oddelek Me\u017eica)<\/a><\/h5>\n<h5>17.04.2014 &#8211; <a href=\"https:\/\/www.youtube.com\/watch?v=ZpphX40f3RY\" target=\"_blank\" rel=\"noopener noreferrer\">22. revija koro\u0161kih glasbenih \u0161ol (Slovenj Gradec)<\/a><\/h5>\n<h5>16.12.2013 &#8211; <a href=\"https:\/\/www.youtube.com\/watch?v=kXk3tcG6yaY\" target=\"_blank\" rel=\"noopener noreferrer\">Javni nastop u\u010dencev G\u0160 Ravne na Koro\u0161kem (oddelek Dravograd)<\/a><\/h5>\n<h5>09.04.2011 &#8211; <a href=\"https:\/\/www.youtube.com\/watch?v=8mYezrIZxx8\" target=\"_blank\" rel=\"noopener noreferrer\">1. tekmovanje mladinskih godb (PO G\u0160 Ravne na Koro\u0161kem) 3. del<\/a><\/h5>\n<h5>09.04.2011 &#8211; <a href=\"https:\/\/www.youtube.com\/watch?v=lfby9cmTldk\" target=\"_blank\" rel=\"noopener noreferrer\">1. tekmovanje mladinskih godb (PO G\u0160 Ravne na Koro\u0161kem) 2. del<\/a><\/h5>\n<h5>09.04.2011 &#8211; <a href=\"https:\/\/www.youtube.com\/watch?v=S5Abr-7i0lI\" target=\"_blank\" rel=\"noopener noreferrer\">1. tekmovanje mladinskih godb (PO G\u0160 Ravne na Koro\u0161kem) 1. del<\/a><\/h5>\n<h1 class=\"yt watch-title-container\"><span id=\"eow-title\" class=\"watch-title \" dir=\"ltr\" title=\"PO Glasbene sole Ravne na Koroskem Robert W. Smith ENCANTO.mp4\">&nbsp;<\/span><\/h1>\n","protected":false},"excerpt":{"rendered":"<p>19.05.2025 &#8211; Zaklju\u010dni koncert orkestrov Glasbene \u0161ole Ravne na Koro\u0161kem 23.04.2025 &#8211; Zaklju\u010dni koncert u\u010dencev Glasbene \u0161ole Ravne na Koro\u0161kem-oddelka Ravne in Prevalje 15.04.2025 &#8211; Zaklju\u010dni koncert u\u010dencev Glasbene \u0161ole Ravne na Koro\u0161kem-oddelka Dravograd 23.04.2024 &#8211; Zaklju\u010dni koncert u\u010dencev Glasbene &hellip; <a href=\"https:\/\/www.gs-ravne.si\/?page_id=998\">Beri naprej <span class=\"meta-nav\">&rarr;<\/span><\/a><\/p>\n","protected":false},"author":2856,"featured_media":0,"parent":0,"menu_order":0,"comment_status":"closed","ping_status":"closed","template":"","meta":{"ngg_post_thumbnail":0,"footnotes":""},"class_list":["post-998","page","type-page","status-publish","hentry"],"_links":{"self":[{"href":"https:\/\/www.gs-ravne.si\/index.php?rest_route=\/wp\/v2\/pages\/998","targetHints":{"allow":["GET"]}}],"collection":[{"href":"https:\/\/www.gs-ravne.si\/index.php?rest_route=\/wp\/v2\/pages"}],"about":[{"href":"https:\/\/www.gs-ravne.si\/index.php?rest_route=\/wp\/v2\/types\/page"}],"author":[{"embeddable":true,"href":"https:\/\/www.gs-ravne.si\/index.php?rest_route=\/wp\/v2\/users\/2856"}],"replies":[{"embeddable":true,"href":"https:\/\/www.gs-ravne.si\/index.php?rest_route=%2Fwp%2Fv2%2Fcomments&post=998"}],"version-history":[{"count":15,"href":"https:\/\/www.gs-ravne.si\/index.php?rest_route=\/wp\/v2\/pages\/998\/revisions"}],"predecessor-version":[{"id":5068,"href":"https:\/\/www.gs-ravne.si\/index.php?rest_route=\/wp\/v2\/pages\/998\/revisions\/5068"}],"wp:attachment":[{"href":"https:\/\/www.gs-ravne.si\/index.php?rest_route=%2Fwp%2Fv2%2Fmedia&parent=998"}],"curies":[{"name":"wp","href":"https:\/\/api.w.org\/{rel}","templated":true}]}}